{"id":16344,"date":"2021-04-18T17:31:29","date_gmt":"2021-04-18T16:31:29","guid":{"rendered":"https:\/\/mamaterra.lt\/parduotuve\/bez-kategorii\/doterra-on-guard-blend-olejkow-eterycznych-15ml\/"},"modified":"2021-04-18T17:31:29","modified_gmt":"2021-04-18T16:31:29","slug":"doterra-on-guard-mieszanka-olejkow-15ml","status":"publish","type":"product","link":"https:\/\/mamaterra.lt\/pl\/parduotuve\/olejki-eteryczne\/mieszanki-olejkow-eterycznych\/doterra-on-guard-mieszanka-olejkow-15ml\/","title":{"rendered":"doTERRA On Guard\u2122 Blend Olejk\u00f3w Eterycznych 15ml"},"content":{"rendered":"<p><strong>doTERRA On Guard\u2122 Mieszanka olejk\u00f3w eterycznych<\/strong><\/p>\n<p>15 ml<\/p>\n<p>&nbsp;<\/p>\n<p><strong>DoTERRA On Guard\u2122 Essential Oil Blend Opis i og\u00f3lne cechy:<\/strong><\/p>\n<p>Ze wzgl\u0119du na niezwykle przydatne w\u0142a\u015bciwo\u015bci jednej z najpopularniejszych mieszanek doTERRA, doTERRA On Guard powinna znale\u017a\u0107 si\u0119 w ka\u017cdym domu.<\/p>\n<p>Jest to silna, opatentowana mieszanka, kt\u00f3ra wspiera zdrowe funkcje odporno\u015bciowe, gdy jest stosowana wewn\u0119trznie * i ma w\u0142a\u015bciwo\u015bci oczyszczaj\u0105ce.<\/p>\n<ul>\n<li>Silny antyoksydant, wspiera naturalne funkcje uk\u0142adu odporno\u015bciowego<\/li>\n<li>Nadaje rozgrzewaj\u0105c\u0105 cytrusow\u0105 przypraw\u0119 gor\u0105cym napojom i deserom<\/li>\n<li>Energetyzuj\u0105cy i podnosz\u0105cy na duchu<\/li>\n<\/ul>\n<p><strong>Zastosowanie mieszanki olejk\u00f3w eterycznych doTERRA On Guard\u2122:<\/strong><\/p>\n<p><strong>U\u017cywany na wszystkie 3 sposoby:<\/strong> gotowany na parze, nak\u0142adany na sk\u00f3r\u0119 i stosowany do wewn\u0105trz<\/p>\n<ul>\n<li>Dodaj dwie lub trzy krople do pustej kapsu\u0142ki i pij, przygotowuj\u0105c si\u0119 do zimnych p\u00f3r roku.<\/li>\n<li>Wla\u0107 do wody, aby uzyska\u0107 skuteczny uniwersalny \u015brodek do czyszczenia powierzchni.<\/li>\n<li>Namocz pokrojone jab\u0142ka w wodzie z kilkoma kroplami, aby uzyska\u0107 zdrow\u0105, wzmacniaj\u0105c\u0105 przek\u0105sk\u0119.<\/li>\n<li>Wymieszaj kilka kropli doTERRA On Guard z frakcjonowanym olejem kokosowym &#8211; otrzymasz naturalny \u015brodek do mycia r\u0105k.<\/li>\n<\/ul>\n<p><strong>doTERRA On Guard\u2122 Inspiruj\u0105ca mieszanka olejk\u00f3w eterycznych Sk\u0142adniki:<\/strong><\/p>\n<p>Dzika pomara\u0144cza, go\u017adziki, cynamon chi\u0144ski, cynamon, eukaliptus, rozmaryn<\/p>\n<p>&nbsp;<\/p>\n<p>Wi\u0119cej informacji o <strong>doTERRA On Guard\u2122<\/strong><strong> <\/strong><strong>Mieszanin\u0119 olejk\u00f3w eterycznych <\/strong>znajdziesz w poni\u017cszym filmie.<\/p>\n<p><iframe title=\"Do czego s\u0142u\u017cy olejek eteryczny On Guard?\" src=\"https:\/\/www.youtube.com\/embed\/uBIWyCYwy30\" width=\"853\" height=\"480\" frameborder=\"0\" allowfullscreen=\"allowfullscreen\"><\/iframe><\/p>\n","protected":false},"excerpt":{"rendered":"<ul>\n<li>Wzmacnia naturalne funkcje uk\u0142adu odporno\u015bciowego<\/li>\n<li>Nadaje rozgrzewaj\u0105c\u0105 cytrusow\u0105 przypraw\u0119 gor\u0105cym napojom i deserom<\/li>\n<li>Energetyzuj\u0105cy i podnosz\u0105cy na duchu<\/li>\n<\/ul>\n","protected":false},"featured_media":12573,"template":"","meta":{"site-sidebar-layout":"default","site-content-layout":"default","ast-site-content-layout":"default","site-content-style":"default","site-sidebar-style":"default","ast-global-header-display":"","ast-banner-title-visibility":"","ast-main-header-display":"","ast-hfb-above-header-display":"","ast-hfb-below-header-display":"","ast-hfb-mobile-header-display":"","site-post-title":"","ast-breadcrumbs-content":"","ast-featured-img":"","footer-sml-layout":"","ast-disable-related-posts":"","theme-transparent-header-meta":"default","adv-header-id-meta":"","stick-header-meta":"","header-above-stick-meta":"","header-main-stick-meta":"","header-below-stick-meta":"","astra-migrate-meta-layouts":"default","ast-page-background-enabled":"default","ast-page-background-meta":{"desktop":{"background-color":"","background-image":"","background-repeat":"repeat","background-position":"center center","background-size":"auto","background-attachment":"scroll","background-type":"","background-media":"","overlay-type":"","overlay-color":"","overlay-opacity":"","overlay-gradient":""},"tablet":{"background-color":"","background-image":"","background-repeat":"repeat","background-position":"center center","background-size":"auto","background-attachment":"scroll","background-type":"","background-media":"","overlay-type":"","overlay-color":"","overlay-opacity":"","overlay-gradient":""},"mobile":{"background-color":"","background-image":"","background-repeat":"repeat","background-position":"center center","background-size":"auto","background-attachment":"scroll","background-type":"","background-media":"","overlay-type":"","overlay-color":"","overlay-opacity":"","overlay-gradient":""}},"ast-content-background-meta":{"desktop":{"background-color":"var(--ast-global-color-5)","background-image":"","background-repeat":"repeat","background-position":"center center","background-size":"auto","background-attachment":"scroll","background-type":"","background-media":"","overlay-type":"","overlay-color":"","overlay-opacity":"","overlay-gradient":""},"tablet":{"background-color":"var(--ast-global-color-5)","background-image":"","background-repeat":"repeat","background-position":"center center","background-size":"auto","background-attachment":"scroll","background-type":"","background-media":"","overlay-type":"","overlay-color":"","overlay-opacity":"","overlay-gradient":""},"mobile":{"background-color":"var(--ast-global-color-5)","background-image":"","background-repeat":"repeat","background-position":"center center","background-size":"auto","background-attachment":"scroll","background-type":"","background-media":"","overlay-type":"","overlay-color":"","overlay-opacity":"","overlay-gradient":""}}},"product_brand":[],"product_cat":[1702,1698,1747],"product_tag":[726,1535,1442,1578],"class_list":{"0":"post-16344","1":"product","2":"type-product","3":"status-publish","4":"has-post-thumbnail","6":"product_cat-mieszanki-olejkow-eterycznych","7":"product_cat-olejki-eteryczne","8":"product_cat-on-guard-produkty","9":"product_tag-15-ml-pl-2","10":"product_tag-mieszanki-olejkow-eterycznych","11":"product_tag-on-guard-pl","12":"product_tag-popularny","13":"desktop-align-left","14":"tablet-align-left","15":"mobile-align-left","17":"first","18":"instock","19":"sale","20":"featured","21":"taxable","22":"shipping-taxable","23":"purchasable","24":"product-type-simple"},"_links":{"self":[{"href":"https:\/\/mamaterra.lt\/pl\/wp-json\/wp\/v2\/product\/16344","targetHints":{"allow":["GET"]}}],"collection":[{"href":"https:\/\/mamaterra.lt\/pl\/wp-json\/wp\/v2\/product"}],"about":[{"href":"https:\/\/mamaterra.lt\/pl\/wp-json\/wp\/v2\/types\/product"}],"wp:featuredmedia":[{"embeddable":true,"href":"https:\/\/mamaterra.lt\/pl\/wp-json\/wp\/v2\/media\/12573"}],"wp:attachment":[{"href":"https:\/\/mamaterra.lt\/pl\/wp-json\/wp\/v2\/media?parent=16344"}],"wp:term":[{"taxonomy":"product_brand","embeddable":true,"href":"https:\/\/mamaterra.lt\/pl\/wp-json\/wp\/v2\/product_brand?post=16344"},{"taxonomy":"product_cat","embeddable":true,"href":"https:\/\/mamaterra.lt\/pl\/wp-json\/wp\/v2\/product_cat?post=16344"},{"taxonomy":"product_tag","embeddable":true,"href":"https:\/\/mamaterra.lt\/pl\/wp-json\/wp\/v2\/product_tag?post=16344"}],"curies":[{"name":"wp","href":"https:\/\/api.w.org\/{rel}","templated":true}]}}