{"id":16340,"date":"2021-04-18T17:33:24","date_gmt":"2021-04-18T16:33:24","guid":{"rendered":"https:\/\/mamaterra.lt\/parduotuve\/bez-kategorii\/doterra-passion-inspirujaca-mieszanka-olejkow-eterycznych-5ml\/"},"modified":"2021-04-18T17:33:24","modified_gmt":"2021-04-18T16:33:24","slug":"doterra-passion-inspiring-essential-oil-blend-5ml","status":"publish","type":"product","link":"https:\/\/mamaterra.lt\/pl\/parduotuve\/olejki-eteryczne\/mieszanki-olejkow-eterycznych\/doterra-passion-inspiring-essential-oil-blend-5ml\/","title":{"rendered":"doTERRA PASSION\u2122 Inspiruj\u0105ca Mieszanka Olejk\u00f3w Eterycznych 5ml"},"content":{"rendered":"<p><strong>doTERRA PASSION\u2122 Inspiruj\u0105ca mieszanka olejk\u00f3w eterycznych<\/strong><\/p>\n<p>5 ml<\/p>\n<p>&nbsp;<\/p>\n<p><strong>doTERRA PASSION\u2122 Inhalation Essential Oil Blend Opis i sk\u0142adniki:<\/strong><\/p>\n<p>Inspiruj\u0105ca mieszanka pikantnych i zio\u0142owych olejk\u00f3w eterycznych pomo\u017ce przywr\u00f3ci\u0107 ekscytacj\u0119 Twojemu \u017cyciu. Mieszanka doTERRA Passion pomo\u017ce Ci odkry\u0107 odwag\u0119, aby spr\u00f3bowa\u0107 czego\u015b nowego i nauczy\u0107 si\u0119 ponownie cieszy\u0107 wszystkimi wspania\u0142ymi rzeczami w swoim \u017cyciu.<\/p>\n<ul>\n<li>Tworzy wspania\u0142y aromat<\/li>\n<li>Wzmacnia pewno\u015b\u0107 siebie i daje si\u0142\u0119 emocjonaln\u0105<\/li>\n<li>Poprawia nastr\u00f3j i pomaga si\u0119 skoncentrowa\u0107<\/li>\n<\/ul>\n<p>&nbsp;<\/p>\n<p>Wi\u0119cej informacji o <strong>doTERRA PASSION\u2122 inspiruj\u0105ce<\/strong><strong> <\/strong><strong>Mieszanin\u0119 olejk\u00f3w eterycznych <\/strong>znajdziesz w poni\u017cszym filmie.<\/p>\n<p><iframe title=\"doTERRA Passion: Inspiruj\u0105ca mieszanka - Oleista edukacja - Jak u\u017cywa\u0107, co kocham w tym oleju\" src=\"https:\/\/www.youtube.com\/embed\/62x4JnnxLcw\" width=\"853\" height=\"480\" frameborder=\"0\" allowfullscreen=\"allowfullscreen\"><\/iframe><\/p>\n","protected":false},"excerpt":{"rendered":"<ul>\n<li>Tworzy wspania\u0142y aromat<\/li>\n<li>Wzmacnia pewno\u015b\u0107 siebie i daje si\u0142\u0119 emocjonaln\u0105<\/li>\n<li>Poprawia nastr\u00f3j i pomaga si\u0119 skoncentrowa\u0107<\/li>\n<\/ul>\n","protected":false},"featured_media":12678,"template":"","meta":{"site-sidebar-layout":"default","site-content-layout":"default","ast-site-content-layout":"default","site-content-style":"default","site-sidebar-style":"default","ast-global-header-display":"","ast-banner-title-visibility":"","ast-main-header-display":"","ast-hfb-above-header-display":"","ast-hfb-below-header-display":"","ast-hfb-mobile-header-display":"","site-post-title":"","ast-breadcrumbs-content":"","ast-featured-img":"","footer-sml-layout":"","ast-disable-related-posts":"","theme-transparent-header-meta":"default","adv-header-id-meta":"","stick-header-meta":"","header-above-stick-meta":"","header-main-stick-meta":"","header-below-stick-meta":"","astra-migrate-meta-layouts":"default","ast-page-background-enabled":"default","ast-page-background-meta":{"desktop":{"background-color":"","background-image":"","background-repeat":"repeat","background-position":"center center","background-size":"auto","background-attachment":"scroll","background-type":"","background-media":"","overlay-type":"","overlay-color":"","overlay-opacity":"","overlay-gradient":""},"tablet":{"background-color":"","background-image":"","background-repeat":"repeat","background-position":"center center","background-size":"auto","background-attachment":"scroll","background-type":"","background-media":"","overlay-type":"","overlay-color":"","overlay-opacity":"","overlay-gradient":""},"mobile":{"background-color":"","background-image":"","background-repeat":"repeat","background-position":"center center","background-size":"auto","background-attachment":"scroll","background-type":"","background-media":"","overlay-type":"","overlay-color":"","overlay-opacity":"","overlay-gradient":""}},"ast-content-background-meta":{"desktop":{"background-color":"var(--ast-global-color-5)","background-image":"","background-repeat":"repeat","background-position":"center center","background-size":"auto","background-attachment":"scroll","background-type":"","background-media":"","overlay-type":"","overlay-color":"","overlay-opacity":"","overlay-gradient":""},"tablet":{"background-color":"var(--ast-global-color-5)","background-image":"","background-repeat":"repeat","background-position":"center center","background-size":"auto","background-attachment":"scroll","background-type":"","background-media":"","overlay-type":"","overlay-color":"","overlay-opacity":"","overlay-gradient":""},"mobile":{"background-color":"var(--ast-global-color-5)","background-image":"","background-repeat":"repeat","background-position":"center center","background-size":"auto","background-attachment":"scroll","background-type":"","background-media":"","overlay-type":"","overlay-color":"","overlay-opacity":"","overlay-gradient":""}}},"product_brand":[],"product_cat":[1702,1698],"product_tag":[713,1535,1453],"class_list":{"0":"post-16340","1":"product","2":"type-product","3":"status-publish","4":"has-post-thumbnail","6":"product_cat-mieszanki-olejkow-eterycznych","7":"product_cat-olejki-eteryczne","8":"product_tag-5-ml-pl-2","9":"product_tag-mieszanki-olejkow-eterycznych","10":"product_tag-passion-pl","11":"desktop-align-left","12":"tablet-align-left","13":"mobile-align-left","15":"first","16":"instock","17":"sale","18":"taxable","19":"shipping-taxable","20":"purchasable","21":"product-type-simple"},"_links":{"self":[{"href":"https:\/\/mamaterra.lt\/pl\/wp-json\/wp\/v2\/product\/16340","targetHints":{"allow":["GET"]}}],"collection":[{"href":"https:\/\/mamaterra.lt\/pl\/wp-json\/wp\/v2\/product"}],"about":[{"href":"https:\/\/mamaterra.lt\/pl\/wp-json\/wp\/v2\/types\/product"}],"wp:featuredmedia":[{"embeddable":true,"href":"https:\/\/mamaterra.lt\/pl\/wp-json\/wp\/v2\/media\/12678"}],"wp:attachment":[{"href":"https:\/\/mamaterra.lt\/pl\/wp-json\/wp\/v2\/media?parent=16340"}],"wp:term":[{"taxonomy":"product_brand","embeddable":true,"href":"https:\/\/mamaterra.lt\/pl\/wp-json\/wp\/v2\/product_brand?post=16340"},{"taxonomy":"product_cat","embeddable":true,"href":"https:\/\/mamaterra.lt\/pl\/wp-json\/wp\/v2\/product_cat?post=16340"},{"taxonomy":"product_tag","embeddable":true,"href":"https:\/\/mamaterra.lt\/pl\/wp-json\/wp\/v2\/product_tag?post=16340"}],"curies":[{"name":"wp","href":"https:\/\/api.w.org\/{rel}","templated":true}]}}