{"id":16331,"date":"2021-04-18T17:42:06","date_gmt":"2021-04-18T16:42:06","guid":{"rendered":"https:\/\/mamaterra.lt\/parduotuve\/bez-kategorii\/zendocrine-forces-regenerative-doterra-blend-olejkow-eterycznych-15ml\/"},"modified":"2021-04-18T17:42:06","modified_gmt":"2021-04-18T16:42:06","slug":"zendocrine-jegas-restorative-doterra-olejek-mizoginia-15ml","status":"publish","type":"product","link":"https:\/\/mamaterra.lt\/pl\/parduotuve\/olejki-eteryczne\/mieszanki-olejkow-eterycznych\/zendocrine-jegas-restorative-doterra-olejek-mizoginia-15ml\/","title":{"rendered":"Zendocrine\u2122 Forces Regenerative Doterra Blend olejk\u00f3w eterycznych 15ml"},"content":{"rendered":"<p><strong>Zendocrine\u2122 Forces Regenerative Doterra Essential Oil Blend<\/strong><\/p>\n<p>15 ml<\/p>\n<p>&nbsp;<\/p>\n<p><strong>Zendocrine\u2122 Forces Regenerative Doterra Essential Oil Blend Opis i sk\u0142ad:<\/strong><\/p>\n<p>Wzmacniaj\u0105ca si\u0142\u0119 mieszanka Zendocrine zwi\u0119ksza naturaln\u0105 zdolno\u015b\u0107 organizmu do usuwania niepo\u017c\u0105danych substancji.<\/p>\n<ul>\n<li>\u0141\u0105czy w sobie dobre w\u0142a\u015bciwo\u015bci olejk\u00f3w eterycznych z rozmarynu, li\u015bci kolendry i jag\u00f3d ja\u0142owca<\/li>\n<li>Stosowany codziennie ma wyj\u0105tkowe dzia\u0142anie oczyszczaj\u0105ce<\/li>\n<li>Wzmacnia zdolno\u015b\u0107 organizmu do usuwania niepo\u017c\u0105danych substancji<\/li>\n<\/ul>\n<p>&nbsp;<\/p>\n<p>Wi\u0119cej informacji o <strong>przywracaj\u0105cym moc doTERRA Zendocrine\u2122<\/strong><strong> <\/strong><strong>Mieszanin\u0119 olejk\u00f3w eterycznych <\/strong>znajdziesz w poni\u017cszym filmie.<\/p>\n<p><iframe title=\"Oczyszczanie za pomoc\u0105 Zendocrine\" src=\"https:\/\/www.youtube.com\/embed\/cWLgzLxjgtI\" width=\"853\" height=\"480\" frameborder=\"0\" allowfullscreen=\"allowfullscreen\"><\/iframe><\/p>\n","protected":false},"excerpt":{"rendered":"<ul>\n<li>\u0141\u0105czy w sobie dobre w\u0142a\u015bciwo\u015bci olejk\u00f3w eterycznych z rozmarynu, li\u015bci kolendry i jag\u00f3d ja\u0142owca<\/li>\n<li>Stosowany codziennie ma wyj\u0105tkowe dzia\u0142anie oczyszczaj\u0105ce<\/li>\n<li>Wzmacnia zdolno\u015b\u0107 organizmu do usuwania niepo\u017c\u0105danych substancji<\/li>\n<\/ul>\n","protected":false},"featured_media":12306,"template":"","meta":{"site-sidebar-layout":"default","site-content-layout":"default","ast-site-content-layout":"default","site-content-style":"default","site-sidebar-style":"default","ast-global-header-display":"","ast-banner-title-visibility":"","ast-main-header-display":"","ast-hfb-above-header-display":"","ast-hfb-below-header-display":"","ast-hfb-mobile-header-display":"","site-post-title":"","ast-breadcrumbs-content":"","ast-featured-img":"","footer-sml-layout":"","ast-disable-related-posts":"","theme-transparent-header-meta":"default","adv-header-id-meta":"","stick-header-meta":"","header-above-stick-meta":"","header-main-stick-meta":"","header-below-stick-meta":"","astra-migrate-meta-layouts":"default","ast-page-background-enabled":"default","ast-page-background-meta":{"desktop":{"background-color":"","background-image":"","background-repeat":"repeat","background-position":"center center","background-size":"auto","background-attachment":"scroll","background-type":"","background-media":"","overlay-type":"","overlay-color":"","overlay-opacity":"","overlay-gradient":""},"tablet":{"background-color":"","background-image":"","background-repeat":"repeat","background-position":"center center","background-size":"auto","background-attachment":"scroll","background-type":"","background-media":"","overlay-type":"","overlay-color":"","overlay-opacity":"","overlay-gradient":""},"mobile":{"background-color":"","background-image":"","background-repeat":"repeat","background-position":"center center","background-size":"auto","background-attachment":"scroll","background-type":"","background-media":"","overlay-type":"","overlay-color":"","overlay-opacity":"","overlay-gradient":""}},"ast-content-background-meta":{"desktop":{"background-color":"var(--ast-global-color-5)","background-image":"","background-repeat":"repeat","background-position":"center center","background-size":"auto","background-attachment":"scroll","background-type":"","background-media":"","overlay-type":"","overlay-color":"","overlay-opacity":"","overlay-gradient":""},"tablet":{"background-color":"var(--ast-global-color-5)","background-image":"","background-repeat":"repeat","background-position":"center center","background-size":"auto","background-attachment":"scroll","background-type":"","background-media":"","overlay-type":"","overlay-color":"","overlay-opacity":"","overlay-gradient":""},"mobile":{"background-color":"var(--ast-global-color-5)","background-image":"","background-repeat":"repeat","background-position":"center center","background-size":"auto","background-attachment":"scroll","background-type":"","background-media":"","overlay-type":"","overlay-color":"","overlay-opacity":"","overlay-gradient":""}}},"product_brand":[],"product_cat":[1702,1698],"product_tag":[726,1535,902],"class_list":{"0":"post-16331","1":"product","2":"type-product","3":"status-publish","4":"has-post-thumbnail","6":"product_cat-mieszanki-olejkow-eterycznych","7":"product_cat-olejki-eteryczne","8":"product_tag-15-ml-pl-2","9":"product_tag-mieszanki-olejkow-eterycznych","10":"product_tag-zendocrine-pl","11":"desktop-align-left","12":"tablet-align-left","13":"mobile-align-left","15":"first","16":"instock","17":"taxable","18":"shipping-taxable","19":"purchasable","20":"product-type-simple"},"_links":{"self":[{"href":"https:\/\/mamaterra.lt\/pl\/wp-json\/wp\/v2\/product\/16331","targetHints":{"allow":["GET"]}}],"collection":[{"href":"https:\/\/mamaterra.lt\/pl\/wp-json\/wp\/v2\/product"}],"about":[{"href":"https:\/\/mamaterra.lt\/pl\/wp-json\/wp\/v2\/types\/product"}],"wp:featuredmedia":[{"embeddable":true,"href":"https:\/\/mamaterra.lt\/pl\/wp-json\/wp\/v2\/media\/12306"}],"wp:attachment":[{"href":"https:\/\/mamaterra.lt\/pl\/wp-json\/wp\/v2\/media?parent=16331"}],"wp:term":[{"taxonomy":"product_brand","embeddable":true,"href":"https:\/\/mamaterra.lt\/pl\/wp-json\/wp\/v2\/product_brand?post=16331"},{"taxonomy":"product_cat","embeddable":true,"href":"https:\/\/mamaterra.lt\/pl\/wp-json\/wp\/v2\/product_cat?post=16331"},{"taxonomy":"product_tag","embeddable":true,"href":"https:\/\/mamaterra.lt\/pl\/wp-json\/wp\/v2\/product_tag?post=16331"}],"curies":[{"name":"wp","href":"https:\/\/api.w.org\/{rel}","templated":true}]}}