{"id":16330,"date":"2021-04-18T17:43:07","date_gmt":"2021-04-18T16:43:07","guid":{"rendered":"https:\/\/mamaterra.lt\/parduotuve\/bez-kategorii\/doterra-zengest-wspomagajaca-mieszanka-olejkow-eterycznych-15ml\/"},"modified":"2021-04-18T17:43:07","modified_gmt":"2021-04-18T16:43:07","slug":"doterra-zengest-supportive-essential-oil-misogyny-15ml","status":"publish","type":"product","link":"https:\/\/mamaterra.lt\/pl\/parduotuve\/olejki-eteryczne\/mieszanki-olejkow-eterycznych\/doterra-zengest-supportive-essential-oil-misogyny-15ml\/","title":{"rendered":"doTERRA ZenGest\u2122 Wspomagaj\u0105ca Mieszanka Olejk\u00f3w Eterycznych 15ml"},"content":{"rendered":"<p><strong>doTERRA ZenGest\u2122 Wspieraj\u0105ca mieszank\u0119 olejk\u00f3w eterycznych<\/strong><\/p>\n<p>15 ml<\/p>\n<p>&nbsp;<\/p>\n<p><strong>DoTERRA ZenGest\u2122 Essential Oil Blend Opis i sk\u0142adniki:<\/strong><\/p>\n<p>Mieszanka doTERRA ZenGest, charakteryzuj\u0105ca si\u0119 pozytywnym wp\u0142ywem na zdrowie przewodu \u017co\u0142\u0105dkowo-jelitowego. Dzia\u0142anie przeciwb\u00f3lowe tego oleju mo\u017ce pom\u00f3c pozby\u0107 si\u0119 nieprzyjemnego uczucia w \u017co\u0142\u0105dku.<\/p>\n<ul>\n<li>Utrzymuje zdrowy stan uk\u0142adu pokarmowego<\/li>\n<li>\u0141agodzi gorzkie nieprzyjemne uczucie w \u017co\u0142\u0105dku<\/li>\n<li>Stosowany na brzuch ZenGest \u0142agodzi b\u00f3l i nieprzyjemne uczucie w \u017co\u0142\u0105dku<\/li>\n<\/ul>\n<p>&nbsp;<\/p>\n<p>Wi\u0119cej informacji o <strong>doTERRA ZenGest\u2122<\/strong><strong> <\/strong><strong>Mieszanin\u0119 olejk\u00f3w eterycznych <\/strong>znajdziesz w poni\u017cszym filmie.<\/p>\n<p><iframe title=\"doTERRA ZenGest Essential Oil Blend-DEOWA Academy Group\" src=\"https:\/\/www.youtube.com\/embed\/6dC8cvCTh4Q\" width=\"853\" height=\"480\" frameborder=\"0\" allowfullscreen=\"allowfullscreen\"><\/iframe><\/p>\n","protected":false},"excerpt":{"rendered":"<ul>\n<li>Utrzymuje zdrowy stan uk\u0142adu pokarmowego<\/li>\n<li>\u0141agodzi gorzkie nieprzyjemne uczucie w \u017co\u0142\u0105dku<\/li>\n<li>Stosowany na brzuch ZenGest \u0142agodzi b\u00f3l i nieprzyjemne uczucie w \u017co\u0142\u0105dku<\/li>\n<\/ul>\n","protected":false},"featured_media":12489,"template":"","meta":{"site-sidebar-layout":"default","site-content-layout":"default","ast-site-content-layout":"default","site-content-style":"default","site-sidebar-style":"default","ast-global-header-display":"","ast-banner-title-visibility":"","ast-main-header-display":"","ast-hfb-above-header-display":"","ast-hfb-below-header-display":"","ast-hfb-mobile-header-display":"","site-post-title":"","ast-breadcrumbs-content":"","ast-featured-img":"","footer-sml-layout":"","ast-disable-related-posts":"","theme-transparent-header-meta":"default","adv-header-id-meta":"","stick-header-meta":"","header-above-stick-meta":"","header-main-stick-meta":"","header-below-stick-meta":"","astra-migrate-meta-layouts":"default","ast-page-background-enabled":"default","ast-page-background-meta":{"desktop":{"background-color":"","background-image":"","background-repeat":"repeat","background-position":"center center","background-size":"auto","background-attachment":"scroll","background-type":"","background-media":"","overlay-type":"","overlay-color":"","overlay-opacity":"","overlay-gradient":""},"tablet":{"background-color":"","background-image":"","background-repeat":"repeat","background-position":"center center","background-size":"auto","background-attachment":"scroll","background-type":"","background-media":"","overlay-type":"","overlay-color":"","overlay-opacity":"","overlay-gradient":""},"mobile":{"background-color":"","background-image":"","background-repeat":"repeat","background-position":"center center","background-size":"auto","background-attachment":"scroll","background-type":"","background-media":"","overlay-type":"","overlay-color":"","overlay-opacity":"","overlay-gradient":""}},"ast-content-background-meta":{"desktop":{"background-color":"var(--ast-global-color-5)","background-image":"","background-repeat":"repeat","background-position":"center center","background-size":"auto","background-attachment":"scroll","background-type":"","background-media":"","overlay-type":"","overlay-color":"","overlay-opacity":"","overlay-gradient":""},"tablet":{"background-color":"var(--ast-global-color-5)","background-image":"","background-repeat":"repeat","background-position":"center center","background-size":"auto","background-attachment":"scroll","background-type":"","background-media":"","overlay-type":"","overlay-color":"","overlay-opacity":"","overlay-gradient":""},"mobile":{"background-color":"var(--ast-global-color-5)","background-image":"","background-repeat":"repeat","background-position":"center center","background-size":"auto","background-attachment":"scroll","background-type":"","background-media":"","overlay-type":"","overlay-color":"","overlay-opacity":"","overlay-gradient":""}}},"product_brand":[],"product_cat":[1702,1698,1758],"product_tag":[726,1535,1578,1414],"class_list":{"0":"post-16330","1":"product","2":"type-product","3":"status-publish","4":"has-post-thumbnail","6":"product_cat-mieszanki-olejkow-eterycznych","7":"product_cat-olejki-eteryczne","8":"product_cat-trawienie","9":"product_tag-15-ml-pl-2","10":"product_tag-mieszanki-olejkow-eterycznych","11":"product_tag-popularny","12":"product_tag-zengest-pl","13":"desktop-align-left","14":"tablet-align-left","15":"mobile-align-left","17":"first","18":"instock","19":"taxable","20":"shipping-taxable","21":"purchasable","22":"product-type-simple"},"_links":{"self":[{"href":"https:\/\/mamaterra.lt\/pl\/wp-json\/wp\/v2\/product\/16330","targetHints":{"allow":["GET"]}}],"collection":[{"href":"https:\/\/mamaterra.lt\/pl\/wp-json\/wp\/v2\/product"}],"about":[{"href":"https:\/\/mamaterra.lt\/pl\/wp-json\/wp\/v2\/types\/product"}],"wp:featuredmedia":[{"embeddable":true,"href":"https:\/\/mamaterra.lt\/pl\/wp-json\/wp\/v2\/media\/12489"}],"wp:attachment":[{"href":"https:\/\/mamaterra.lt\/pl\/wp-json\/wp\/v2\/media?parent=16330"}],"wp:term":[{"taxonomy":"product_brand","embeddable":true,"href":"https:\/\/mamaterra.lt\/pl\/wp-json\/wp\/v2\/product_brand?post=16330"},{"taxonomy":"product_cat","embeddable":true,"href":"https:\/\/mamaterra.lt\/pl\/wp-json\/wp\/v2\/product_cat?post=16330"},{"taxonomy":"product_tag","embeddable":true,"href":"https:\/\/mamaterra.lt\/pl\/wp-json\/wp\/v2\/product_tag?post=16330"}],"curies":[{"name":"wp","href":"https:\/\/api.w.org\/{rel}","templated":true}]}}