{"id":16319,"date":"2021-04-18T17:40:11","date_gmt":"2021-04-18T16:40:11","guid":{"rendered":"https:\/\/mamaterra.lt\/parduotuve\/bez-kategorii\/spray-doterra-terrashield-na-pole-30ml\/"},"modified":"2021-04-18T17:40:11","modified_gmt":"2021-04-18T16:40:11","slug":"opryskiwacz-doterra-terrashield-field-30ml","status":"publish","type":"product","link":"https:\/\/mamaterra.lt\/pl\/parduotuve\/olejki-eteryczne\/mieszanki-olejkow-eterycznych\/opryskiwacz-doterra-terrashield-field-30ml\/","title":{"rendered":"Spray doTERRA TerraShield\u2122 Na pole 30ml"},"content":{"rendered":"<p><strong>Spray doTERRA TerraShield\u2122 na pole<\/strong><\/p>\n<p>30 ml<\/p>\n<p>&nbsp;<\/p>\n<p><strong>DoTERRA TerraShield\u2122 Spray Opis i sk\u0142adniki:<\/strong><\/p>\n<p>TerraShield spray \u0142\u0105czy olejki eteryczne, kt\u00f3re s\u0105 znane ze swojej ochrony na zewn\u0105trz. Jest to naturalny i skuteczny olej do aktywno\u015bci na \u015bwie\u017cym powietrzu.<\/p>\n<ul>\n<li>Pe\u0142ni funkcj\u0119 naturalnej i skutecznej bariery<\/li>\n<li>Zapewnia naturaln\u0105 ochron\u0119 na zewn\u0105trz<\/li>\n<li>Spray TerraShield w wygodnej butelce z rozpylaczem jest wygodny w ka\u017cdym miejscu<\/li>\n<\/ul>\n<p>&nbsp;<\/p>\n<p>Wi\u0119cej informacji o <strong>doTERRA TerraShield\u2122<\/strong><strong> <\/strong><strong>Spray na pole <\/strong>znajdziesz w poni\u017cszym filmie.<\/p>\n<p><iframe title=\"d\u014dTERRA Terrashield Spray\" src=\"https:\/\/www.youtube.com\/embed\/n-7NbYSwSPY\" width=\"853\" height=\"480\" frameborder=\"0\" allowfullscreen=\"allowfullscreen\"><\/iframe><\/p>\n","protected":false},"excerpt":{"rendered":"<ul>\n<li>Pe\u0142ni funkcj\u0119 naturalnej i skutecznej bariery<\/li>\n<li>Zapewnia naturaln\u0105 ochron\u0119 na zewn\u0105trz<\/li>\n<li>Spray TerraShield w wygodnej butelce z rozpylaczem jest wygodny w ka\u017cdym miejscu<\/li>\n<\/ul>\n","protected":false},"featured_media":12546,"template":"","meta":{"site-sidebar-layout":"default","site-content-layout":"default","ast-site-content-layout":"default","site-content-style":"default","site-sidebar-style":"default","ast-global-header-display":"","ast-banner-title-visibility":"","ast-main-header-display":"","ast-hfb-above-header-display":"","ast-hfb-below-header-display":"","ast-hfb-mobile-header-display":"","site-post-title":"","ast-breadcrumbs-content":"","ast-featured-img":"","footer-sml-layout":"","ast-disable-related-posts":"","theme-transparent-header-meta":"default","adv-header-id-meta":"","stick-header-meta":"","header-above-stick-meta":"","header-main-stick-meta":"","header-below-stick-meta":"","astra-migrate-meta-layouts":"default","ast-page-background-enabled":"default","ast-page-background-meta":{"desktop":{"background-color":"","background-image":"","background-repeat":"repeat","background-position":"center center","background-size":"auto","background-attachment":"scroll","background-type":"","background-media":"","overlay-type":"","overlay-color":"","overlay-opacity":"","overlay-gradient":""},"tablet":{"background-color":"","background-image":"","background-repeat":"repeat","background-position":"center center","background-size":"auto","background-attachment":"scroll","background-type":"","background-media":"","overlay-type":"","overlay-color":"","overlay-opacity":"","overlay-gradient":""},"mobile":{"background-color":"","background-image":"","background-repeat":"repeat","background-position":"center center","background-size":"auto","background-attachment":"scroll","background-type":"","background-media":"","overlay-type":"","overlay-color":"","overlay-opacity":"","overlay-gradient":""}},"ast-content-background-meta":{"desktop":{"background-color":"var(--ast-global-color-5)","background-image":"","background-repeat":"repeat","background-position":"center center","background-size":"auto","background-attachment":"scroll","background-type":"","background-media":"","overlay-type":"","overlay-color":"","overlay-opacity":"","overlay-gradient":""},"tablet":{"background-color":"var(--ast-global-color-5)","background-image":"","background-repeat":"repeat","background-position":"center center","background-size":"auto","background-attachment":"scroll","background-type":"","background-media":"","overlay-type":"","overlay-color":"","overlay-opacity":"","overlay-gradient":""},"mobile":{"background-color":"var(--ast-global-color-5)","background-image":"","background-repeat":"repeat","background-position":"center center","background-size":"auto","background-attachment":"scroll","background-type":"","background-media":"","overlay-type":"","overlay-color":"","overlay-opacity":"","overlay-gradient":""}}},"product_brand":[],"product_cat":[1702,1698],"product_tag":[757,1535,1587,913],"class_list":{"0":"post-16319","1":"product","2":"type-product","3":"status-publish","4":"has-post-thumbnail","6":"product_cat-mieszanki-olejkow-eterycznych","7":"product_cat-olejki-eteryczne","8":"product_tag-30-ml-pl","9":"product_tag-mieszanki-olejkow-eterycznych","10":"product_tag-opryskiwacz","11":"product_tag-terrashield-pl","12":"desktop-align-left","13":"tablet-align-left","14":"mobile-align-left","16":"first","17":"instock","18":"taxable","19":"shipping-taxable","20":"purchasable","21":"product-type-simple"},"_links":{"self":[{"href":"https:\/\/mamaterra.lt\/pl\/wp-json\/wp\/v2\/product\/16319","targetHints":{"allow":["GET"]}}],"collection":[{"href":"https:\/\/mamaterra.lt\/pl\/wp-json\/wp\/v2\/product"}],"about":[{"href":"https:\/\/mamaterra.lt\/pl\/wp-json\/wp\/v2\/types\/product"}],"wp:featuredmedia":[{"embeddable":true,"href":"https:\/\/mamaterra.lt\/pl\/wp-json\/wp\/v2\/media\/12546"}],"wp:attachment":[{"href":"https:\/\/mamaterra.lt\/pl\/wp-json\/wp\/v2\/media?parent=16319"}],"wp:term":[{"taxonomy":"product_brand","embeddable":true,"href":"https:\/\/mamaterra.lt\/pl\/wp-json\/wp\/v2\/product_brand?post=16319"},{"taxonomy":"product_cat","embeddable":true,"href":"https:\/\/mamaterra.lt\/pl\/wp-json\/wp\/v2\/product_cat?post=16319"},{"taxonomy":"product_tag","embeddable":true,"href":"https:\/\/mamaterra.lt\/pl\/wp-json\/wp\/v2\/product_tag?post=16319"}],"curies":[{"name":"wp","href":"https:\/\/api.w.org\/{rel}","templated":true}]}}