{"id":16315,"date":"2021-04-19T08:01:26","date_gmt":"2021-04-19T07:01:26","guid":{"rendered":"https:\/\/mamaterra.lt\/parduotuve\/bez-kategorii\/jasmine-jasmine-touch-doterra-blend-olejkow-eterycznych-10ml\/"},"modified":"2021-04-19T08:01:26","modified_gmt":"2021-04-19T07:01:26","slug":"jasmin-jasmin-dotyk-doterra-olejek-mystic-blend-10ml","status":"publish","type":"product","link":"https:\/\/mamaterra.lt\/pl\/parduotuve\/olejki-eteryczne\/czyste-olejki-eteryczne\/jasmin-jasmin-dotyk-doterra-olejek-mystic-blend-10ml\/","title":{"rendered":"Jasmine (JASMINE TOUCH) doTERRA Blend olejk\u00f3w eterycznych 10ml"},"content":{"rendered":"<p><strong>Jasmine (JASMINE TOUCH) doTERRA Blend olejk\u00f3w eterycznych<\/strong><\/p>\n<p>Butelka 10 ml z aplikatorem kulkowym<\/p>\n<p>&nbsp;<\/p>\n<p><strong>Jasmine (JASMINE TOUCH) doTERRA Blend olejk\u00f3w eterycznych Opis i sk\u0142adniki:<\/strong><\/p>\n<p>doTERRA Jasmine nie tylko pomaga zredukowa\u0107 niedoskona\u0142o\u015bci sk\u00f3ry, ale tak\u017ce podnosi i dodaje energii.<\/p>\n<ul>\n<li>Redukuje niedoskona\u0142o\u015bci sk\u00f3ry<\/li>\n<li>Mo\u017ce by\u0107 u\u017cywany jako osobiste perfumy<\/li>\n<li>Poprawia nastr\u00f3j<\/li>\n<\/ul>\n<p>&nbsp;<\/p>\n<p>Aby uzyska\u0107 wi\u0119cej informacji na temat <strong>mieszanki olejk\u00f3w eterycznych <\/strong><strong>ja\u015bminu (JASMINE TOUCH) doTERRA<\/strong>, zobacz film poni\u017cej.<\/p>\n<p><iframe title=\"Jak korzysta\u0107 z nowego Jasmine Touch firmy doTERRA\" src=\"https:\/\/www.youtube.com\/embed\/8eAOv71mgqE\" width=\"853\" height=\"480\" frameborder=\"0\" allowfullscreen=\"allowfullscreen\"><\/iframe><\/p>\n","protected":false},"excerpt":{"rendered":"<ul>\n<li>Redukuje niedoskona\u0142o\u015bci sk\u00f3ry<\/li>\n<li>Mo\u017ce by\u0107 u\u017cywany jako osobiste perfumy<\/li>\n<li>Poprawia nastr\u00f3j<\/li>\n<\/ul>\n","protected":false},"featured_media":12633,"template":"","meta":{"site-sidebar-layout":"default","site-content-layout":"default","ast-site-content-layout":"default","site-content-style":"default","site-sidebar-style":"default","ast-global-header-display":"","ast-banner-title-visibility":"","ast-main-header-display":"","ast-hfb-above-header-display":"","ast-hfb-below-header-display":"","ast-hfb-mobile-header-display":"","site-post-title":"","ast-breadcrumbs-content":"","ast-featured-img":"","footer-sml-layout":"","ast-disable-related-posts":"","theme-transparent-header-meta":"default","adv-header-id-meta":"","stick-header-meta":"","header-above-stick-meta":"","header-main-stick-meta":"","header-below-stick-meta":"","astra-migrate-meta-layouts":"default","ast-page-background-enabled":"default","ast-page-background-meta":{"desktop":{"background-color":"","background-image":"","background-repeat":"repeat","background-position":"center center","background-size":"auto","background-attachment":"scroll","background-type":"","background-media":"","overlay-type":"","overlay-color":"","overlay-opacity":"","overlay-gradient":""},"tablet":{"background-color":"","background-image":"","background-repeat":"repeat","background-position":"center center","background-size":"auto","background-attachment":"scroll","background-type":"","background-media":"","overlay-type":"","overlay-color":"","overlay-opacity":"","overlay-gradient":""},"mobile":{"background-color":"","background-image":"","background-repeat":"repeat","background-position":"center center","background-size":"auto","background-attachment":"scroll","background-type":"","background-media":"","overlay-type":"","overlay-color":"","overlay-opacity":"","overlay-gradient":""}},"ast-content-background-meta":{"desktop":{"background-color":"var(--ast-global-color-5)","background-image":"","background-repeat":"repeat","background-position":"center center","background-size":"auto","background-attachment":"scroll","background-type":"","background-media":"","overlay-type":"","overlay-color":"","overlay-opacity":"","overlay-gradient":""},"tablet":{"background-color":"var(--ast-global-color-5)","background-image":"","background-repeat":"repeat","background-position":"center center","background-size":"auto","background-attachment":"scroll","background-type":"","background-media":"","overlay-type":"","overlay-color":"","overlay-opacity":"","overlay-gradient":""},"mobile":{"background-color":"var(--ast-global-color-5)","background-image":"","background-repeat":"repeat","background-position":"center center","background-size":"auto","background-attachment":"scroll","background-type":"","background-media":"","overlay-type":"","overlay-color":"","overlay-opacity":"","overlay-gradient":""}}},"product_brand":[],"product_cat":[1704,1698],"product_tag":[722,1166,1171,1535],"class_list":{"0":"post-16315","1":"product","2":"type-product","3":"status-publish","4":"has-post-thumbnail","6":"product_cat-czyste-olejki-eteryczne","7":"product_cat-olejki-eteryczne","8":"product_tag-10-ml-pl","9":"product_tag-jasmine-pl","10":"product_tag-jasmine-touch-pl","11":"product_tag-mieszanki-olejkow-eterycznych","12":"desktop-align-left","13":"tablet-align-left","14":"mobile-align-left","16":"first","17":"instock","18":"sale","19":"taxable","20":"shipping-taxable","21":"purchasable","22":"product-type-simple"},"_links":{"self":[{"href":"https:\/\/mamaterra.lt\/pl\/wp-json\/wp\/v2\/product\/16315","targetHints":{"allow":["GET"]}}],"collection":[{"href":"https:\/\/mamaterra.lt\/pl\/wp-json\/wp\/v2\/product"}],"about":[{"href":"https:\/\/mamaterra.lt\/pl\/wp-json\/wp\/v2\/types\/product"}],"wp:featuredmedia":[{"embeddable":true,"href":"https:\/\/mamaterra.lt\/pl\/wp-json\/wp\/v2\/media\/12633"}],"wp:attachment":[{"href":"https:\/\/mamaterra.lt\/pl\/wp-json\/wp\/v2\/media?parent=16315"}],"wp:term":[{"taxonomy":"product_brand","embeddable":true,"href":"https:\/\/mamaterra.lt\/pl\/wp-json\/wp\/v2\/product_brand?post=16315"},{"taxonomy":"product_cat","embeddable":true,"href":"https:\/\/mamaterra.lt\/pl\/wp-json\/wp\/v2\/product_cat?post=16315"},{"taxonomy":"product_tag","embeddable":true,"href":"https:\/\/mamaterra.lt\/pl\/wp-json\/wp\/v2\/product_tag?post=16315"}],"curies":[{"name":"wp","href":"https:\/\/api.w.org\/{rel}","templated":true}]}}