{"id":16312,"date":"2021-04-18T17:37:27","date_gmt":"2021-04-18T16:37:27","guid":{"rendered":"https:\/\/mamaterra.lt\/parduotuve\/bez-kategorii\/doterra-serenity-kojaca-mieszanka-olejkow-eterycznych-15ml\/"},"modified":"2021-04-18T17:37:27","modified_gmt":"2021-04-18T16:37:27","slug":"doterra-serenity-kojacy-olejek-eteryczny-misinis-15ml","status":"publish","type":"product","link":"https:\/\/mamaterra.lt\/pl\/parduotuve\/olejki-eteryczne\/mieszanki-olejkow-eterycznych\/doterra-serenity-kojacy-olejek-eteryczny-misinis-15ml\/","title":{"rendered":"doTERRA SERENITY\u2122 Koj\u0105ca Mieszanka Olejk\u00f3w Eterycznych 15ml"},"content":{"rendered":"<p><strong>DoTERRA SERENITY\u2122 Koj\u0105ca mieszanka olejk\u00f3w eterycznych<\/strong><\/p>\n<p>15 ml<\/p>\n<p>&nbsp;<\/p>\n<p><strong>DoTERRA SERENITY\u2122 Soothing Essential Oil Blend Opis:<\/strong><\/p>\n<p>DoTERRA Serenity to mieszanka koj\u0105cych olejk\u00f3w eterycznych, kt\u00f3re pomog\u0105 Ci zapomnie\u0107 o zmartwieniach i zrelaksowa\u0107 si\u0119. Ta pokojna mieszanka natychmiast pomo\u017ce Ci znale\u017a\u0107 si\u0119 w stanie b\u0142ogiego relaksu.<\/p>\n<ul>\n<li>Dzia\u0142a koj\u0105co na zmys\u0142y<\/li>\n<li>Pomaga roz\u0142adowa\u0107 napi\u0119cie, kt\u00f3re odczuwasz<\/li>\n<li>Pomaga stworzy\u0107 atmosfer\u0119, kt\u00f3ra o\u017cywia odpoczynek<\/li>\n<\/ul>\n<p><strong>DoTERRA SERENITY\u2122 Koj\u0105ca mieszanka olejk\u00f3w eterycznych Sk\u0142adniki:<\/strong><\/p>\n<p>Lawenda, cedr, ylang-ylang, majeranek, rumianek rzymski, wetyweria, absolut waniliowy, hawajskie drzewo sanda\u0142owe<\/p>\n<p><strong>DoTERRA SERENITY\u2122 Koj\u0105ca mieszanka olejk\u00f3w eterycznych Og\u00f3lne w\u0142a\u015bciwo\u015bci i zastosowania:<\/strong><\/p>\n<p>DoTERRA Serenity Restful Blend ma koj\u0105cy i relaksuj\u0105cy aromat, kt\u00f3ry daje u\u017cytkownikowi wyj\u0105tkowe wra\u017cenia. Ta idealnie zr\u00f3wnowa\u017cona, spokojna mieszanka mo\u017ce by\u0107 odczuwalna natychmiast &#8211; u\u017cytkownik wpada w b\u0142ogi stan. doTERRA Serenity \u0142\u0105czy olejki eteryczne s\u0142yn\u0105ce ze swojej zdolno\u015bci do tworzenia spokojnego otoczenia przed snem. <span style=\"font-size: 16px; font-style: normal; font-weight: 400;\">Cedro, drewno ho i wetiwer olejki etyrynowe doTERRA Serenity<\/span><span style=\"font-size: 16px;\"> nadaj\u0105 ziemisty aromat, kt\u00f3ry sprzyja spokojnej atmosferze, gdy przychodzi czas na wyciszenie.<\/span><\/p>\n<ul>\n<li>Na\u0142\u00f3\u017c jedn\u0105 do dw\u00f3ch kropli na d\u0142onie i wdychaj kilka razy dziennie, zmniejszaj\u0105c w ten spos\u00f3b codzienny stres.<\/li>\n<li>Paruj w nocy, aby uspokoi\u0107 niespokojne dziecko lub dziecko<\/li>\n<li>Przed p\u00f3j\u015bciem spa\u0107 zastosuj podeszwy st\u00f3p, aby si\u0119 zrelaksowa\u0107.<\/li>\n<li>U\u017cywaj w po\u0142\u0105czeniu z \u017celami doTERRA Serenity Restful Complex, aby wzmocni\u0107 efekt.<\/li>\n<li>Dodaj dwie lub trzy krople do soli Epsom i przygotuj relaksuj\u0105c\u0105 i orze\u017awiaj\u0105c\u0105 k\u0105piel.<\/li>\n<li>Zastosuj dwie do trzech kropli na karku lub sercu, aby poczu\u0107 spok\u00f3j ducha.<\/li>\n<\/ul>\n<p>&nbsp;<\/p>\n<p>Wi\u0119cej informacji o <strong>doTERRA SERENITY\u2122 uspokajaj\u0105cy<\/strong><strong> <\/strong><strong>Mieszanin\u0119 olejk\u00f3w eterycznych <\/strong>znajdziesz w poni\u017cszym filmie.<\/p>\n<p><iframe title=\"d\u014dTERRA SERENITY \ud83c\udf1cTop 4 zastosowania mieszanki olejk\u00f3w spokojnych Serenity\" src=\"https:\/\/www.youtube.com\/embed\/6YqnbFB6wHs\" width=\"853\" height=\"480\" frameborder=\"0\" allowfullscreen=\"allowfullscreen\"><\/iframe><\/p>\n","protected":false},"excerpt":{"rendered":"<ul>\n<li>Dzia\u0142a koj\u0105co na zmys\u0142y<\/li>\n<li>Pomaga roz\u0142adowa\u0107 napi\u0119cie, kt\u00f3re odczuwasz<\/li>\n<li>Pomaga stworzy\u0107 atmosfer\u0119, kt\u00f3ra o\u017cywia odpoczynek<\/li>\n<\/ul>\n","protected":false},"featured_media":12666,"template":"","meta":{"site-sidebar-layout":"default","site-content-layout":"default","ast-site-content-layout":"default","site-content-style":"default","site-sidebar-style":"default","ast-global-header-display":"","ast-banner-title-visibility":"","ast-main-header-display":"","ast-hfb-above-header-display":"","ast-hfb-below-header-display":"","ast-hfb-mobile-header-display":"","site-post-title":"","ast-breadcrumbs-content":"","ast-featured-img":"","footer-sml-layout":"","ast-disable-related-posts":"","theme-transparent-header-meta":"default","adv-header-id-meta":"","stick-header-meta":"","header-above-stick-meta":"","header-main-stick-meta":"","header-below-stick-meta":"","astra-migrate-meta-layouts":"default","ast-page-background-enabled":"default","ast-page-background-meta":{"desktop":{"background-color":"","background-image":"","background-repeat":"repeat","background-position":"center center","background-size":"auto","background-attachment":"scroll","background-type":"","background-media":"","overlay-type":"","overlay-color":"","overlay-opacity":"","overlay-gradient":""},"tablet":{"background-color":"","background-image":"","background-repeat":"repeat","background-position":"center center","background-size":"auto","background-attachment":"scroll","background-type":"","background-media":"","overlay-type":"","overlay-color":"","overlay-opacity":"","overlay-gradient":""},"mobile":{"background-color":"","background-image":"","background-repeat":"repeat","background-position":"center center","background-size":"auto","background-attachment":"scroll","background-type":"","background-media":"","overlay-type":"","overlay-color":"","overlay-opacity":"","overlay-gradient":""}},"ast-content-background-meta":{"desktop":{"background-color":"var(--ast-global-color-5)","background-image":"","background-repeat":"repeat","background-position":"center center","background-size":"auto","background-attachment":"scroll","background-type":"","background-media":"","overlay-type":"","overlay-color":"","overlay-opacity":"","overlay-gradient":""},"tablet":{"background-color":"var(--ast-global-color-5)","background-image":"","background-repeat":"repeat","background-position":"center center","background-size":"auto","background-attachment":"scroll","background-type":"","background-media":"","overlay-type":"","overlay-color":"","overlay-opacity":"","overlay-gradient":""},"mobile":{"background-color":"var(--ast-global-color-5)","background-image":"","background-repeat":"repeat","background-position":"center center","background-size":"auto","background-attachment":"scroll","background-type":"","background-media":"","overlay-type":"","overlay-color":"","overlay-opacity":"","overlay-gradient":""}}},"product_brand":[],"product_cat":[1755,1738,1702,1698,1752],"product_tag":[726,1535,1578,1429],"class_list":{"0":"post-16312","1":"product","2":"type-product","3":"status-publish","4":"has-post-thumbnail","6":"product_cat-dla-dzieci","7":"product_cat-do-spania","8":"product_cat-mieszanki-olejkow-eterycznych","9":"product_cat-olejki-eteryczne","10":"product_cat-radzenia-sobie-ze-stresem","11":"product_tag-15-ml-pl-2","12":"product_tag-mieszanki-olejkow-eterycznych","13":"product_tag-popularny","14":"product_tag-serenity-pl","15":"desktop-align-left","16":"tablet-align-left","17":"mobile-align-left","19":"first","20":"instock","21":"sale","22":"featured","23":"taxable","24":"shipping-taxable","25":"purchasable","26":"product-type-simple"},"_links":{"self":[{"href":"https:\/\/mamaterra.lt\/pl\/wp-json\/wp\/v2\/product\/16312","targetHints":{"allow":["GET"]}}],"collection":[{"href":"https:\/\/mamaterra.lt\/pl\/wp-json\/wp\/v2\/product"}],"about":[{"href":"https:\/\/mamaterra.lt\/pl\/wp-json\/wp\/v2\/types\/product"}],"wp:featuredmedia":[{"embeddable":true,"href":"https:\/\/mamaterra.lt\/pl\/wp-json\/wp\/v2\/media\/12666"}],"wp:attachment":[{"href":"https:\/\/mamaterra.lt\/pl\/wp-json\/wp\/v2\/media?parent=16312"}],"wp:term":[{"taxonomy":"product_brand","embeddable":true,"href":"https:\/\/mamaterra.lt\/pl\/wp-json\/wp\/v2\/product_brand?post=16312"},{"taxonomy":"product_cat","embeddable":true,"href":"https:\/\/mamaterra.lt\/pl\/wp-json\/wp\/v2\/product_cat?post=16312"},{"taxonomy":"product_tag","embeddable":true,"href":"https:\/\/mamaterra.lt\/pl\/wp-json\/wp\/v2\/product_tag?post=16312"}],"curies":[{"name":"wp","href":"https:\/\/api.w.org\/{rel}","templated":true}]}}