{"id":16304,"date":"2021-04-18T17:39:22","date_gmt":"2021-04-18T16:39:22","guid":{"rendered":"https:\/\/mamaterra.lt\/parduotuve\/bez-kategorii\/doterra-terrashield-blend-olejkow-eterycznych-na-pole-15ml\/"},"modified":"2021-04-18T17:39:22","modified_gmt":"2021-04-18T16:39:22","slug":"doterra-terrashield-olejek-mistyczny-pole-15ml","status":"publish","type":"product","link":"https:\/\/mamaterra.lt\/pl\/parduotuve\/olejki-eteryczne\/mieszanki-olejkow-eterycznych\/doterra-terrashield-olejek-mistyczny-pole-15ml\/","title":{"rendered":"DoTERRA TerraShield\u2122 Blend olejk\u00f3w eterycznych na pole 15ml"},"content":{"rendered":"<p><strong>doTERRA TerraShield\u2122 Essential Oil Blend do u\u017cytku na zewn\u0105trz<\/strong><\/p>\n<p>15 ml<\/p>\n<p>&nbsp;<\/p>\n<p><strong>DoTERRA TerraShield\u2122 Blend olejk\u00f3w eterycznych do opisu pola i sk\u0142adnik\u00f3w:<\/strong><\/p>\n<p>Mocna, ale bezpieczna mieszanka TerraShield mo\u017ce by\u0107 u\u017cywana przez ka\u017cdego cz\u0142onka rodziny, zar\u00f3wno na zewn\u0105trz, jak i w domu.<\/p>\n<ul>\n<li>Skuteczna bariera<\/li>\n<li>Chroni przed k\u0142opotami natury<\/li>\n<li>Chroni przed zagro\u017ceniami w domu i na zewn\u0105trz<\/li>\n<\/ul>\n<p>&nbsp;<\/p>\n<p>Wi\u0119cej informacji o <strong>doTERRA TerraShield\u2122<\/strong><strong> <\/strong><strong>Znajdziesz mieszank\u0119 olejk\u00f3w eterycznych na pole <\/strong>w poni\u017cszym filmie.<\/p>\n<p><iframe title=\"doTERRA TerraShield Outdoor Blend (przet\u0142umaczone napisy)\" src=\"https:\/\/www.youtube.com\/embed\/W1afJUvpkpE\" width=\"853\" height=\"480\" frameborder=\"0\" allowfullscreen=\"allowfullscreen\"><\/iframe><\/p>\n","protected":false},"excerpt":{"rendered":"<ul>\n<li>Skuteczna bariera<\/li>\n<li>Chroni przed k\u0142opotami natury<\/li>\n<li>Chroni przed zagro\u017ceniami w domu i na zewn\u0105trz<\/li>\n<\/ul>\n","protected":false},"featured_media":12501,"template":"","meta":{"site-sidebar-layout":"default","site-content-layout":"default","ast-site-content-layout":"default","site-content-style":"default","site-sidebar-style":"default","ast-global-header-display":"","ast-banner-title-visibility":"","ast-main-header-display":"","ast-hfb-above-header-display":"","ast-hfb-below-header-display":"","ast-hfb-mobile-header-display":"","site-post-title":"","ast-breadcrumbs-content":"","ast-featured-img":"","footer-sml-layout":"","ast-disable-related-posts":"","theme-transparent-header-meta":"default","adv-header-id-meta":"","stick-header-meta":"","header-above-stick-meta":"","header-main-stick-meta":"","header-below-stick-meta":"","astra-migrate-meta-layouts":"default","ast-page-background-enabled":"default","ast-page-background-meta":{"desktop":{"background-color":"","background-image":"","background-repeat":"repeat","background-position":"center center","background-size":"auto","background-attachment":"scroll","background-type":"","background-media":"","overlay-type":"","overlay-color":"","overlay-opacity":"","overlay-gradient":""},"tablet":{"background-color":"","background-image":"","background-repeat":"repeat","background-position":"center center","background-size":"auto","background-attachment":"scroll","background-type":"","background-media":"","overlay-type":"","overlay-color":"","overlay-opacity":"","overlay-gradient":""},"mobile":{"background-color":"","background-image":"","background-repeat":"repeat","background-position":"center center","background-size":"auto","background-attachment":"scroll","background-type":"","background-media":"","overlay-type":"","overlay-color":"","overlay-opacity":"","overlay-gradient":""}},"ast-content-background-meta":{"desktop":{"background-color":"var(--ast-global-color-5)","background-image":"","background-repeat":"repeat","background-position":"center center","background-size":"auto","background-attachment":"scroll","background-type":"","background-media":"","overlay-type":"","overlay-color":"","overlay-opacity":"","overlay-gradient":""},"tablet":{"background-color":"var(--ast-global-color-5)","background-image":"","background-repeat":"repeat","background-position":"center center","background-size":"auto","background-attachment":"scroll","background-type":"","background-media":"","overlay-type":"","overlay-color":"","overlay-opacity":"","overlay-gradient":""},"mobile":{"background-color":"var(--ast-global-color-5)","background-image":"","background-repeat":"repeat","background-position":"center center","background-size":"auto","background-attachment":"scroll","background-type":"","background-media":"","overlay-type":"","overlay-color":"","overlay-opacity":"","overlay-gradient":""}}},"product_brand":[],"product_cat":[1702,1698],"product_tag":[726,1535,913],"class_list":{"0":"post-16304","1":"product","2":"type-product","3":"status-publish","4":"has-post-thumbnail","6":"product_cat-mieszanki-olejkow-eterycznych","7":"product_cat-olejki-eteryczne","8":"product_tag-15-ml-pl-2","9":"product_tag-mieszanki-olejkow-eterycznych","10":"product_tag-terrashield-pl","11":"desktop-align-left","12":"tablet-align-left","13":"mobile-align-left","15":"first","16":"instock","17":"taxable","18":"shipping-taxable","19":"purchasable","20":"product-type-simple"},"_links":{"self":[{"href":"https:\/\/mamaterra.lt\/pl\/wp-json\/wp\/v2\/product\/16304","targetHints":{"allow":["GET"]}}],"collection":[{"href":"https:\/\/mamaterra.lt\/pl\/wp-json\/wp\/v2\/product"}],"about":[{"href":"https:\/\/mamaterra.lt\/pl\/wp-json\/wp\/v2\/types\/product"}],"wp:featuredmedia":[{"embeddable":true,"href":"https:\/\/mamaterra.lt\/pl\/wp-json\/wp\/v2\/media\/12501"}],"wp:attachment":[{"href":"https:\/\/mamaterra.lt\/pl\/wp-json\/wp\/v2\/media?parent=16304"}],"wp:term":[{"taxonomy":"product_brand","embeddable":true,"href":"https:\/\/mamaterra.lt\/pl\/wp-json\/wp\/v2\/product_brand?post=16304"},{"taxonomy":"product_cat","embeddable":true,"href":"https:\/\/mamaterra.lt\/pl\/wp-json\/wp\/v2\/product_cat?post=16304"},{"taxonomy":"product_tag","embeddable":true,"href":"https:\/\/mamaterra.lt\/pl\/wp-json\/wp\/v2\/product_tag?post=16304"}],"curies":[{"name":"wp","href":"https:\/\/api.w.org\/{rel}","templated":true}]}}