{"id":16303,"date":"2021-04-19T07:53:32","date_gmt":"2021-04-19T06:53:32","guid":{"rendered":"https:\/\/mamaterra.lt\/parduotuve\/bez-kategorii\/doterra-adaptiv-touch-mieszanka-olejkow-eterycznych-10ml\/"},"modified":"2021-04-19T07:53:32","modified_gmt":"2021-04-19T06:53:32","slug":"doterra-adaptiv-touch-olejek-mistyczny-10ml","status":"publish","type":"product","link":"https:\/\/mamaterra.lt\/pl\/parduotuve\/olejki-eteryczne\/mieszanki-olejkow-eterycznych\/doterra-adaptiv-touch-olejek-mistyczny-10ml\/","title":{"rendered":"DoTERRA ADAPTIV\u2122 TOUCH mieszanka olejk\u00f3w eterycznych 10ml"},"content":{"rendered":"<p><strong>DoTERRA ADAPTIV\u2122 TOUCH Mieszanka olejk\u00f3w eterycznych<\/strong><\/p>\n<p>Butelka 10 ml z aplikatorem kulkowym<\/p>\n<p>&nbsp;<\/p>\n<p><strong>DoTERRA ADAPTIV\u2122 TOUCH Blend olejk\u00f3w eterycznych Opis i sk\u0142adniki:<\/strong><\/p>\n<p>Kiedy czujesz potrzeb\u0119 uspokajaj\u0105cego impulsu, Adaptiv jest Twoj\u0105 decyzj\u0105. Trzymaj Adaptiv Touch na wyci\u0105gni\u0119cie r\u0119ki, aby\u015b czu\u0142 si\u0119 dobrze w ka\u017cdym \u015brodowisku i sytuacji.<\/p>\n<p>Lawenda, magnolia, Neroli i Sweetgum daj\u0105 efekt uspokajaj\u0105cy, a dzika pomara\u0144cza i mi\u0119ta dodaj\u0105 energii i podnosz\u0105 energi\u0119. Ponadto Copaiba i rozmaryn pomagaj\u0105 uspokoi\u0107 szalej\u0105ce uczucia. Niezale\u017cnie od tego, czy czujesz si\u0119 zm\u0119czony, niespokojny, niezdecydowany, dra\u017cliwy czy rozdra\u017cniony, Adaptiv jest narz\u0119dziem, kt\u00f3re pomaga utrzyma\u0107 cia\u0142o i umys\u0142 w r\u00f3wnowadze.<\/p>\n<ul>\n<li>Pomaga poprawi\u0107 nastr\u00f3j<\/li>\n<li>Wzmacnia uczucie spokoju<\/li>\n<li>\u0141agodzi i podnosi na duchu<\/li>\n<\/ul>\n<p>&nbsp;<\/p>\n<p>Wi\u0119cej informacji na temat <strong>mieszanki olejk\u00f3w eterycznych doTERRA ADAPTIV\u2122 TOUCH<\/strong> mo\u017cna znale\u017a\u0107 w poni\u017cszym filmie.<\/p>\n<p><iframe title=\"Niesamowita mieszanka uspokajaj\u0105ca doTERRA ADAPTIV Touch Calming Blend Korzy\u015bci i zastosowania\" src=\"https:\/\/www.youtube.com\/embed\/uNjREx2GW4A\" width=\"853\" height=\"480\" frameborder=\"0\" allowfullscreen=\"allowfullscreen\"><\/iframe><\/p>\n","protected":false},"excerpt":{"rendered":"<ul>\n<li>Pomaga poprawi\u0107 nastr\u00f3j<\/li>\n<li>Wzmacnia uczucie spokoju<\/li>\n<li>\u0141agodzi i podnosi na duchu<\/li>\n<\/ul>\n","protected":false},"featured_media":12729,"template":"","meta":{"site-sidebar-layout":"default","site-content-layout":"default","ast-site-content-layout":"default","site-content-style":"default","site-sidebar-style":"default","ast-global-header-display":"","ast-banner-title-visibility":"","ast-main-header-display":"","ast-hfb-above-header-display":"","ast-hfb-below-header-display":"","ast-hfb-mobile-header-display":"","site-post-title":"","ast-breadcrumbs-content":"","ast-featured-img":"","footer-sml-layout":"","ast-disable-related-posts":"","theme-transparent-header-meta":"default","adv-header-id-meta":"","stick-header-meta":"","header-above-stick-meta":"","header-main-stick-meta":"","header-below-stick-meta":"","astra-migrate-meta-layouts":"default","ast-page-background-enabled":"default","ast-page-background-meta":{"desktop":{"background-color":"","background-image":"","background-repeat":"repeat","background-position":"center center","background-size":"auto","background-attachment":"scroll","background-type":"","background-media":"","overlay-type":"","overlay-color":"","overlay-opacity":"","overlay-gradient":""},"tablet":{"background-color":"","background-image":"","background-repeat":"repeat","background-position":"center center","background-size":"auto","background-attachment":"scroll","background-type":"","background-media":"","overlay-type":"","overlay-color":"","overlay-opacity":"","overlay-gradient":""},"mobile":{"background-color":"","background-image":"","background-repeat":"repeat","background-position":"center center","background-size":"auto","background-attachment":"scroll","background-type":"","background-media":"","overlay-type":"","overlay-color":"","overlay-opacity":"","overlay-gradient":""}},"ast-content-background-meta":{"desktop":{"background-color":"var(--ast-global-color-5)","background-image":"","background-repeat":"repeat","background-position":"center center","background-size":"auto","background-attachment":"scroll","background-type":"","background-media":"","overlay-type":"","overlay-color":"","overlay-opacity":"","overlay-gradient":""},"tablet":{"background-color":"var(--ast-global-color-5)","background-image":"","background-repeat":"repeat","background-position":"center center","background-size":"auto","background-attachment":"scroll","background-type":"","background-media":"","overlay-type":"","overlay-color":"","overlay-opacity":"","overlay-gradient":""},"mobile":{"background-color":"var(--ast-global-color-5)","background-image":"","background-repeat":"repeat","background-position":"center center","background-size":"auto","background-attachment":"scroll","background-type":"","background-media":"","overlay-type":"","overlay-color":"","overlay-opacity":"","overlay-gradient":""}}},"product_brand":[],"product_cat":[1732,1738,1702,1698,1752],"product_tag":[722,1419,1535],"class_list":{"0":"post-16303","1":"product","2":"type-product","3":"status-publish","4":"has-post-thumbnail","6":"product_cat-dla-koncentracji","7":"product_cat-do-spania","8":"product_cat-mieszanki-olejkow-eterycznych","9":"product_cat-olejki-eteryczne","10":"product_cat-radzenia-sobie-ze-stresem","11":"product_tag-10-ml-pl","12":"product_tag-adaptiv-touch-pl","13":"product_tag-mieszanki-olejkow-eterycznych","14":"desktop-align-left","15":"tablet-align-left","16":"mobile-align-left","18":"first","19":"instock","20":"sale","21":"taxable","22":"shipping-taxable","23":"purchasable","24":"product-type-simple"},"_links":{"self":[{"href":"https:\/\/mamaterra.lt\/pl\/wp-json\/wp\/v2\/product\/16303","targetHints":{"allow":["GET"]}}],"collection":[{"href":"https:\/\/mamaterra.lt\/pl\/wp-json\/wp\/v2\/product"}],"about":[{"href":"https:\/\/mamaterra.lt\/pl\/wp-json\/wp\/v2\/types\/product"}],"wp:featuredmedia":[{"embeddable":true,"href":"https:\/\/mamaterra.lt\/pl\/wp-json\/wp\/v2\/media\/12729"}],"wp:attachment":[{"href":"https:\/\/mamaterra.lt\/pl\/wp-json\/wp\/v2\/media?parent=16303"}],"wp:term":[{"taxonomy":"product_brand","embeddable":true,"href":"https:\/\/mamaterra.lt\/pl\/wp-json\/wp\/v2\/product_brand?post=16303"},{"taxonomy":"product_cat","embeddable":true,"href":"https:\/\/mamaterra.lt\/pl\/wp-json\/wp\/v2\/product_cat?post=16303"},{"taxonomy":"product_tag","embeddable":true,"href":"https:\/\/mamaterra.lt\/pl\/wp-json\/wp\/v2\/product_tag?post=16303"}],"curies":[{"name":"wp","href":"https:\/\/api.w.org\/{rel}","templated":true}]}}