{"id":16294,"date":"2021-04-18T17:41:08","date_gmt":"2021-04-18T16:41:08","guid":{"rendered":"https:\/\/mamaterra.lt\/parduotuve\/bez-kategorii\/doterra-whisper-blend-olejkow-eterycznych-dla-kobiet-10ml\/"},"modified":"2021-04-18T17:41:08","modified_gmt":"2021-04-18T16:41:08","slug":"doterra-whisper-olejek-mystic-dla-kobiet-10ml","status":"publish","type":"product","link":"https:\/\/mamaterra.lt\/pl\/parduotuve\/olejki-eteryczne\/mieszanki-olejkow-eterycznych\/doterra-whisper-olejek-mystic-dla-kobiet-10ml\/","title":{"rendered":"doTERRA Whisper\u2122 Blend olejk\u00f3w eterycznych dla kobiet 10ml"},"content":{"rendered":"<p><strong>DoTERRA Whisper\u2122 Essential Oil Blend dla kobiet<\/strong><\/p>\n<p>10 ml<\/p>\n<p>&nbsp;<\/p>\n<p><strong>DoTERRA Whisper\u2122 Essential Oil Blend Opis i sk\u0142adniki:<\/strong><\/p>\n<p>Mieszanka, zaprojektowana specjalnie dla kobiet, emituje delikatny pi\u017cmowy aromat, a po na\u0142o\u017ceniu na sk\u00f3r\u0119 staje si\u0119 indywidualnym zapachem.<\/p>\n<ul>\n<li>uwodzi i pobudza zmys\u0142y<\/li>\n<li>Ciep\u0142y pi\u017cmowy aromat<\/li>\n<li>Zmieszany z Twoim unikalnym zapachem do cia\u0142a staje si\u0119 osobistym zapachem<\/li>\n<\/ul>\n<p>&nbsp;<\/p>\n<p>Aby uzyska\u0107 wi\u0119cej informacji na temat <strong>mieszanki olejk\u00f3w eterycznych <\/strong><strong>doTERRA Whisper\u2122<\/strong>, zobacz poni\u017cszy film.<\/p>\n<p><iframe title=\"Emily Wright despre Whisper Touch\u2122\" src=\"https:\/\/www.youtube.com\/embed\/zBCqd0SlUiY\" width=\"853\" height=\"480\" frameborder=\"0\" allowfullscreen=\"allowfullscreen\"><\/iframe><\/p>\n","protected":false},"excerpt":{"rendered":"<ul>\n<li>uwodzi i pobudza zmys\u0142y<\/li>\n<li>Ciep\u0142y pi\u017cmowy aromat<\/li>\n<li>Zmieszany z Twoim unikalnym zapachem do cia\u0142a staje si\u0119 osobistym zapachem<\/li>\n<\/ul>\n","protected":false},"featured_media":12894,"template":"","meta":{"site-sidebar-layout":"default","site-content-layout":"default","ast-site-content-layout":"default","site-content-style":"default","site-sidebar-style":"default","ast-global-header-display":"","ast-banner-title-visibility":"","ast-main-header-display":"","ast-hfb-above-header-display":"","ast-hfb-below-header-display":"","ast-hfb-mobile-header-display":"","site-post-title":"","ast-breadcrumbs-content":"","ast-featured-img":"","footer-sml-layout":"","ast-disable-related-posts":"","theme-transparent-header-meta":"default","adv-header-id-meta":"","stick-header-meta":"","header-above-stick-meta":"","header-main-stick-meta":"","header-below-stick-meta":"","astra-migrate-meta-layouts":"default","ast-page-background-enabled":"default","ast-page-background-meta":{"desktop":{"background-color":"","background-image":"","background-repeat":"repeat","background-position":"center center","background-size":"auto","background-attachment":"scroll","background-type":"","background-media":"","overlay-type":"","overlay-color":"","overlay-opacity":"","overlay-gradient":""},"tablet":{"background-color":"","background-image":"","background-repeat":"repeat","background-position":"center center","background-size":"auto","background-attachment":"scroll","background-type":"","background-media":"","overlay-type":"","overlay-color":"","overlay-opacity":"","overlay-gradient":""},"mobile":{"background-color":"","background-image":"","background-repeat":"repeat","background-position":"center center","background-size":"auto","background-attachment":"scroll","background-type":"","background-media":"","overlay-type":"","overlay-color":"","overlay-opacity":"","overlay-gradient":""}},"ast-content-background-meta":{"desktop":{"background-color":"var(--ast-global-color-5)","background-image":"","background-repeat":"repeat","background-position":"center center","background-size":"auto","background-attachment":"scroll","background-type":"","background-media":"","overlay-type":"","overlay-color":"","overlay-opacity":"","overlay-gradient":""},"tablet":{"background-color":"var(--ast-global-color-5)","background-image":"","background-repeat":"repeat","background-position":"center center","background-size":"auto","background-attachment":"scroll","background-type":"","background-media":"","overlay-type":"","overlay-color":"","overlay-opacity":"","overlay-gradient":""},"mobile":{"background-color":"var(--ast-global-color-5)","background-image":"","background-repeat":"repeat","background-position":"center center","background-size":"auto","background-attachment":"scroll","background-type":"","background-media":"","overlay-type":"","overlay-color":"","overlay-opacity":"","overlay-gradient":""}}},"product_brand":[],"product_cat":[1740,1702,1698,1752],"product_tag":[722,1535,880],"class_list":{"0":"post-16294","1":"product","2":"type-product","3":"status-publish","4":"has-post-thumbnail","6":"product_cat-dla-kobiet","7":"product_cat-mieszanki-olejkow-eterycznych","8":"product_cat-olejki-eteryczne","9":"product_cat-radzenia-sobie-ze-stresem","10":"product_tag-10-ml-pl","11":"product_tag-mieszanki-olejkow-eterycznych","12":"product_tag-whisper-pl","13":"desktop-align-left","14":"tablet-align-left","15":"mobile-align-left","17":"first","18":"instock","19":"sale","20":"taxable","21":"shipping-taxable","22":"purchasable","23":"product-type-simple"},"_links":{"self":[{"href":"https:\/\/mamaterra.lt\/pl\/wp-json\/wp\/v2\/product\/16294","targetHints":{"allow":["GET"]}}],"collection":[{"href":"https:\/\/mamaterra.lt\/pl\/wp-json\/wp\/v2\/product"}],"about":[{"href":"https:\/\/mamaterra.lt\/pl\/wp-json\/wp\/v2\/types\/product"}],"wp:featuredmedia":[{"embeddable":true,"href":"https:\/\/mamaterra.lt\/pl\/wp-json\/wp\/v2\/media\/12894"}],"wp:attachment":[{"href":"https:\/\/mamaterra.lt\/pl\/wp-json\/wp\/v2\/media?parent=16294"}],"wp:term":[{"taxonomy":"product_brand","embeddable":true,"href":"https:\/\/mamaterra.lt\/pl\/wp-json\/wp\/v2\/product_brand?post=16294"},{"taxonomy":"product_cat","embeddable":true,"href":"https:\/\/mamaterra.lt\/pl\/wp-json\/wp\/v2\/product_cat?post=16294"},{"taxonomy":"product_tag","embeddable":true,"href":"https:\/\/mamaterra.lt\/pl\/wp-json\/wp\/v2\/product_tag?post=16294"}],"curies":[{"name":"wp","href":"https:\/\/api.w.org\/{rel}","templated":true}]}}