{"id":16282,"date":"2021-04-19T08:02:33","date_gmt":"2021-04-19T07:02:33","guid":{"rendered":"https:\/\/mamaterra.lt\/parduotuve\/bez-kategorii\/lawenda-lavender-touch-doterra-blend-olejkow-eterycznych-10ml\/"},"modified":"2021-04-19T08:02:33","modified_gmt":"2021-04-19T07:02:33","slug":"lawenda-dotyk-doterra-mieszanka-olejkow-10ml","status":"publish","type":"product","link":"https:\/\/mamaterra.lt\/pl\/parduotuve\/olejki-eteryczne\/czyste-olejki-eteryczne\/lawenda-dotyk-doterra-mieszanka-olejkow-10ml\/","title":{"rendered":"Lawenda (LAVENDER TOUCH) doTERRA Blend olejk\u00f3w eterycznych 10ml"},"content":{"rendered":"<p><strong>Lawenda (LAVENDER TOUCH) doTERRA Blend olejk\u00f3w eterycznych<\/strong><\/p>\n<p>Butelka 10 ml z aplikatorem kulkowym<\/p>\n<p>&nbsp;<\/p>\n<p><strong>Lawenda (LAVENDER TOUCH) doTERRA Blenda olejk\u00f3w eterycznych Opis i sk\u0142adniki:<\/strong><\/p>\n<p>Cz\u0119sto stosowany ze wzgl\u0119du na swoje w\u0142a\u015bciwo\u015bci \u0142agodz\u0105ce, doTERRA Lavender Touch \u0142agodzi sk\u00f3r\u0119 i pomaga si\u0119 zrelaksowa\u0107.<\/p>\n<ul>\n<li>\u0141agodzi sporadyczne podra\u017cnienia sk\u00f3ry<\/li>\n<li>Pomaga stworzy\u0107 atmosfer\u0119, kt\u00f3ra o\u017cywia odpoczynek<\/li>\n<li>Koj\u0105cy aromat<\/li>\n<\/ul>\n<p>&nbsp;<\/p>\n<p>Aby uzyska\u0107 wi\u0119cej informacji na temat <strong>lawendy (LAVENDER TOUCH) doTERRA<\/strong> <strong>mieszanki olejk\u00f3w eterycznych<\/strong>, zobacz film poni\u017cej.<\/p>\n<p><iframe title=\"4 sposoby u\u017cycia lawendowego wa\u0142ka dotykowego doTERRA\" src=\"https:\/\/www.youtube.com\/embed\/3CwcK6SRQMI\" width=\"942\" height=\"530\" frameborder=\"0\" allowfullscreen=\"allowfullscreen\"><\/iframe><\/p>\n","protected":false},"excerpt":{"rendered":"<ul>\n<li>\u0141agodzi sporadyczne podra\u017cnienia sk\u00f3ry<\/li>\n<li>Pomaga stworzy\u0107 atmosfer\u0119, kt\u00f3ra o\u017cywia odpoczynek<\/li>\n<li>Koj\u0105cy aromat<\/li>\n<\/ul>\n","protected":false},"featured_media":12594,"template":"","meta":{"site-sidebar-layout":"default","site-content-layout":"default","ast-site-content-layout":"default","site-content-style":"default","site-sidebar-style":"default","ast-global-header-display":"","ast-banner-title-visibility":"","ast-main-header-display":"","ast-hfb-above-header-display":"","ast-hfb-below-header-display":"","ast-hfb-mobile-header-display":"","site-post-title":"","ast-breadcrumbs-content":"","ast-featured-img":"","footer-sml-layout":"","ast-disable-related-posts":"","theme-transparent-header-meta":"default","adv-header-id-meta":"","stick-header-meta":"","header-above-stick-meta":"","header-main-stick-meta":"","header-below-stick-meta":"","astra-migrate-meta-layouts":"default","ast-page-background-enabled":"default","ast-page-background-meta":{"desktop":{"background-color":"","background-image":"","background-repeat":"repeat","background-position":"center center","background-size":"auto","background-attachment":"scroll","background-type":"","background-media":"","overlay-type":"","overlay-color":"","overlay-opacity":"","overlay-gradient":""},"tablet":{"background-color":"","background-image":"","background-repeat":"repeat","background-position":"center center","background-size":"auto","background-attachment":"scroll","background-type":"","background-media":"","overlay-type":"","overlay-color":"","overlay-opacity":"","overlay-gradient":""},"mobile":{"background-color":"","background-image":"","background-repeat":"repeat","background-position":"center center","background-size":"auto","background-attachment":"scroll","background-type":"","background-media":"","overlay-type":"","overlay-color":"","overlay-opacity":"","overlay-gradient":""}},"ast-content-background-meta":{"desktop":{"background-color":"var(--ast-global-color-5)","background-image":"","background-repeat":"repeat","background-position":"center center","background-size":"auto","background-attachment":"scroll","background-type":"","background-media":"","overlay-type":"","overlay-color":"","overlay-opacity":"","overlay-gradient":""},"tablet":{"background-color":"var(--ast-global-color-5)","background-image":"","background-repeat":"repeat","background-position":"center center","background-size":"auto","background-attachment":"scroll","background-type":"","background-media":"","overlay-type":"","overlay-color":"","overlay-opacity":"","overlay-gradient":""},"mobile":{"background-color":"var(--ast-global-color-5)","background-image":"","background-repeat":"repeat","background-position":"center center","background-size":"auto","background-attachment":"scroll","background-type":"","background-media":"","overlay-type":"","overlay-color":"","overlay-opacity":"","overlay-gradient":""}}},"product_brand":[],"product_cat":[1704,1755,1738,1698,1752],"product_tag":[722,1116,1120,1535],"class_list":{"0":"post-16282","1":"product","2":"type-product","3":"status-publish","4":"has-post-thumbnail","6":"product_cat-czyste-olejki-eteryczne","7":"product_cat-dla-dzieci","8":"product_cat-do-spania","9":"product_cat-olejki-eteryczne","10":"product_cat-radzenia-sobie-ze-stresem","11":"product_tag-10-ml-pl","12":"product_tag-lavender-pl","13":"product_tag-lavender-touch-pl","14":"product_tag-mieszanki-olejkow-eterycznych","15":"desktop-align-left","16":"tablet-align-left","17":"mobile-align-left","19":"first","20":"instock","21":"taxable","22":"shipping-taxable","23":"purchasable","24":"product-type-simple"},"_links":{"self":[{"href":"https:\/\/mamaterra.lt\/pl\/wp-json\/wp\/v2\/product\/16282","targetHints":{"allow":["GET"]}}],"collection":[{"href":"https:\/\/mamaterra.lt\/pl\/wp-json\/wp\/v2\/product"}],"about":[{"href":"https:\/\/mamaterra.lt\/pl\/wp-json\/wp\/v2\/types\/product"}],"wp:featuredmedia":[{"embeddable":true,"href":"https:\/\/mamaterra.lt\/pl\/wp-json\/wp\/v2\/media\/12594"}],"wp:attachment":[{"href":"https:\/\/mamaterra.lt\/pl\/wp-json\/wp\/v2\/media?parent=16282"}],"wp:term":[{"taxonomy":"product_brand","embeddable":true,"href":"https:\/\/mamaterra.lt\/pl\/wp-json\/wp\/v2\/product_brand?post=16282"},{"taxonomy":"product_cat","embeddable":true,"href":"https:\/\/mamaterra.lt\/pl\/wp-json\/wp\/v2\/product_cat?post=16282"},{"taxonomy":"product_tag","embeddable":true,"href":"https:\/\/mamaterra.lt\/pl\/wp-json\/wp\/v2\/product_tag?post=16282"}],"curies":[{"name":"wp","href":"https:\/\/api.w.org\/{rel}","templated":true}]}}