{"id":16281,"date":"2021-04-19T08:21:38","date_gmt":"2021-04-19T07:21:38","guid":{"rendered":"https:\/\/mamaterra.lt\/parduotuve\/bez-kategorii\/zestaw-olejkow-eterycznych-doterra-essential-aromatics-touch-6-roznych-mieszanek-olejkow-eterycznych-po-10-ml-kazda\/"},"modified":"2021-04-19T08:21:38","modified_gmt":"2021-04-19T07:21:38","slug":"essential-oil-kit-doterra-essential-aromatics-touch-6-different-essential-oil-blends-x-10ml","status":"publish","type":"product","link":"https:\/\/mamaterra.lt\/pl\/parduotuve\/olejki-eteryczne\/zestawy-i-kolekcje\/essential-oil-kit-doterra-essential-aromatics-touch-6-different-essential-oil-blends-x-10ml\/","title":{"rendered":"Zestaw olejk\u00f3w eterycznych doTERRA essential aromatics\u2122 touch (6 r\u00f3\u017cnych mieszanek olejk\u00f3w eterycznych po 10 ml ka\u017cda)"},"content":{"rendered":"<p><strong>Zestaw olejk\u00f3w eterycznych doTERRA ESSENTIAL AROMATICS\u2122 TOUCH<\/strong><\/p>\n<p>6 r\u00f3\u017cnych mieszanek olejk\u00f3w eterycznych po 10 ml ka\u017cda<\/p>\n<p>&nbsp;<\/p>\n<p><strong>Opis i sk\u0142ad zestawu olejk\u00f3w eterycznych doTERRA essential aromatics\u2122 TOUCH:<\/strong><\/p>\n<p>Zestaw doTERRA Essential Aromatics Touch sk\u0142ada si\u0119 z sze\u015bciu unikalnych mieszanek olejk\u00f3w eterycznych zmieszanych z frakcjonowanym olejem kokosowym, butelkowanych w butelkach o pojemno\u015bci 10 ml z aplikatorem kulkowym, kt\u00f3ry wygodnie i delikatnie na\u0142o\u017cy mieszanin\u0119 na sk\u00f3r\u0119.<\/p>\n<p>Te opatentowane mieszanki celowo wp\u0142ywaj\u0105 na samopoczucie emocjonalne wszystkich cz\u0142onk\u00f3w rodziny i mog\u0105 by\u0107 stosowane do okre\u015blonych obszar\u00f3w cia\u0142a ka\u017cdego dnia, aby utrzyma\u0107 r\u00f3wnowag\u0119 i rozja\u015bni\u0107 zmieniaj\u0105cy si\u0119 nastr\u00f3j.<\/p>\n<ul>\n<li><strong>Sze\u015b\u0107 butelek olejk\u00f3w eterycznych i ich mieszanin o pojemno\u015bci 10 ml z aplikatorem kulkowym:<\/strong>\n<ol>\n<li>doTERRA Motywuj\u2122<\/li>\n<li>DoTERRA Cheer\u2122<\/li>\n<li>Pasja\u2122 doTERRA<\/li>\n<li>doTERRA Wybacz\u2122<\/li>\n<li>Konsola\u2122 doTERRA<\/li>\n<li>doTERRA Peace\u2122<\/li>\n<\/ol>\n<\/li>\n<\/ul>\n<p>Wi\u0119cej informacji na temat <strong>zestawu olejk\u00f3w eterycznych doTERRA ESSENTIAL AROMATICS\u2122 TOUCH <\/strong>mo\u017cna znale\u017a\u0107 w poni\u017cszym filmie.<\/p>\n<p><iframe title=\"6 olejk\u00f3w eterycznych, kt\u00f3re zmieni\u0105 Tw\u00f3j nastr\u00f3j | Zestaw do aromaterapii emocjonalnej z doTERRA\" src=\"https:\/\/www.youtube.com\/embed\/a9MjZKmhws4\" width=\"942\" height=\"530\" frameborder=\"0\" allowfullscreen=\"allowfullscreen\"><\/iframe><\/p>\n","protected":false},"excerpt":{"rendered":"<ul>\n<li>Sze\u015b\u0107 butelek olejk\u00f3w eterycznych i ich mieszanin o pojemno\u015bci 10 ml z aplikatorem kulkowym:\n<ol>\n<li>doTERRA Motywuj\u2122<\/li>\n<li>DoTERRA Cheer\u2122<\/li>\n<li>Pasja\u2122 doTERRA<\/li>\n<li>doTERRA Wybacz\u2122<\/li>\n<li>Konsola\u2122 doTERRA<\/li>\n<li>doTERRA Peace\u2122<\/li>\n<\/ol>\n<\/li>\n<\/ul>\n","protected":false},"featured_media":12534,"template":"","meta":{"site-sidebar-layout":"default","site-content-layout":"default","ast-site-content-layout":"default","site-content-style":"default","site-sidebar-style":"default","ast-global-header-display":"","ast-banner-title-visibility":"","ast-main-header-display":"","ast-hfb-above-header-display":"","ast-hfb-below-header-display":"","ast-hfb-mobile-header-display":"","site-post-title":"","ast-breadcrumbs-content":"","ast-featured-img":"","footer-sml-layout":"","ast-disable-related-posts":"","theme-transparent-header-meta":"default","adv-header-id-meta":"","stick-header-meta":"","header-above-stick-meta":"","header-main-stick-meta":"","header-below-stick-meta":"","astra-migrate-meta-layouts":"default","ast-page-background-enabled":"default","ast-page-background-meta":{"desktop":{"background-color":"","background-image":"","background-repeat":"repeat","background-position":"center center","background-size":"auto","background-attachment":"scroll","background-type":"","background-media":"","overlay-type":"","overlay-color":"","overlay-opacity":"","overlay-gradient":""},"tablet":{"background-color":"","background-image":"","background-repeat":"repeat","background-position":"center center","background-size":"auto","background-attachment":"scroll","background-type":"","background-media":"","overlay-type":"","overlay-color":"","overlay-opacity":"","overlay-gradient":""},"mobile":{"background-color":"","background-image":"","background-repeat":"repeat","background-position":"center center","background-size":"auto","background-attachment":"scroll","background-type":"","background-media":"","overlay-type":"","overlay-color":"","overlay-opacity":"","overlay-gradient":""}},"ast-content-background-meta":{"desktop":{"background-color":"var(--ast-global-color-5)","background-image":"","background-repeat":"repeat","background-position":"center center","background-size":"auto","background-attachment":"scroll","background-type":"","background-media":"","overlay-type":"","overlay-color":"","overlay-opacity":"","overlay-gradient":""},"tablet":{"background-color":"var(--ast-global-color-5)","background-image":"","background-repeat":"repeat","background-position":"center center","background-size":"auto","background-attachment":"scroll","background-type":"","background-media":"","overlay-type":"","overlay-color":"","overlay-opacity":"","overlay-gradient":""},"mobile":{"background-color":"var(--ast-global-color-5)","background-image":"","background-repeat":"repeat","background-position":"center center","background-size":"auto","background-attachment":"scroll","background-type":"","background-media":"","overlay-type":"","overlay-color":"","overlay-opacity":"","overlay-gradient":""}}},"product_brand":[],"product_cat":[1698,1707],"product_tag":[748,865,1524,1488,1555,1535,1480,1453,1450,1596],"class_list":{"0":"post-16281","1":"product","2":"type-product","3":"status-publish","4":"has-post-thumbnail","6":"product_cat-olejki-eteryczne","7":"product_cat-zestawy-i-kolekcje","8":"product_tag-10ml-pl","9":"product_tag-cheer-pl","10":"product_tag-console-pl","11":"product_tag-forgive-pl","12":"product_tag-kolekcje","13":"product_tag-mieszanki-olejkow-eterycznych","14":"product_tag-motivate-pl","15":"product_tag-passion-pl","16":"product_tag-peace-pl","17":"product_tag-zestawy","18":"desktop-align-left","19":"tablet-align-left","20":"mobile-align-left","22":"first","23":"outofstock","24":"sale","25":"taxable","26":"shipping-taxable","27":"purchasable","28":"product-type-simple"},"_links":{"self":[{"href":"https:\/\/mamaterra.lt\/pl\/wp-json\/wp\/v2\/product\/16281","targetHints":{"allow":["GET"]}}],"collection":[{"href":"https:\/\/mamaterra.lt\/pl\/wp-json\/wp\/v2\/product"}],"about":[{"href":"https:\/\/mamaterra.lt\/pl\/wp-json\/wp\/v2\/types\/product"}],"wp:featuredmedia":[{"embeddable":true,"href":"https:\/\/mamaterra.lt\/pl\/wp-json\/wp\/v2\/media\/12534"}],"wp:attachment":[{"href":"https:\/\/mamaterra.lt\/pl\/wp-json\/wp\/v2\/media?parent=16281"}],"wp:term":[{"taxonomy":"product_brand","embeddable":true,"href":"https:\/\/mamaterra.lt\/pl\/wp-json\/wp\/v2\/product_brand?post=16281"},{"taxonomy":"product_cat","embeddable":true,"href":"https:\/\/mamaterra.lt\/pl\/wp-json\/wp\/v2\/product_cat?post=16281"},{"taxonomy":"product_tag","embeddable":true,"href":"https:\/\/mamaterra.lt\/pl\/wp-json\/wp\/v2\/product_tag?post=16281"}],"curies":[{"name":"wp","href":"https:\/\/api.w.org\/{rel}","templated":true}]}}