{"id":16280,"date":"2021-04-19T08:06:14","date_gmt":"2021-04-19T07:06:14","guid":{"rendered":"https:\/\/mamaterra.lt\/parduotuve\/bez-kategorii\/doterra-oregano-oregano-touch-blend-olejkow-eterycznych-10ml\/"},"modified":"2021-04-19T08:06:14","modified_gmt":"2021-04-19T07:06:14","slug":"doterra-oregano-touch-blend-olejek-mieszanka-10ml","status":"publish","type":"product","link":"https:\/\/mamaterra.lt\/pl\/parduotuve\/olejki-eteryczne\/czyste-olejki-eteryczne\/doterra-oregano-touch-blend-olejek-mieszanka-10ml\/","title":{"rendered":"doTERRA Oregano (OREGANO TOUCH) Blend olejk\u00f3w eterycznych 10ml"},"content":{"rendered":"<p><strong>doTERRA Oregano (OREGANO TOUCH) Mieszanka olejk\u00f3w eterycznych<\/strong><\/p>\n<p>Butelka 10 ml z aplikatorem kulkowym<\/p>\n<p>&nbsp;<\/p>\n<p><strong>Opis i sk\u0142ad mieszanki olejk\u00f3w eterycznych z oregano (OREGANO TOUCH):<\/strong><\/p>\n<p>DoTERRA Oregano Touch to delikatna okazja dla os\u00f3b o wra\u017cliwej sk\u00f3rze, aby cieszy\u0107 si\u0119 dobrze znanymi dobroczynnymi w\u0142a\u015bciwo\u015bciami olejku eterycznego z oregano.<\/p>\n<ul>\n<li>Korzy\u015bci z olejku eterycznego z oregano w delikatnej mieszance<\/li>\n<li>Zmniejsza zaczerwienienie sk\u00f3ry<\/li>\n<li>Ma dzia\u0142anie oczyszczaj\u0105ce i mo\u017ce by\u0107 stosowany do masa\u017cu relaksacyjnego<\/li>\n<\/ul>\n<p>&nbsp;<\/p>\n<p>Aby uzyska\u0107 wi\u0119cej informacji na temat <strong>mieszaniny olejk\u00f3w eterycznych <\/strong> z <strong>oregano (OREGANO TOUCH), <\/strong> zobacz film poni\u017cej.<\/p>\n<p><iframe title=\"Roll On Immunity z doTERRA Oregano Touch\" src=\"https:\/\/www.youtube.com\/embed\/3jESgB8au70\" width=\"942\" height=\"530\" frameborder=\"0\" allowfullscreen=\"allowfullscreen\"><\/iframe><\/p>\n","protected":false},"excerpt":{"rendered":"<ul>\n<li>Korzy\u015bci z olejku eterycznego z oregano w delikatnej mieszance<\/li>\n<li>Zmniejsza zaczerwienienie sk\u00f3ry<\/li>\n<li>Ma dzia\u0142anie oczyszczaj\u0105ce i mo\u017ce by\u0107 stosowany do masa\u017cu relaksacyjnego<\/li>\n<\/ul>\n","protected":false},"featured_media":12567,"template":"","meta":{"site-sidebar-layout":"default","site-content-layout":"default","ast-site-content-layout":"default","site-content-style":"default","site-sidebar-style":"default","ast-global-header-display":"","ast-banner-title-visibility":"","ast-main-header-display":"","ast-hfb-above-header-display":"","ast-hfb-below-header-display":"","ast-hfb-mobile-header-display":"","site-post-title":"","ast-breadcrumbs-content":"","ast-featured-img":"","footer-sml-layout":"","ast-disable-related-posts":"","theme-transparent-header-meta":"default","adv-header-id-meta":"","stick-header-meta":"","header-above-stick-meta":"","header-main-stick-meta":"","header-below-stick-meta":"","astra-migrate-meta-layouts":"default","ast-page-background-enabled":"default","ast-page-background-meta":{"desktop":{"background-color":"","background-image":"","background-repeat":"repeat","background-position":"center center","background-size":"auto","background-attachment":"scroll","background-type":"","background-media":"","overlay-type":"","overlay-color":"","overlay-opacity":"","overlay-gradient":""},"tablet":{"background-color":"","background-image":"","background-repeat":"repeat","background-position":"center center","background-size":"auto","background-attachment":"scroll","background-type":"","background-media":"","overlay-type":"","overlay-color":"","overlay-opacity":"","overlay-gradient":""},"mobile":{"background-color":"","background-image":"","background-repeat":"repeat","background-position":"center center","background-size":"auto","background-attachment":"scroll","background-type":"","background-media":"","overlay-type":"","overlay-color":"","overlay-opacity":"","overlay-gradient":""}},"ast-content-background-meta":{"desktop":{"background-color":"var(--ast-global-color-5)","background-image":"","background-repeat":"repeat","background-position":"center center","background-size":"auto","background-attachment":"scroll","background-type":"","background-media":"","overlay-type":"","overlay-color":"","overlay-opacity":"","overlay-gradient":""},"tablet":{"background-color":"var(--ast-global-color-5)","background-image":"","background-repeat":"repeat","background-position":"center center","background-size":"auto","background-attachment":"scroll","background-type":"","background-media":"","overlay-type":"","overlay-color":"","overlay-opacity":"","overlay-gradient":""},"mobile":{"background-color":"var(--ast-global-color-5)","background-image":"","background-repeat":"repeat","background-position":"center center","background-size":"auto","background-attachment":"scroll","background-type":"","background-media":"","overlay-type":"","overlay-color":"","overlay-opacity":"","overlay-gradient":""}}},"product_brand":[],"product_cat":[1704,1698],"product_tag":[722,1535],"class_list":{"0":"post-16280","1":"product","2":"type-product","3":"status-publish","4":"has-post-thumbnail","6":"product_cat-czyste-olejki-eteryczne","7":"product_cat-olejki-eteryczne","8":"product_tag-10-ml-pl","9":"product_tag-mieszanki-olejkow-eterycznych","10":"desktop-align-left","11":"tablet-align-left","12":"mobile-align-left","14":"first","15":"instock","16":"taxable","17":"shipping-taxable","18":"purchasable","19":"product-type-simple"},"_links":{"self":[{"href":"https:\/\/mamaterra.lt\/pl\/wp-json\/wp\/v2\/product\/16280","targetHints":{"allow":["GET"]}}],"collection":[{"href":"https:\/\/mamaterra.lt\/pl\/wp-json\/wp\/v2\/product"}],"about":[{"href":"https:\/\/mamaterra.lt\/pl\/wp-json\/wp\/v2\/types\/product"}],"wp:featuredmedia":[{"embeddable":true,"href":"https:\/\/mamaterra.lt\/pl\/wp-json\/wp\/v2\/media\/12567"}],"wp:attachment":[{"href":"https:\/\/mamaterra.lt\/pl\/wp-json\/wp\/v2\/media?parent=16280"}],"wp:term":[{"taxonomy":"product_brand","embeddable":true,"href":"https:\/\/mamaterra.lt\/pl\/wp-json\/wp\/v2\/product_brand?post=16280"},{"taxonomy":"product_cat","embeddable":true,"href":"https:\/\/mamaterra.lt\/pl\/wp-json\/wp\/v2\/product_cat?post=16280"},{"taxonomy":"product_tag","embeddable":true,"href":"https:\/\/mamaterra.lt\/pl\/wp-json\/wp\/v2\/product_tag?post=16280"}],"curies":[{"name":"wp","href":"https:\/\/api.w.org\/{rel}","templated":true}]}}