{"id":16277,"date":"2021-04-19T08:10:08","date_gmt":"2021-04-19T07:10:08","guid":{"rendered":"https:\/\/mamaterra.lt\/parduotuve\/bez-kategorii\/tea-tree-melaleuca-tea-tree-touch-doterra-blend-olejkow-eterycznych-10ml\/"},"modified":"2021-04-19T08:10:08","modified_gmt":"2021-04-19T07:10:08","slug":"melaleuca-tea-tree-touch-doterra-essential-oil-blend-10ml","status":"publish","type":"product","link":"https:\/\/mamaterra.lt\/pl\/parduotuve\/olejki-eteryczne\/mieszanki-olejkow-eterycznych\/melaleuca-tea-tree-touch-doterra-essential-oil-blend-10ml\/","title":{"rendered":"Tea Tree (MELALEUCA \u2013 Tea Tree Touch) doTERRA Blend olejk\u00f3w eterycznych 10ml"},"content":{"rendered":"<p><strong>Tea Tree (MELALEUCA &#8211; Tea Tree Touch) doTERRA Blend olejk\u00f3w eterycznych<\/strong><\/p>\n<p>Butelka 10 ml z aplikatorem kulkowym<\/p>\n<p>&nbsp;<\/p>\n<p><strong>Opis i sk\u0142adniki mieszanki olejk\u00f3w eterycznych z drzewa herbacianego (MELALEUCA &#8211; Tea Tree Touch) doTERRA:<\/strong><\/p>\n<p>doTERRA Tea Tree Touch sk\u0142ada si\u0119 z idealnie dobranego olejku z drzewa herbacianego (prascapium mirtle) oraz frakcjonowanego oleju kokosowego, dzi\u0119ki czemu produkt ten jest idealny dla sk\u00f3ry wra\u017cliwej.<\/p>\n<ul>\n<li>Ceniony za dzia\u0142anie oczyszczaj\u0105ce i odm\u0142adzaj\u0105ce sk\u00f3r\u0119<\/li>\n<li>Paznokcie staj\u0105 si\u0119 zdrowe i mocne<\/li>\n<li>\u0141agodzi podra\u017cnion\u0105 sk\u00f3r\u0119<\/li>\n<\/ul>\n<p>&nbsp;<\/p>\n<p>Aby uzyska\u0107 wi\u0119cej informacji na temat <strong>mieszanki olejk\u00f3w eterycznych doTERRA z drzewa herbacianego (MELALEUCA &#8211; Tea Tree Touch), <\/strong>zobacz film poni\u017cej.<\/p>\n<p><iframe title=\"4 sposoby u\u017cycia rolki dotykowej Melaleuca firmy doTERRA\" src=\"https:\/\/www.youtube.com\/embed\/pgSQZJPW4Qw\" width=\"942\" height=\"530\" frameborder=\"0\" allowfullscreen=\"allowfullscreen\"><\/iframe><\/p>\n","protected":false},"excerpt":{"rendered":"<ul>\n<li>Ceniony za dzia\u0142anie oczyszczaj\u0105ce i odm\u0142adzaj\u0105ce sk\u00f3r\u0119<\/li>\n<li>Paznokcie staj\u0105 si\u0119 zdrowe i mocne<\/li>\n<li>\u0141agodzi podra\u017cnion\u0105 sk\u00f3r\u0119<\/li>\n<\/ul>\n","protected":false},"featured_media":12498,"template":"","meta":{"site-sidebar-layout":"default","site-content-layout":"default","ast-site-content-layout":"default","site-content-style":"default","site-sidebar-style":"default","ast-global-header-display":"","ast-banner-title-visibility":"","ast-main-header-display":"","ast-hfb-above-header-display":"","ast-hfb-below-header-display":"","ast-hfb-mobile-header-display":"","site-post-title":"","ast-breadcrumbs-content":"","ast-featured-img":"","footer-sml-layout":"","ast-disable-related-posts":"","theme-transparent-header-meta":"default","adv-header-id-meta":"","stick-header-meta":"","header-above-stick-meta":"","header-main-stick-meta":"","header-below-stick-meta":"","astra-migrate-meta-layouts":"default","ast-page-background-enabled":"default","ast-page-background-meta":{"desktop":{"background-color":"","background-image":"","background-repeat":"repeat","background-position":"center center","background-size":"auto","background-attachment":"scroll","background-type":"","background-media":"","overlay-type":"","overlay-color":"","overlay-opacity":"","overlay-gradient":""},"tablet":{"background-color":"","background-image":"","background-repeat":"repeat","background-position":"center center","background-size":"auto","background-attachment":"scroll","background-type":"","background-media":"","overlay-type":"","overlay-color":"","overlay-opacity":"","overlay-gradient":""},"mobile":{"background-color":"","background-image":"","background-repeat":"repeat","background-position":"center center","background-size":"auto","background-attachment":"scroll","background-type":"","background-media":"","overlay-type":"","overlay-color":"","overlay-opacity":"","overlay-gradient":""}},"ast-content-background-meta":{"desktop":{"background-color":"var(--ast-global-color-5)","background-image":"","background-repeat":"repeat","background-position":"center center","background-size":"auto","background-attachment":"scroll","background-type":"","background-media":"","overlay-type":"","overlay-color":"","overlay-opacity":"","overlay-gradient":""},"tablet":{"background-color":"var(--ast-global-color-5)","background-image":"","background-repeat":"repeat","background-position":"center center","background-size":"auto","background-attachment":"scroll","background-type":"","background-media":"","overlay-type":"","overlay-color":"","overlay-opacity":"","overlay-gradient":""},"mobile":{"background-color":"var(--ast-global-color-5)","background-image":"","background-repeat":"repeat","background-position":"center center","background-size":"auto","background-attachment":"scroll","background-type":"","background-media":"","overlay-type":"","overlay-color":"","overlay-opacity":"","overlay-gradient":""}}},"product_brand":[],"product_cat":[1755,1711,1702,1698],"product_tag":[722,1095,1535,905],"class_list":{"0":"post-16277","1":"product","2":"type-product","3":"status-publish","4":"has-post-thumbnail","6":"product_cat-dla-dzieci","7":"product_cat-higiena-i-pielegnacja-skory","8":"product_cat-mieszanki-olejkow-eterycznych","9":"product_cat-olejki-eteryczne","10":"product_tag-10-ml-pl","11":"product_tag-melaleuca-pl","12":"product_tag-mieszanki-olejkow-eterycznych","13":"product_tag-tee-tree-touch-pl","14":"desktop-align-left","15":"tablet-align-left","16":"mobile-align-left","18":"first","19":"instock","20":"taxable","21":"shipping-taxable","22":"purchasable","23":"product-type-simple"},"_links":{"self":[{"href":"https:\/\/mamaterra.lt\/pl\/wp-json\/wp\/v2\/product\/16277","targetHints":{"allow":["GET"]}}],"collection":[{"href":"https:\/\/mamaterra.lt\/pl\/wp-json\/wp\/v2\/product"}],"about":[{"href":"https:\/\/mamaterra.lt\/pl\/wp-json\/wp\/v2\/types\/product"}],"wp:featuredmedia":[{"embeddable":true,"href":"https:\/\/mamaterra.lt\/pl\/wp-json\/wp\/v2\/media\/12498"}],"wp:attachment":[{"href":"https:\/\/mamaterra.lt\/pl\/wp-json\/wp\/v2\/media?parent=16277"}],"wp:term":[{"taxonomy":"product_brand","embeddable":true,"href":"https:\/\/mamaterra.lt\/pl\/wp-json\/wp\/v2\/product_brand?post=16277"},{"taxonomy":"product_cat","embeddable":true,"href":"https:\/\/mamaterra.lt\/pl\/wp-json\/wp\/v2\/product_cat?post=16277"},{"taxonomy":"product_tag","embeddable":true,"href":"https:\/\/mamaterra.lt\/pl\/wp-json\/wp\/v2\/product_tag?post=16277"}],"curies":[{"name":"wp","href":"https:\/\/api.w.org\/{rel}","templated":true}]}}