{"id":16274,"date":"2021-04-19T08:03:59","date_gmt":"2021-04-19T07:03:59","guid":{"rendered":"https:\/\/mamaterra.lt\/parduotuve\/bez-kategorii\/doterra-motivate-touch-mieszanka-olejkow-eterycznych-10ml\/"},"modified":"2021-04-19T08:03:59","modified_gmt":"2021-04-19T07:03:59","slug":"doterra-motywowac-dotyk-mieszanka-olejkow-10ml","status":"publish","type":"product","link":"https:\/\/mamaterra.lt\/pl\/parduotuve\/olejki-eteryczne\/mieszanki-olejkow-eterycznych\/doterra-motywowac-dotyk-mieszanka-olejkow-10ml\/","title":{"rendered":"doTERRA MOTIVATE\u2122 TOUCH mieszanka olejk\u00f3w eterycznych 10ml"},"content":{"rendered":"<p><strong>DoTERRA MOTIVATE\u2122 TOUCH Blend olejk\u00f3w eterycznych<\/strong><\/p>\n<p>Butelka 10 ml z aplikatorem kulkowym<\/p>\n<p>&nbsp;<\/p>\n<p><strong>DoTERRA MOTIVATE\u2122 TOUCH Blend olejk\u00f3w eterycznych Opis i sk\u0142adniki:<\/strong><\/p>\n<p>Stosuj\u0105c unikaln\u0105 mieszank\u0119 olejk\u00f3w mi\u0119towych i cytrusowych, doTERRA Motivate, mo\u017cesz zast\u0105pi\u0107 negatywne emocje poczuciem pewno\u015bci siebie i odwagi.<\/p>\n<ul>\n<li>Pomaga roz\u0142adowa\u0107 napi\u0119cie, kt\u00f3re odczuwasz<\/li>\n<li>Tworzy podnosz\u0105cy na duchu aromat<\/li>\n<li>Pomaga uziemi\u0107 i zr\u00f3wnowa\u017cy\u0107 emocje<\/li>\n<\/ul>\n<p>&nbsp;<\/p>\n<p>Wi\u0119cej informacji o <strong>doTERRA MOTIVATE\u2122 TOUCH<\/strong><strong> <\/strong><strong>Mieszanin\u0119 olejk\u00f3w eterycznych <\/strong>znajdziesz w poni\u017cszym filmie.<\/p>\n<p><iframe title=\"Najlepsza p\u0142ynna odwaga z doTERRA Motivate Touch\" src=\"https:\/\/www.youtube.com\/embed\/jZi9rFGc1dE\" width=\"942\" height=\"530\" frameborder=\"0\" allowfullscreen=\"allowfullscreen\"><\/iframe><\/p>\n","protected":false},"excerpt":{"rendered":"<ul>\n<li>Pomaga roz\u0142adowa\u0107 napi\u0119cie, kt\u00f3re odczuwasz<\/li>\n<li>Tworzy podnosz\u0105cy na duchu aromat<\/li>\n<li>Pomaga uziemi\u0107 i zr\u00f3wnowa\u017cy\u0107 emocje<\/li>\n<\/ul>\n","protected":false},"featured_media":12684,"template":"","meta":{"site-sidebar-layout":"default","site-content-layout":"default","ast-site-content-layout":"default","site-content-style":"default","site-sidebar-style":"default","ast-global-header-display":"","ast-banner-title-visibility":"","ast-main-header-display":"","ast-hfb-above-header-display":"","ast-hfb-below-header-display":"","ast-hfb-mobile-header-display":"","site-post-title":"","ast-breadcrumbs-content":"","ast-featured-img":"","footer-sml-layout":"","ast-disable-related-posts":"","theme-transparent-header-meta":"default","adv-header-id-meta":"","stick-header-meta":"","header-above-stick-meta":"","header-main-stick-meta":"","header-below-stick-meta":"","astra-migrate-meta-layouts":"default","ast-page-background-enabled":"default","ast-page-background-meta":{"desktop":{"background-color":"","background-image":"","background-repeat":"repeat","background-position":"center center","background-size":"auto","background-attachment":"scroll","background-type":"","background-media":"","overlay-type":"","overlay-color":"","overlay-opacity":"","overlay-gradient":""},"tablet":{"background-color":"","background-image":"","background-repeat":"repeat","background-position":"center center","background-size":"auto","background-attachment":"scroll","background-type":"","background-media":"","overlay-type":"","overlay-color":"","overlay-opacity":"","overlay-gradient":""},"mobile":{"background-color":"","background-image":"","background-repeat":"repeat","background-position":"center center","background-size":"auto","background-attachment":"scroll","background-type":"","background-media":"","overlay-type":"","overlay-color":"","overlay-opacity":"","overlay-gradient":""}},"ast-content-background-meta":{"desktop":{"background-color":"var(--ast-global-color-5)","background-image":"","background-repeat":"repeat","background-position":"center center","background-size":"auto","background-attachment":"scroll","background-type":"","background-media":"","overlay-type":"","overlay-color":"","overlay-opacity":"","overlay-gradient":""},"tablet":{"background-color":"var(--ast-global-color-5)","background-image":"","background-repeat":"repeat","background-position":"center center","background-size":"auto","background-attachment":"scroll","background-type":"","background-media":"","overlay-type":"","overlay-color":"","overlay-opacity":"","overlay-gradient":""},"mobile":{"background-color":"var(--ast-global-color-5)","background-image":"","background-repeat":"repeat","background-position":"center center","background-size":"auto","background-attachment":"scroll","background-type":"","background-media":"","overlay-type":"","overlay-color":"","overlay-opacity":"","overlay-gradient":""}}},"product_brand":[],"product_cat":[1755,1702,1698,1752],"product_tag":[722,1535,1480,1106],"class_list":{"0":"post-16274","1":"product","2":"type-product","3":"status-publish","4":"has-post-thumbnail","6":"product_cat-dla-dzieci","7":"product_cat-mieszanki-olejkow-eterycznych","8":"product_cat-olejki-eteryczne","9":"product_cat-radzenia-sobie-ze-stresem","10":"product_tag-10-ml-pl","11":"product_tag-mieszanki-olejkow-eterycznych","12":"product_tag-motivate-pl","13":"product_tag-motivate-touch-pl","14":"desktop-align-left","15":"tablet-align-left","16":"mobile-align-left","18":"first","19":"instock","20":"sale","21":"taxable","22":"shipping-taxable","23":"purchasable","24":"product-type-simple"},"_links":{"self":[{"href":"https:\/\/mamaterra.lt\/pl\/wp-json\/wp\/v2\/product\/16274","targetHints":{"allow":["GET"]}}],"collection":[{"href":"https:\/\/mamaterra.lt\/pl\/wp-json\/wp\/v2\/product"}],"about":[{"href":"https:\/\/mamaterra.lt\/pl\/wp-json\/wp\/v2\/types\/product"}],"wp:featuredmedia":[{"embeddable":true,"href":"https:\/\/mamaterra.lt\/pl\/wp-json\/wp\/v2\/media\/12684"}],"wp:attachment":[{"href":"https:\/\/mamaterra.lt\/pl\/wp-json\/wp\/v2\/media?parent=16274"}],"wp:term":[{"taxonomy":"product_brand","embeddable":true,"href":"https:\/\/mamaterra.lt\/pl\/wp-json\/wp\/v2\/product_brand?post=16274"},{"taxonomy":"product_cat","embeddable":true,"href":"https:\/\/mamaterra.lt\/pl\/wp-json\/wp\/v2\/product_cat?post=16274"},{"taxonomy":"product_tag","embeddable":true,"href":"https:\/\/mamaterra.lt\/pl\/wp-json\/wp\/v2\/product_tag?post=16274"}],"curies":[{"name":"wp","href":"https:\/\/api.w.org\/{rel}","templated":true}]}}