{"id":16262,"date":"2021-04-19T08:19:47","date_gmt":"2021-04-19T07:19:47","guid":{"rendered":"https:\/\/mamaterra.lt\/parduotuve\/bez-kategorii\/zestaw-olejkow-eterycznych-doterra-niezbedne-aromaty-6-roznych-mieszanek-olejkow-eterycznych-po-5-ml-kazda\/"},"modified":"2021-04-19T08:19:47","modified_gmt":"2021-04-19T07:19:47","slug":"essential-oil-kit-doterra-essential-aromatics-6-different-essential-oil-blends-x-5ml","status":"publish","type":"product","link":"https:\/\/mamaterra.lt\/pl\/parduotuve\/olejki-eteryczne\/mieszanki-olejkow-eterycznych\/essential-oil-kit-doterra-essential-aromatics-6-different-essential-oil-blends-x-5ml\/","title":{"rendered":"Zestaw olejk\u00f3w eterycznych doTERRA niezb\u0119dne aromaty\u2122 (6 r\u00f3\u017cnych mieszanek olejk\u00f3w eterycznych po 5 ml ka\u017cda)"},"content":{"rendered":"<p><strong>Zestaw olejk\u00f3w eterycznych doTERRA ESSENTIAL AROMATICS\u2122<\/strong><\/p>\n<p>6 r\u00f3\u017cnych mieszanek olejk\u00f3w eterycznych po 5 ml ka\u017cda<\/p>\n<p>&nbsp;<\/p>\n<p><strong>Opis i sk\u0142ad zestawu olejk\u00f3w eterycznych doTERRA niezb\u0119dne aromaty\u2122:<\/strong><\/p>\n<p>Korzystaj\u0105c z tej linii opatentowanych mieszanek olejk\u00f3w eterycznych, kt\u00f3ra odzwierciedla sze\u015b\u0107 kategorii dobrego samopoczucia emocjonalnego, zarz\u0105dzanie emocjami w aromatyczny spos\u00f3b stanie si\u0119 proste i dost\u0119pne dla ka\u017cdego.<\/p>\n<p>Ka\u017cda delikatna mieszanka sk\u0142ada si\u0119 z certyfikowanych przez CPTG olejk\u00f3w eterycznych Pure Tested Grade\u2122, kt\u00f3re mog\u0105 by\u0107 stosowane aromatycznie lub zewn\u0119trznie i kt\u00f3re pomagaj\u0105 utrzyma\u0107 r\u00f3wnowag\u0119 i rozja\u015bni\u0107 zmieniaj\u0105cy si\u0119 nastr\u00f3j.<\/p>\n<p>Zaledwie kilka kropel tych naturalnych z\u0142o\u017conych mieszanek zapachowych mo\u017ce wywo\u0142a\u0107 g\u0142\u0119bokie reakcje emocjonalne, kt\u00f3re pomog\u0105 Ci pozby\u0107 si\u0119 ci\u0119\u017caru, znale\u017a\u0107 komfort i zach\u0119t\u0119 lub zainspirowa\u0107 Ci\u0119 do nami\u0119tnego marzenia na nowo.<\/p>\n<ul>\n<li><strong>Sze\u015b\u0107 butelek olejk\u00f3w eterycznych i ich mieszanin w obj\u0119to\u015bci 5 ml:<\/strong>\n<ol>\n<li>doTERRA Motywuj\u2122<\/li>\n<li>DoTERRA Cheer\u2122<\/li>\n<li>Pasja\u2122 doTERRA<\/li>\n<li>doTERRA Wybacz\u2122<\/li>\n<li>Konsola\u2122 doTERRA<\/li>\n<li>doTERRA Peace\u2122<\/li>\n<\/ol>\n<\/li>\n<\/ul>\n<p>&nbsp;<\/p>\n<p>Aby uzyska\u0107 wi\u0119cej informacji na temat <strong>zestawu olejk\u00f3w eterycznych doTERRA ESSENTIAL AROMATICS ,\u2122 <\/strong>zobacz film poni\u017cej.<\/p>\n<p><iframe title=\"doTERRA Europe - Essential Aromatics Diffused Kit (przet\u0142umaczone napisy)\" src=\"https:\/\/www.youtube.com\/embed\/4366lx1xlMw\" width=\"942\" height=\"530\" frameborder=\"0\" allowfullscreen=\"allowfullscreen\"><\/iframe><\/p>\n","protected":false},"excerpt":{"rendered":"<ul>\n<li>Sze\u015b\u0107 butelek olejk\u00f3w eterycznych i ich mieszanin w obj\u0119to\u015bci 5 ml:\n<ol>\n<li>doTERRA Motywuj\u2122<\/li>\n<li>DoTERRA Cheer\u2122<\/li>\n<li>Pasja\u2122 doTERRA<\/li>\n<li>doTERRA Wybacz\u2122<\/li>\n<li>Konsola\u2122 doTERRA<\/li>\n<li>doTERRA Peace\u2122<\/li>\n<\/ol>\n<\/li>\n<\/ul>\n","protected":false},"featured_media":12345,"template":"","meta":{"site-sidebar-layout":"default","site-content-layout":"default","ast-site-content-layout":"default","site-content-style":"default","site-sidebar-style":"default","ast-global-header-display":"","ast-banner-title-visibility":"","ast-main-header-display":"","ast-hfb-above-header-display":"","ast-hfb-below-header-display":"","ast-hfb-mobile-header-display":"","site-post-title":"","ast-breadcrumbs-content":"","ast-featured-img":"","footer-sml-layout":"","ast-disable-related-posts":"","theme-transparent-header-meta":"default","adv-header-id-meta":"","stick-header-meta":"","header-above-stick-meta":"","header-main-stick-meta":"","header-below-stick-meta":"","astra-migrate-meta-layouts":"default","ast-page-background-enabled":"default","ast-page-background-meta":{"desktop":{"background-color":"","background-image":"","background-repeat":"repeat","background-position":"center center","background-size":"auto","background-attachment":"scroll","background-type":"","background-media":"","overlay-type":"","overlay-color":"","overlay-opacity":"","overlay-gradient":""},"tablet":{"background-color":"","background-image":"","background-repeat":"repeat","background-position":"center center","background-size":"auto","background-attachment":"scroll","background-type":"","background-media":"","overlay-type":"","overlay-color":"","overlay-opacity":"","overlay-gradient":""},"mobile":{"background-color":"","background-image":"","background-repeat":"repeat","background-position":"center center","background-size":"auto","background-attachment":"scroll","background-type":"","background-media":"","overlay-type":"","overlay-color":"","overlay-opacity":"","overlay-gradient":""}},"ast-content-background-meta":{"desktop":{"background-color":"var(--ast-global-color-5)","background-image":"","background-repeat":"repeat","background-position":"center center","background-size":"auto","background-attachment":"scroll","background-type":"","background-media":"","overlay-type":"","overlay-color":"","overlay-opacity":"","overlay-gradient":""},"tablet":{"background-color":"var(--ast-global-color-5)","background-image":"","background-repeat":"repeat","background-position":"center center","background-size":"auto","background-attachment":"scroll","background-type":"","background-media":"","overlay-type":"","overlay-color":"","overlay-opacity":"","overlay-gradient":""},"mobile":{"background-color":"var(--ast-global-color-5)","background-image":"","background-repeat":"repeat","background-position":"center center","background-size":"auto","background-attachment":"scroll","background-type":"","background-media":"","overlay-type":"","overlay-color":"","overlay-opacity":"","overlay-gradient":""}}},"product_brand":[],"product_cat":[1702,1698,1707],"product_tag":[716,865,1524,1488,1555,1535,1475,1453,1450,1596],"class_list":{"0":"post-16262","1":"product","2":"type-product","3":"status-publish","4":"has-post-thumbnail","6":"product_cat-mieszanki-olejkow-eterycznych","7":"product_cat-olejki-eteryczne","8":"product_cat-zestawy-i-kolekcje","9":"product_tag-5ml-pl-2","10":"product_tag-cheer-pl","11":"product_tag-console-pl","12":"product_tag-forgive-pl","13":"product_tag-kolekcje","14":"product_tag-mieszanki-olejkow-eterycznych","15":"product_tag-motivat-pl","16":"product_tag-passion-pl","17":"product_tag-peace-pl","18":"product_tag-zestawy","19":"desktop-align-left","20":"tablet-align-left","21":"mobile-align-left","23":"first","24":"instock","25":"sale","26":"taxable","27":"shipping-taxable","28":"purchasable","29":"product-type-simple"},"_links":{"self":[{"href":"https:\/\/mamaterra.lt\/pl\/wp-json\/wp\/v2\/product\/16262","targetHints":{"allow":["GET"]}}],"collection":[{"href":"https:\/\/mamaterra.lt\/pl\/wp-json\/wp\/v2\/product"}],"about":[{"href":"https:\/\/mamaterra.lt\/pl\/wp-json\/wp\/v2\/types\/product"}],"wp:featuredmedia":[{"embeddable":true,"href":"https:\/\/mamaterra.lt\/pl\/wp-json\/wp\/v2\/media\/12345"}],"wp:attachment":[{"href":"https:\/\/mamaterra.lt\/pl\/wp-json\/wp\/v2\/media?parent=16262"}],"wp:term":[{"taxonomy":"product_brand","embeddable":true,"href":"https:\/\/mamaterra.lt\/pl\/wp-json\/wp\/v2\/product_brand?post=16262"},{"taxonomy":"product_cat","embeddable":true,"href":"https:\/\/mamaterra.lt\/pl\/wp-json\/wp\/v2\/product_cat?post=16262"},{"taxonomy":"product_tag","embeddable":true,"href":"https:\/\/mamaterra.lt\/pl\/wp-json\/wp\/v2\/product_tag?post=16262"}],"curies":[{"name":"wp","href":"https:\/\/api.w.org\/{rel}","templated":true}]}}