{"id":16252,"date":"2021-04-19T08:06:57","date_gmt":"2021-04-19T07:06:57","guid":{"rendered":"https:\/\/mamaterra.lt\/parduotuve\/bez-kategorii\/doterra-passion-touch-mieszanka-olejkow-eterycznych-10ml\/"},"modified":"2021-04-19T08:06:57","modified_gmt":"2021-04-19T07:06:57","slug":"doterra-passion-touch-blend-olejek-10ml","status":"publish","type":"product","link":"https:\/\/mamaterra.lt\/pl\/parduotuve\/olejki-eteryczne\/mieszanki-olejkow-eterycznych\/doterra-passion-touch-blend-olejek-10ml\/","title":{"rendered":"doTERRA PASSION\u2122 TOUCH mieszanka olejk\u00f3w eterycznych 10ml"},"content":{"rendered":"<p><strong>DoTERRA PASSION\u2122 TOUCH Blend olejk\u00f3w eterycznych<\/strong><\/p>\n<p>Butelka 10 ml z aplikatorem kulkowym<\/p>\n<p>&nbsp;<\/p>\n<p><strong>DoTERRA PASSION\u2122 TOUCH Blend olejk\u00f3w eterycznych Opis i sk\u0142adniki:<\/strong><\/p>\n<p>doTERRA Passion Touch \u0142\u0105czy frakcjonowany olej kokosowy z mieszank\u0105 przypraw i zi\u00f3\u0142 d\u014dTERRA Passion, aby przywr\u00f3ci\u0107 emocje do Twojego \u017cycia.<\/p>\n<ul>\n<li>\u0141\u0105czy frakcjonowany olej kokosowy, kardamon, sk\u00f3rk\u0119 cynamonu, imbir, go\u017adziki, drewno solone, ja\u015bmin, wanili\u0119 i szerokie tokarki<\/li>\n<li>Wzbudza ekscytacj\u0119, pasj\u0119 i rado\u015b\u0107<\/li>\n<li>Ciep\u0142y korzenny aromat<\/li>\n<\/ul>\n<p>&nbsp;<\/p>\n<p>Aby uzyska\u0107 wi\u0119cej informacji na temat <strong>mieszanki olejk\u00f3w eterycznych <\/strong><strong>doTERRA PASSION\u2122 TOUCH<\/strong>, zobacz poni\u017cszy film.<\/p>\n<p><iframe title=\"Dr Dave Pasja i konsola\" src=\"https:\/\/www.youtube.com\/embed\/hOx3qsdQnS8\" width=\"942\" height=\"530\" frameborder=\"0\" allowfullscreen=\"allowfullscreen\"><\/iframe><\/p>\n","protected":false},"excerpt":{"rendered":"<ul>\n<li>\u0141\u0105czy frakcjonowany olej kokosowy, kardamon, sk\u00f3rk\u0119 cynamonu, imbir, go\u017adziki, drewno solone, ja\u015bmin, wanili\u0119 i szerokie tokarki<\/li>\n<li>Wzbudza ekscytacj\u0119, pasj\u0119 i rado\u015b\u0107<\/li>\n<li>Ciep\u0142y korzenny aromat<\/li>\n<\/ul>\n","protected":false},"featured_media":12675,"template":"","meta":{"site-sidebar-layout":"default","site-content-layout":"default","ast-site-content-layout":"default","site-content-style":"default","site-sidebar-style":"default","ast-global-header-display":"","ast-banner-title-visibility":"","ast-main-header-display":"","ast-hfb-above-header-display":"","ast-hfb-below-header-display":"","ast-hfb-mobile-header-display":"","site-post-title":"","ast-breadcrumbs-content":"","ast-featured-img":"","footer-sml-layout":"","ast-disable-related-posts":"","theme-transparent-header-meta":"default","adv-header-id-meta":"","stick-header-meta":"","header-above-stick-meta":"","header-main-stick-meta":"","header-below-stick-meta":"","astra-migrate-meta-layouts":"default","ast-page-background-enabled":"default","ast-page-background-meta":{"desktop":{"background-color":"","background-image":"","background-repeat":"repeat","background-position":"center center","background-size":"auto","background-attachment":"scroll","background-type":"","background-media":"","overlay-type":"","overlay-color":"","overlay-opacity":"","overlay-gradient":""},"tablet":{"background-color":"","background-image":"","background-repeat":"repeat","background-position":"center center","background-size":"auto","background-attachment":"scroll","background-type":"","background-media":"","overlay-type":"","overlay-color":"","overlay-opacity":"","overlay-gradient":""},"mobile":{"background-color":"","background-image":"","background-repeat":"repeat","background-position":"center center","background-size":"auto","background-attachment":"scroll","background-type":"","background-media":"","overlay-type":"","overlay-color":"","overlay-opacity":"","overlay-gradient":""}},"ast-content-background-meta":{"desktop":{"background-color":"var(--ast-global-color-5)","background-image":"","background-repeat":"repeat","background-position":"center center","background-size":"auto","background-attachment":"scroll","background-type":"","background-media":"","overlay-type":"","overlay-color":"","overlay-opacity":"","overlay-gradient":""},"tablet":{"background-color":"var(--ast-global-color-5)","background-image":"","background-repeat":"repeat","background-position":"center center","background-size":"auto","background-attachment":"scroll","background-type":"","background-media":"","overlay-type":"","overlay-color":"","overlay-opacity":"","overlay-gradient":""},"mobile":{"background-color":"var(--ast-global-color-5)","background-image":"","background-repeat":"repeat","background-position":"center center","background-size":"auto","background-attachment":"scroll","background-type":"","background-media":"","overlay-type":"","overlay-color":"","overlay-opacity":"","overlay-gradient":""}}},"product_brand":[],"product_cat":[1702,1698],"product_tag":[722,1535,1070],"class_list":{"0":"post-16252","1":"product","2":"type-product","3":"status-publish","4":"has-post-thumbnail","6":"product_cat-mieszanki-olejkow-eterycznych","7":"product_cat-olejki-eteryczne","8":"product_tag-10-ml-pl","9":"product_tag-mieszanki-olejkow-eterycznych","10":"product_tag-passion-touch-pl","11":"desktop-align-left","12":"tablet-align-left","13":"mobile-align-left","15":"first","16":"instock","17":"sale","18":"taxable","19":"shipping-taxable","20":"purchasable","21":"product-type-simple"},"_links":{"self":[{"href":"https:\/\/mamaterra.lt\/pl\/wp-json\/wp\/v2\/product\/16252","targetHints":{"allow":["GET"]}}],"collection":[{"href":"https:\/\/mamaterra.lt\/pl\/wp-json\/wp\/v2\/product"}],"about":[{"href":"https:\/\/mamaterra.lt\/pl\/wp-json\/wp\/v2\/types\/product"}],"wp:featuredmedia":[{"embeddable":true,"href":"https:\/\/mamaterra.lt\/pl\/wp-json\/wp\/v2\/media\/12675"}],"wp:attachment":[{"href":"https:\/\/mamaterra.lt\/pl\/wp-json\/wp\/v2\/media?parent=16252"}],"wp:term":[{"taxonomy":"product_brand","embeddable":true,"href":"https:\/\/mamaterra.lt\/pl\/wp-json\/wp\/v2\/product_brand?post=16252"},{"taxonomy":"product_cat","embeddable":true,"href":"https:\/\/mamaterra.lt\/pl\/wp-json\/wp\/v2\/product_cat?post=16252"},{"taxonomy":"product_tag","embeddable":true,"href":"https:\/\/mamaterra.lt\/pl\/wp-json\/wp\/v2\/product_tag?post=16252"}],"curies":[{"name":"wp","href":"https:\/\/api.w.org\/{rel}","templated":true}]}}