{"id":16248,"date":"2021-04-19T08:23:28","date_gmt":"2021-04-19T07:23:28","guid":{"rendered":"https:\/\/mamaterra.lt\/parduotuve\/bez-kategorii\/kolekcja-olejkow-eterycznych-doterra-joga-3-rozne-mieszanki-olejkow-eterycznych-po-10-ml-kazda\/"},"modified":"2024-07-01T18:12:58","modified_gmt":"2024-07-01T17:12:58","slug":"kolekcja-doterra-joga-olejki-eteryczne-3-rozne-olejki-eteryczne-mieszanki-x-5ml","status":"publish","type":"product","link":"https:\/\/mamaterra.lt\/pl\/parduotuve\/olejki-eteryczne\/mieszanki-olejkow-eterycznych\/kolekcja-doterra-joga-olejki-eteryczne-3-rozne-olejki-eteryczne-mieszanki-x-5ml\/","title":{"rendered":"Kolekcja olejk\u00f3w eterycznych doTERRA joga (3 r\u00f3\u017cne mieszanki olejk\u00f3w eterycznych po 5 ml ka\u017cda)"},"content":{"rendered":"<p><strong>Kolekcja olejk\u00f3w eterycznych doTERRA YOGA <\/strong><\/p>\n<p>3 r\u00f3\u017cne mieszanki olejk\u00f3w eterycznych doTERRA po 5 ml ka\u017cda<\/p>\n<p>&nbsp;<\/p>\n<p><strong>Kolekcja olejk\u00f3w eterycznych doTERRA YOGA Opis:<\/strong><\/p>\n<p>Ekskluzywny tercet olejk\u00f3w eterycznych CPTG\u2122 stworzony przez doTERRA dla jogina w Tobie. <strong>doTERRA Anchor\u2122, doTERRA Align\u2122 i doTERRA Arise\u2122<\/strong> to wspania\u0142e mieszanki olejk\u00f3w eterycznych, kt\u00f3re wzbogac\u0105 Twoje \u017cycie i praktyk\u0119 jogi. Aromaty tych mieszanek zach\u0119caj\u0105 do utrzymania r\u00f3wnowagi, koncentracji i rozja\u015bniania duszy z ka\u017cdym oddechem, wykonuj\u0105c \u0107wiczenia wzmacniaj\u0105ce i rozci\u0105gaj\u0105ce cia\u0142o.<\/p>\n<p><strong>Kolekcja olejk\u00f3w eterycznych doTERRA YOGA sk\u0142ada si\u0119 z:<\/strong><\/p>\n<ul>\n<li>Trzy fiolki o pojemno\u015bci 5 ml:\n<ol>\n<li>doTERRA Kotwa\u2122 Mieszanka olejk\u00f3w eterycznych<\/li>\n<li>Mieszanka olejk\u00f3w eterycznych doTERRA Align\u2122<\/li>\n<li>doTERRA Arise\u2122 Mieszanka olejk\u00f3w eterycznych<\/li>\n<\/ol>\n<\/li>\n<\/ul>\n<p>Wi\u0119cej informacji na temat <strong>kolekcji olejk\u00f3w eterycznych doTERRA YOGA <\/strong>mo\u017cna znale\u017a\u0107 w poni\u017cszym filmie.<\/p>\n<p><iframe title=\"Kolekcja olejk\u00f3w eterycznych do jogi od doTERRA- olejki eteryczne i joga\" src=\"https:\/\/www.youtube.com\/embed\/xoMXTIy3Qwg\" width=\"853\" height=\"480\" frameborder=\"0\" allowfullscreen=\"allowfullscreen\"><\/iframe><\/p>\n","protected":false},"excerpt":{"rendered":"<ul>\n<li>Trzy fiolki o pojemno\u015bci 5 ml:\n<ol>\n<li>doTERRA Kotwa\u2122 Mieszanka olejk\u00f3w eterycznych<\/li>\n<li>Mieszanka olejk\u00f3w eterycznych doTERRA Align\u2122<\/li>\n<li>doTERRA Arise\u2122 Mieszanka olejk\u00f3w eterycznych<\/li>\n<\/ol>\n<\/li>\n<\/ul>\n","protected":false},"featured_media":12330,"template":"","meta":{"site-sidebar-layout":"default","site-content-layout":"default","ast-site-content-layout":"default","site-content-style":"default","site-sidebar-style":"default","ast-global-header-display":"","ast-banner-title-visibility":"","ast-main-header-display":"","ast-hfb-above-header-display":"","ast-hfb-below-header-display":"","ast-hfb-mobile-header-display":"","site-post-title":"","ast-breadcrumbs-content":"","ast-featured-img":"","footer-sml-layout":"","ast-disable-related-posts":"","theme-transparent-header-meta":"default","adv-header-id-meta":"","stick-header-meta":"","header-above-stick-meta":"","header-main-stick-meta":"","header-below-stick-meta":"","astra-migrate-meta-layouts":"set","ast-page-background-enabled":"default","ast-page-background-meta":{"desktop":{"background-color":"","background-image":"","background-repeat":"repeat","background-position":"center center","background-size":"auto","background-attachment":"scroll","background-type":"","background-media":"","overlay-type":"","overlay-color":"","overlay-opacity":"","overlay-gradient":""},"tablet":{"background-color":"","background-image":"","background-repeat":"repeat","background-position":"center center","background-size":"auto","background-attachment":"scroll","background-type":"","background-media":"","overlay-type":"","overlay-color":"","overlay-opacity":"","overlay-gradient":""},"mobile":{"background-color":"","background-image":"","background-repeat":"repeat","background-position":"center center","background-size":"auto","background-attachment":"scroll","background-type":"","background-media":"","overlay-type":"","overlay-color":"","overlay-opacity":"","overlay-gradient":""}},"ast-content-background-meta":{"desktop":{"background-color":"var(--ast-global-color-5)","background-image":"","background-repeat":"repeat","background-position":"center center","background-size":"auto","background-attachment":"scroll","background-type":"","background-media":"","overlay-type":"","overlay-color":"","overlay-opacity":"","overlay-gradient":""},"tablet":{"background-color":"var(--ast-global-color-5)","background-image":"","background-repeat":"repeat","background-position":"center center","background-size":"auto","background-attachment":"scroll","background-type":"","background-media":"","overlay-type":"","overlay-color":"","overlay-opacity":"","overlay-gradient":""},"mobile":{"background-color":"var(--ast-global-color-5)","background-image":"","background-repeat":"repeat","background-position":"center center","background-size":"auto","background-attachment":"scroll","background-type":"","background-media":"","overlay-type":"","overlay-color":"","overlay-opacity":"","overlay-gradient":""}}},"product_brand":[],"product_cat":[1702,1698,1707],"product_tag":[748,1360,1363,1378,1555,1535,896,1596],"class_list":{"0":"post-16248","1":"product","2":"type-product","3":"status-publish","4":"has-post-thumbnail","6":"product_cat-mieszanki-olejkow-eterycznych","7":"product_cat-olejki-eteryczne","8":"product_cat-zestawy-i-kolekcje","9":"product_tag-10ml-pl","10":"product_tag-align-pl","11":"product_tag-anchor-pl","12":"product_tag-arise-pl","13":"product_tag-kolekcje","14":"product_tag-mieszanki-olejkow-eterycznych","15":"product_tag-yoga-pl","16":"product_tag-zestawy","17":"desktop-align-left","18":"tablet-align-left","19":"mobile-align-left","21":"first","22":"instock","23":"taxable","24":"shipping-taxable","25":"purchasable","26":"product-type-simple"},"_links":{"self":[{"href":"https:\/\/mamaterra.lt\/pl\/wp-json\/wp\/v2\/product\/16248","targetHints":{"allow":["GET"]}}],"collection":[{"href":"https:\/\/mamaterra.lt\/pl\/wp-json\/wp\/v2\/product"}],"about":[{"href":"https:\/\/mamaterra.lt\/pl\/wp-json\/wp\/v2\/types\/product"}],"wp:featuredmedia":[{"embeddable":true,"href":"https:\/\/mamaterra.lt\/pl\/wp-json\/wp\/v2\/media\/12330"}],"wp:attachment":[{"href":"https:\/\/mamaterra.lt\/pl\/wp-json\/wp\/v2\/media?parent=16248"}],"wp:term":[{"taxonomy":"product_brand","embeddable":true,"href":"https:\/\/mamaterra.lt\/pl\/wp-json\/wp\/v2\/product_brand?post=16248"},{"taxonomy":"product_cat","embeddable":true,"href":"https:\/\/mamaterra.lt\/pl\/wp-json\/wp\/v2\/product_cat?post=16248"},{"taxonomy":"product_tag","embeddable":true,"href":"https:\/\/mamaterra.lt\/pl\/wp-json\/wp\/v2\/product_tag?post=16248"}],"curies":[{"name":"wp","href":"https:\/\/api.w.org\/{rel}","templated":true}]}}