{"id":16247,"date":"2021-04-19T08:11:00","date_gmt":"2021-04-19T07:11:00","guid":{"rendered":"https:\/\/mamaterra.lt\/parduotuve\/bez-kategorii\/zengest-touch-doterra-blend-olejkow-eterycznych-10ml\/"},"modified":"2021-04-19T08:11:00","modified_gmt":"2021-04-19T07:11:00","slug":"zengest-touch-doterra-essential-oil-blend-10ml","status":"publish","type":"product","link":"https:\/\/mamaterra.lt\/pl\/parduotuve\/olejki-eteryczne\/mieszanki-olejkow-eterycznych\/zengest-touch-doterra-essential-oil-blend-10ml\/","title":{"rendered":"Zengest\u2122 TOUCH doTERRA Blend olejk\u00f3w eterycznych 10ml"},"content":{"rendered":"<p><strong>Zengest\u2122 TOUCH doTERRA Blend olejk\u00f3w eterycznych<\/strong><\/p>\n<p>Butelka 10 ml z aplikatorem kulkowym<\/p>\n<p>&nbsp;<\/p>\n<p><strong>Zengest\u2122 TOUCH doTERRA Essential Oil Blend Opis i sk\u0142adniki:<\/strong><\/p>\n<p>ZenGest Touch Oil jest dobrze znany z poprawy trawienia. Ta unikalna mieszanka olejk\u00f3w eterycznych z imbiru, kopru w\u0142oskiego i kolendry jest przydatna w przypadku md\u0142o\u015bci lub dyskomfortu w \u017co\u0142\u0105dku.<\/p>\n<ul>\n<li>\u0141agodzi czasami pojawiaj\u0105ce si\u0119 nieprzyjemne uczucie w \u017co\u0142\u0105dku<\/li>\n<li>Utrzymuje zdrowy stan uk\u0142adu pokarmowego<\/li>\n<li>Nak\u0142ada\u0107 na sk\u00f3r\u0119, aby chroni\u0107 przed chorob\u0105 morsk\u0105 podczas d\u0142ugich podr\u00f3\u017cy samochodem<\/li>\n<\/ul>\n<p>&nbsp;<\/p>\n<p>Wi\u0119cej informacji o <strong> mieszance olejk\u00f3w eterycznych<\/strong> <strong>zengest\u2122 touch<\/strong><strong> <\/strong>Znajdziecie go na poni\u017cszym filmie.<\/p>\n<p><iframe title=\"Odtwarzacz wideo YouTube\" src=\"https:\/\/www.youtube-nocookie.com\/embed\/3ZqhjV19MK0?start=116\" width=\"560\" height=\"315\" frameborder=\"0\" allowfullscreen=\"allowfullscreen\"><\/iframe><\/p>\n","protected":false},"excerpt":{"rendered":"<ul>\n<li>\u0141agodzi czasami pojawiaj\u0105ce si\u0119 nieprzyjemne uczucie w \u017co\u0142\u0105dku<\/li>\n<li>Utrzymuje zdrowy stan uk\u0142adu pokarmowego<\/li>\n<li>Nak\u0142ada\u0107 na sk\u00f3r\u0119, aby chroni\u0107 przed chorob\u0105 morsk\u0105 podczas d\u0142ugich podr\u00f3\u017cy samochodem<\/li>\n<\/ul>\n","protected":false},"featured_media":12492,"template":"","meta":{"site-sidebar-layout":"default","site-content-layout":"default","ast-site-content-layout":"default","site-content-style":"default","site-sidebar-style":"default","ast-global-header-display":"","ast-banner-title-visibility":"","ast-main-header-display":"","ast-hfb-above-header-display":"","ast-hfb-below-header-display":"","ast-hfb-mobile-header-display":"","site-post-title":"","ast-breadcrumbs-content":"","ast-featured-img":"","footer-sml-layout":"","ast-disable-related-posts":"","theme-transparent-header-meta":"default","adv-header-id-meta":"","stick-header-meta":"","header-above-stick-meta":"","header-main-stick-meta":"","header-below-stick-meta":"","astra-migrate-meta-layouts":"default","ast-page-background-enabled":"default","ast-page-background-meta":{"desktop":{"background-color":"","background-image":"","background-repeat":"repeat","background-position":"center center","background-size":"auto","background-attachment":"scroll","background-type":"","background-media":"","overlay-type":"","overlay-color":"","overlay-opacity":"","overlay-gradient":""},"tablet":{"background-color":"","background-image":"","background-repeat":"repeat","background-position":"center center","background-size":"auto","background-attachment":"scroll","background-type":"","background-media":"","overlay-type":"","overlay-color":"","overlay-opacity":"","overlay-gradient":""},"mobile":{"background-color":"","background-image":"","background-repeat":"repeat","background-position":"center center","background-size":"auto","background-attachment":"scroll","background-type":"","background-media":"","overlay-type":"","overlay-color":"","overlay-opacity":"","overlay-gradient":""}},"ast-content-background-meta":{"desktop":{"background-color":"var(--ast-global-color-5)","background-image":"","background-repeat":"repeat","background-position":"center center","background-size":"auto","background-attachment":"scroll","background-type":"","background-media":"","overlay-type":"","overlay-color":"","overlay-opacity":"","overlay-gradient":""},"tablet":{"background-color":"var(--ast-global-color-5)","background-image":"","background-repeat":"repeat","background-position":"center center","background-size":"auto","background-attachment":"scroll","background-type":"","background-media":"","overlay-type":"","overlay-color":"","overlay-opacity":"","overlay-gradient":""},"mobile":{"background-color":"var(--ast-global-color-5)","background-image":"","background-repeat":"repeat","background-position":"center center","background-size":"auto","background-attachment":"scroll","background-type":"","background-media":"","overlay-type":"","overlay-color":"","overlay-opacity":"","overlay-gradient":""}}},"product_brand":[],"product_cat":[1702,1698,1758],"product_tag":[722,1535],"class_list":{"0":"post-16247","1":"product","2":"type-product","3":"status-publish","4":"has-post-thumbnail","6":"product_cat-mieszanki-olejkow-eterycznych","7":"product_cat-olejki-eteryczne","8":"product_cat-trawienie","9":"product_tag-10-ml-pl","10":"product_tag-mieszanki-olejkow-eterycznych","11":"desktop-align-left","12":"tablet-align-left","13":"mobile-align-left","15":"first","16":"instock","17":"taxable","18":"shipping-taxable","19":"purchasable","20":"product-type-simple"},"_links":{"self":[{"href":"https:\/\/mamaterra.lt\/pl\/wp-json\/wp\/v2\/product\/16247","targetHints":{"allow":["GET"]}}],"collection":[{"href":"https:\/\/mamaterra.lt\/pl\/wp-json\/wp\/v2\/product"}],"about":[{"href":"https:\/\/mamaterra.lt\/pl\/wp-json\/wp\/v2\/types\/product"}],"wp:featuredmedia":[{"embeddable":true,"href":"https:\/\/mamaterra.lt\/pl\/wp-json\/wp\/v2\/media\/12492"}],"wp:attachment":[{"href":"https:\/\/mamaterra.lt\/pl\/wp-json\/wp\/v2\/media?parent=16247"}],"wp:term":[{"taxonomy":"product_brand","embeddable":true,"href":"https:\/\/mamaterra.lt\/pl\/wp-json\/wp\/v2\/product_brand?post=16247"},{"taxonomy":"product_cat","embeddable":true,"href":"https:\/\/mamaterra.lt\/pl\/wp-json\/wp\/v2\/product_cat?post=16247"},{"taxonomy":"product_tag","embeddable":true,"href":"https:\/\/mamaterra.lt\/pl\/wp-json\/wp\/v2\/product_tag?post=16247"}],"curies":[{"name":"wp","href":"https:\/\/api.w.org\/{rel}","templated":true}]}}