{"id":16246,"date":"2021-04-19T08:17:38","date_gmt":"2021-04-19T07:17:38","guid":{"rendered":"https:\/\/mamaterra.lt\/parduotuve\/bez-kategorii\/zestaw-olejkow-eterycznych-doterra-touch-8-roznych-olejkow-eterycznych-po-10-ml-kazdy\/"},"modified":"2021-04-19T08:17:38","modified_gmt":"2021-04-19T07:17:38","slug":"essential-oil-kit-doterra-touch-8-different-essential-oil-blends-x-10ml","status":"publish","type":"product","link":"https:\/\/mamaterra.lt\/pl\/parduotuve\/olejki-eteryczne\/zestawy-i-kolekcje\/essential-oil-kit-doterra-touch-8-different-essential-oil-blends-x-10ml\/","title":{"rendered":"Zestaw olejk\u00f3w eterycznych doTERRA TOUCH\u2122 (8 r\u00f3\u017cnych olejk\u00f3w eterycznych po 10 ml ka\u017cdy)"},"content":{"rendered":"<p><strong>Zestaw olejk\u00f3w eterycznych doTERRA TOUCH\u2122<\/strong><\/p>\n<p>(8 r\u00f3\u017cnych olejk\u00f3w eterycznych po 10 ml ka\u017cdy)<\/p>\n<p>&nbsp;<\/p>\n<p><strong>Opis i sk\u0142ad zestawu olejk\u00f3w eterycznych doTERRA TOUCH:\u2122<\/strong><\/p>\n<p>Zestaw doTERRA TOUCH, sk\u0142adaj\u0105cy si\u0119 z dziewi\u0119ciu najpopularniejszych olejk\u00f3w eterycznych (lawenda, mi\u0119ta pieprzowa, boswellia, drzewo herbaciane, ZenGest, doTERRA Air, On Guard, oregano i Deep Blue) to wygodny zakup na potrzeby wszystkich cz\u0142onk\u00f3w rodziny.<\/p>\n<ul>\n<li><strong>Dziewi\u0119\u0107 butelek olejk\u00f3w eterycznych i mieszanek o pojemno\u015bci 10 ml z aplikatorem kulkowym:  <\/strong>\n<ol>\n<li>Lawenda<\/li>\n<li>Mi\u0119ta pieprzowa<\/li>\n<li>Boswellia<\/li>\n<li>Drzewa<\/li>\n<li>ZenGest\u2122<\/li>\n<li>doTERRA Air\u2122<\/li>\n<li>Na stra\u017cy\u2122<\/li>\n<li>Oregano<\/li>\n<li>Granatowy\u2122<\/li>\n<\/ol>\n<\/li>\n<\/ul>\n","protected":false},"excerpt":{"rendered":"<ul>\n<li>Dziewi\u0119\u0107 butelek olejk\u00f3w eterycznych i mieszanek o pojemno\u015bci 10 ml z aplikatorem kulkowym:\n<ol>\n<li>Lawenda<\/li>\n<li>Mi\u0119ta pieprzowa<\/li>\n<li>Boswellia<\/li>\n<li>Drzewa<\/li>\n<li>ZenGest\u2122<\/li>\n<li>doTERRA Air\u2122<\/li>\n<li>Na stra\u017cy\u2122<\/li>\n<li>Oregano<\/li>\n<li>Granatowy\u2122<\/li>\n<\/ol>\n<\/li>\n<\/ul>\n","protected":false},"featured_media":12327,"template":"","meta":{"site-sidebar-layout":"default","site-content-layout":"default","ast-site-content-layout":"default","site-content-style":"default","site-sidebar-style":"default","ast-global-header-display":"","ast-banner-title-visibility":"","ast-main-header-display":"","ast-hfb-above-header-display":"","ast-hfb-below-header-display":"","ast-hfb-mobile-header-display":"","site-post-title":"","ast-breadcrumbs-content":"","ast-featured-img":"","footer-sml-layout":"","ast-disable-related-posts":"","theme-transparent-header-meta":"default","adv-header-id-meta":"","stick-header-meta":"","header-above-stick-meta":"","header-main-stick-meta":"","header-below-stick-meta":"","astra-migrate-meta-layouts":"default","ast-page-background-enabled":"default","ast-page-background-meta":{"desktop":{"background-color":"","background-image":"","background-repeat":"repeat","background-position":"center center","background-size":"auto","background-attachment":"scroll","background-type":"","background-media":"","overlay-type":"","overlay-color":"","overlay-opacity":"","overlay-gradient":""},"tablet":{"background-color":"","background-image":"","background-repeat":"repeat","background-position":"center center","background-size":"auto","background-attachment":"scroll","background-type":"","background-media":"","overlay-type":"","overlay-color":"","overlay-opacity":"","overlay-gradient":""},"mobile":{"background-color":"","background-image":"","background-repeat":"repeat","background-position":"center center","background-size":"auto","background-attachment":"scroll","background-type":"","background-media":"","overlay-type":"","overlay-color":"","overlay-opacity":"","overlay-gradient":""}},"ast-content-background-meta":{"desktop":{"background-color":"var(--ast-global-color-5)","background-image":"","background-repeat":"repeat","background-position":"center center","background-size":"auto","background-attachment":"scroll","background-type":"","background-media":"","overlay-type":"","overlay-color":"","overlay-opacity":"","overlay-gradient":""},"tablet":{"background-color":"var(--ast-global-color-5)","background-image":"","background-repeat":"repeat","background-position":"center center","background-size":"auto","background-attachment":"scroll","background-type":"","background-media":"","overlay-type":"","overlay-color":"","overlay-opacity":"","overlay-gradient":""},"mobile":{"background-color":"var(--ast-global-color-5)","background-image":"","background-repeat":"repeat","background-position":"center center","background-size":"auto","background-attachment":"scroll","background-type":"","background-media":"","overlay-type":"","overlay-color":"","overlay-opacity":"","overlay-gradient":""}}},"product_brand":[],"product_cat":[1698,1707],"product_tag":[748,1354,1507,1555,1116,1095,1535,1533,1442,1030,1414,1596],"class_list":{"0":"post-16246","1":"product","2":"type-product","3":"status-publish","4":"has-post-thumbnail","6":"product_cat-olejki-eteryczne","7":"product_cat-zestawy-i-kolekcje","8":"product_tag-10ml-pl","9":"product_tag-air-pl","10":"product_tag-deep-blue-pl","11":"product_tag-kolekcje","12":"product_tag-lavender-pl","13":"product_tag-melaleuca-pl","14":"product_tag-mieszanki-olejkow-eterycznych","15":"product_tag-olejki-eteryczne","16":"product_tag-on-guard-pl","17":"product_tag-peppermint-pl","18":"product_tag-zengest-pl","19":"product_tag-zestawy","20":"desktop-align-left","21":"tablet-align-left","22":"mobile-align-left","24":"first","25":"outofstock","26":"sale","27":"taxable","28":"shipping-taxable","29":"purchasable","30":"product-type-simple"},"_links":{"self":[{"href":"https:\/\/mamaterra.lt\/pl\/wp-json\/wp\/v2\/product\/16246","targetHints":{"allow":["GET"]}}],"collection":[{"href":"https:\/\/mamaterra.lt\/pl\/wp-json\/wp\/v2\/product"}],"about":[{"href":"https:\/\/mamaterra.lt\/pl\/wp-json\/wp\/v2\/types\/product"}],"wp:featuredmedia":[{"embeddable":true,"href":"https:\/\/mamaterra.lt\/pl\/wp-json\/wp\/v2\/media\/12327"}],"wp:attachment":[{"href":"https:\/\/mamaterra.lt\/pl\/wp-json\/wp\/v2\/media?parent=16246"}],"wp:term":[{"taxonomy":"product_brand","embeddable":true,"href":"https:\/\/mamaterra.lt\/pl\/wp-json\/wp\/v2\/product_brand?post=16246"},{"taxonomy":"product_cat","embeddable":true,"href":"https:\/\/mamaterra.lt\/pl\/wp-json\/wp\/v2\/product_cat?post=16246"},{"taxonomy":"product_tag","embeddable":true,"href":"https:\/\/mamaterra.lt\/pl\/wp-json\/wp\/v2\/product_tag?post=16246"}],"curies":[{"name":"wp","href":"https:\/\/api.w.org\/{rel}","templated":true}]}}