{"id":16241,"date":"2021-04-19T08:08:30","date_gmt":"2021-04-19T07:08:30","guid":{"rendered":"https:\/\/mamaterra.lt\/parduotuve\/bez-kategorii\/mieta-pieprzowa-peppermint-touch-doterra-blend-olejkow-eterycznych-10ml\/"},"modified":"2021-04-19T08:08:30","modified_gmt":"2021-04-19T07:08:30","slug":"mieta-pieprzowa-dotyk-doterra-mieszanka-olejkow-10ml","status":"publish","type":"product","link":"https:\/\/mamaterra.lt\/pl\/parduotuve\/olejki-eteryczne\/czyste-olejki-eteryczne\/mieta-pieprzowa-dotyk-doterra-mieszanka-olejkow-10ml\/","title":{"rendered":"Mi\u0119ta pieprzowa (PEPPERMINT TOUCH) doTERRA Blend olejk\u00f3w eterycznych 10ml"},"content":{"rendered":"<p><strong>Mi\u0119ta pieprzowa (PEPPERMINT TOUCH) doTERRA Blend olejk\u00f3w eterycznych<\/strong><\/p>\n<p>Butelka 10 ml z aplikatorem kulkowym<\/p>\n<p>&nbsp;<\/p>\n<p><strong>Mi\u0119ta pieprzowa (PEPPERMINT TOUCH) doTERRA Blenda olejk\u00f3w eterycznych Opis i sk\u0142adniki:<\/strong><\/p>\n<p>doTERRA Peppermint Touch mo\u017ce by\u0107 stosowany zawsze i wsz\u0119dzie, je\u015bli potrzebujesz szybkiego na\u0142adowania energii i ciesz si\u0119 jego oczyszczaj\u0105cym i ch\u0142odz\u0105cym aromatem.<\/p>\n<ul>\n<li>Pomaga roz\u0142adowa\u0107 napi\u0119cie, kt\u00f3re odczuwasz<\/li>\n<li>Poprawia nastr\u00f3j<\/li>\n<li>Dodaje wigoru i ostro\u015bci zmys\u0142om<\/li>\n<\/ul>\n<p>&nbsp;<\/p>\n<p>Aby uzyska\u0107 wi\u0119cej informacji na temat <strong>mieszanki olejk\u00f3w eterycznych <\/strong><strong> doTERRA <\/strong> z <strong>mi\u0119t\u0105 pieprzow\u0105 (PEPPERMINT TOUCH),<\/strong> zobacz poni\u017cszy film.<\/p>\n<p><iframe title=\"Zastosowania doTERRA Peppermint Touch Roll-on\" src=\"https:\/\/www.youtube.com\/embed\/YAKTvOOcWHs\" width=\"942\" height=\"530\" frameborder=\"0\" allowfullscreen=\"allowfullscreen\"><\/iframe><\/p>\n","protected":false},"excerpt":{"rendered":"<ul>\n<li>Pomaga roz\u0142adowa\u0107 napi\u0119cie, kt\u00f3re odczuwasz<\/li>\n<li>Poprawia nastr\u00f3j<\/li>\n<li>Dodaje wigoru i ostro\u015bci zmys\u0142om<\/li>\n<\/ul>\n","protected":false},"featured_media":12324,"template":"","meta":{"site-sidebar-layout":"default","site-content-layout":"default","ast-site-content-layout":"default","site-content-style":"default","site-sidebar-style":"default","ast-global-header-display":"","ast-banner-title-visibility":"","ast-main-header-display":"","ast-hfb-above-header-display":"","ast-hfb-below-header-display":"","ast-hfb-mobile-header-display":"","site-post-title":"","ast-breadcrumbs-content":"","ast-featured-img":"","footer-sml-layout":"","ast-disable-related-posts":"","theme-transparent-header-meta":"default","adv-header-id-meta":"","stick-header-meta":"","header-above-stick-meta":"","header-main-stick-meta":"","header-below-stick-meta":"","astra-migrate-meta-layouts":"default","ast-page-background-enabled":"default","ast-page-background-meta":{"desktop":{"background-color":"","background-image":"","background-repeat":"repeat","background-position":"center center","background-size":"auto","background-attachment":"scroll","background-type":"","background-media":"","overlay-type":"","overlay-color":"","overlay-opacity":"","overlay-gradient":""},"tablet":{"background-color":"","background-image":"","background-repeat":"repeat","background-position":"center center","background-size":"auto","background-attachment":"scroll","background-type":"","background-media":"","overlay-type":"","overlay-color":"","overlay-opacity":"","overlay-gradient":""},"mobile":{"background-color":"","background-image":"","background-repeat":"repeat","background-position":"center center","background-size":"auto","background-attachment":"scroll","background-type":"","background-media":"","overlay-type":"","overlay-color":"","overlay-opacity":"","overlay-gradient":""}},"ast-content-background-meta":{"desktop":{"background-color":"var(--ast-global-color-5)","background-image":"","background-repeat":"repeat","background-position":"center center","background-size":"auto","background-attachment":"scroll","background-type":"","background-media":"","overlay-type":"","overlay-color":"","overlay-opacity":"","overlay-gradient":""},"tablet":{"background-color":"var(--ast-global-color-5)","background-image":"","background-repeat":"repeat","background-position":"center center","background-size":"auto","background-attachment":"scroll","background-type":"","background-media":"","overlay-type":"","overlay-color":"","overlay-opacity":"","overlay-gradient":""},"mobile":{"background-color":"var(--ast-global-color-5)","background-image":"","background-repeat":"repeat","background-position":"center center","background-size":"auto","background-attachment":"scroll","background-type":"","background-media":"","overlay-type":"","overlay-color":"","overlay-opacity":"","overlay-gradient":""}}},"product_brand":[],"product_cat":[1704,1698,1758],"product_tag":[722,1535,1027],"class_list":{"0":"post-16241","1":"product","2":"type-product","3":"status-publish","4":"has-post-thumbnail","6":"product_cat-czyste-olejki-eteryczne","7":"product_cat-olejki-eteryczne","8":"product_cat-trawienie","9":"product_tag-10-ml-pl","10":"product_tag-mieszanki-olejkow-eterycznych","11":"product_tag-peppermint-touch-pl","12":"desktop-align-left","13":"tablet-align-left","14":"mobile-align-left","16":"first","17":"instock","18":"sale","19":"taxable","20":"shipping-taxable","21":"purchasable","22":"product-type-simple"},"_links":{"self":[{"href":"https:\/\/mamaterra.lt\/pl\/wp-json\/wp\/v2\/product\/16241","targetHints":{"allow":["GET"]}}],"collection":[{"href":"https:\/\/mamaterra.lt\/pl\/wp-json\/wp\/v2\/product"}],"about":[{"href":"https:\/\/mamaterra.lt\/pl\/wp-json\/wp\/v2\/types\/product"}],"wp:featuredmedia":[{"embeddable":true,"href":"https:\/\/mamaterra.lt\/pl\/wp-json\/wp\/v2\/media\/12324"}],"wp:attachment":[{"href":"https:\/\/mamaterra.lt\/pl\/wp-json\/wp\/v2\/media?parent=16241"}],"wp:term":[{"taxonomy":"product_brand","embeddable":true,"href":"https:\/\/mamaterra.lt\/pl\/wp-json\/wp\/v2\/product_brand?post=16241"},{"taxonomy":"product_cat","embeddable":true,"href":"https:\/\/mamaterra.lt\/pl\/wp-json\/wp\/v2\/product_cat?post=16241"},{"taxonomy":"product_tag","embeddable":true,"href":"https:\/\/mamaterra.lt\/pl\/wp-json\/wp\/v2\/product_tag?post=16241"}],"curies":[{"name":"wp","href":"https:\/\/api.w.org\/{rel}","templated":true}]}}