{"id":16235,"date":"2021-04-19T08:35:56","date_gmt":"2021-04-19T07:35:56","guid":{"rendered":"https:\/\/mamaterra.lt\/parduotuve\/bez-kategorii\/doterra-suplement-diety-digestzen-gx-assist-36g\/"},"modified":"2024-11-28T17:56:26","modified_gmt":"2024-11-28T16:56:26","slug":"doterra-digestzen-gx-assist-36g","status":"publish","type":"product","link":"https:\/\/mamaterra.lt\/pl\/parduotuve\/olejki-eteryczne\/doterra-digestzen-gx-assist-36g\/","title":{"rendered":"doTERRA DigestZen\u2122 GX Assist\u2122 36g"},"content":{"rendered":"<p><strong>doTERRA DigestZen\u2122 GX Assist\u2122<\/strong><\/p>\n<p>36g &#8211; 60 kapsu\u0142ek mi\u0119kkich<\/p>\n<p>&nbsp;<\/p>\n<p><strong>G\u0142\u00f3wne zalety doTERRA DigestZen\u2122 GX Assist\u2122:<\/strong><\/p>\n<p>GX Assist to po\u0142\u0105czenie olejk\u00f3w eterycznych CPTG Certified Pure Tested Grade\u2122 i kwasu kaprylowego. GX Assist trwa 10 dni, po czym PB Assist\u2122+ nale\u017cy przyjmowa\u0107 przez 20 dni.<\/p>\n<ul>\n<li>Z olejkami eterycznymi z oregano, drzewa herbacianego (mirtu), trawy cytrynowej, trawy cytrynowej, mi\u0119ty pieprzowej i tymianku oraz kwasu kaprylowego<\/li>\n<li>W powlekanych kapsu\u0142kach mi\u0119kkich<\/li>\n<\/ul>\n<p>&nbsp;<\/p>\n<p>Obejrzyj film o tym <strong>suplemencie diety DigestZen\u2122 GX Assist\u2122.<\/strong><\/p>\n<p><iframe title=\"Wspomaganie zdrowego trawienia \u2013 doTERRA GX Assist &amp; PB Assist\u00ae+\" src=\"https:\/\/www.youtube.com\/embed\/dLJNVBZY87I\" width=\"946\" height=\"532\" frameborder=\"0\" allowfullscreen=\"allowfullscreen\"><\/iframe><\/p>\n","protected":false},"excerpt":{"rendered":"<ul>\n<li>Z olejkami eterycznymi z oregano, drzewa herbacianego (mirtu), trawy cytrynowej, trawy cytrynowej, mi\u0119ty pieprzowej i tymianku oraz kwasu kaprylowego*<\/li>\n<li>W powlekanych kapsu\u0142kach mi\u0119kkich<\/li>\n<\/ul>\n","protected":false},"featured_media":12429,"template":"","meta":{"site-sidebar-layout":"default","site-content-layout":"default","ast-site-content-layout":"default","site-content-style":"default","site-sidebar-style":"default","ast-global-header-display":"","ast-banner-title-visibility":"","ast-main-header-display":"","ast-hfb-above-header-display":"","ast-hfb-below-header-display":"","ast-hfb-mobile-header-display":"","site-post-title":"","ast-breadcrumbs-content":"","ast-featured-img":"","footer-sml-layout":"","ast-disable-related-posts":"","theme-transparent-header-meta":"default","adv-header-id-meta":"","stick-header-meta":"","header-above-stick-meta":"","header-main-stick-meta":"","header-below-stick-meta":"","astra-migrate-meta-layouts":"set","ast-page-background-enabled":"default","ast-page-background-meta":{"desktop":{"background-color":"","background-image":"","background-repeat":"repeat","background-position":"center center","background-size":"auto","background-attachment":"scroll","background-type":"","background-media":"","overlay-type":"","overlay-color":"","overlay-opacity":"","overlay-gradient":""},"tablet":{"background-color":"","background-image":"","background-repeat":"repeat","background-position":"center center","background-size":"auto","background-attachment":"scroll","background-type":"","background-media":"","overlay-type":"","overlay-color":"","overlay-opacity":"","overlay-gradient":""},"mobile":{"background-color":"","background-image":"","background-repeat":"repeat","background-position":"center center","background-size":"auto","background-attachment":"scroll","background-type":"","background-media":"","overlay-type":"","overlay-color":"","overlay-opacity":"","overlay-gradient":""}},"ast-content-background-meta":{"desktop":{"background-color":"var(--ast-global-color-5)","background-image":"","background-repeat":"repeat","background-position":"center center","background-size":"auto","background-attachment":"scroll","background-type":"","background-media":"","overlay-type":"","overlay-color":"","overlay-opacity":"","overlay-gradient":""},"tablet":{"background-color":"var(--ast-global-color-5)","background-image":"","background-repeat":"repeat","background-position":"center center","background-size":"auto","background-attachment":"scroll","background-type":"","background-media":"","overlay-type":"","overlay-color":"","overlay-opacity":"","overlay-gradient":""},"mobile":{"background-color":"var(--ast-global-color-5)","background-image":"","background-repeat":"repeat","background-position":"center center","background-size":"auto","background-attachment":"scroll","background-type":"","background-media":"","overlay-type":"","overlay-color":"","overlay-opacity":"","overlay-gradient":""}}},"product_brand":[],"product_cat":[1698],"product_tag":[743,1215,1553,1575],"class_list":{"0":"post-16235","1":"product","2":"type-product","3":"status-publish","4":"has-post-thumbnail","6":"product_cat-olejki-eteryczne","7":"product_tag-36g-pl","8":"product_tag-digestzen-pl","9":"product_tag-kapsulki","10":"product_tag-suplementy","11":"desktop-align-left","12":"tablet-align-left","13":"mobile-align-left","15":"first","16":"instock","17":"taxable","18":"shipping-taxable","19":"purchasable","20":"product-type-simple"},"_links":{"self":[{"href":"https:\/\/mamaterra.lt\/pl\/wp-json\/wp\/v2\/product\/16235","targetHints":{"allow":["GET"]}}],"collection":[{"href":"https:\/\/mamaterra.lt\/pl\/wp-json\/wp\/v2\/product"}],"about":[{"href":"https:\/\/mamaterra.lt\/pl\/wp-json\/wp\/v2\/types\/product"}],"wp:featuredmedia":[{"embeddable":true,"href":"https:\/\/mamaterra.lt\/pl\/wp-json\/wp\/v2\/media\/12429"}],"wp:attachment":[{"href":"https:\/\/mamaterra.lt\/pl\/wp-json\/wp\/v2\/media?parent=16235"}],"wp:term":[{"taxonomy":"product_brand","embeddable":true,"href":"https:\/\/mamaterra.lt\/pl\/wp-json\/wp\/v2\/product_brand?post=16235"},{"taxonomy":"product_cat","embeddable":true,"href":"https:\/\/mamaterra.lt\/pl\/wp-json\/wp\/v2\/product_cat?post=16235"},{"taxonomy":"product_tag","embeddable":true,"href":"https:\/\/mamaterra.lt\/pl\/wp-json\/wp\/v2\/product_tag?post=16235"}],"curies":[{"name":"wp","href":"https:\/\/api.w.org\/{rel}","templated":true}]}}