{"id":16228,"date":"2021-04-19T08:29:28","date_gmt":"2021-04-19T07:29:28","guid":{"rendered":"https:\/\/mamaterra.lt\/parduotuve\/bez-kategorii\/dyfuzor-doterra-pilot\/"},"modified":"2021-04-19T08:29:28","modified_gmt":"2021-04-19T07:29:28","slug":"doterra-dyfuzor-pilot","status":"publish","type":"product","link":"https:\/\/mamaterra.lt\/pl\/parduotuve\/dyfuzory\/doterra-dyfuzor-pilot\/","title":{"rendered":"Dyfuzor doTERRA PILOT"},"content":{"rendered":"<p><strong>Dyfuzor doTERRA PILOT<\/strong><\/p>\n<p>&nbsp;<\/p>\n<p><strong>Dyfuzor doTERRA PILOT Opis:<\/strong><\/p>\n<p>Wygodny i uporz\u0105dkowany doTERRA Pilot doskonale sprawdza si\u0119 w mniejszych przestrzeniach. Kompaktowy i neutralny dyfuzor pasuje do ka\u017cdego \u015brodowiska. Mo\u017ce podr\u00f3\u017cowa\u0107 z tob\u0105 razem w samochodzie, do pracy lub po prostu po domu.<\/p>\n<p><strong>Cechy dyfuzora doTERRA PILOT:<\/strong><\/p>\n<ul>\n<li>Akumulator \u2013 dzi\u0119ki czemu nie musisz si\u0119 martwi\u0107 o znalezienie gniazdka w pobli\u017cu. Z\u0142\u0105cze USB i adapter samochodowy 2.4A.<\/li>\n<li>Regulowana si\u0142a parowania: cztery godziny ci\u0105g\u0142ej pracy lub osiem godzin pracy przerywanej.<\/li>\n<li>Stworzony odpowiedzialnie, przy u\u017cyciu materia\u0142\u00f3w przyjaznych dla \u015brodowiska.<\/li>\n<li>Jest sprzedawany z wygodnym etui do przenoszenia.<\/li>\n<\/ul>\n<p>&nbsp;<\/p>\n<p>Wi\u0119cej informacji na temat <strong>dyfuzora doTERRA Dyfuzor PILOT<\/strong> mo\u017cna znale\u017a\u0107 na poni\u017cszym filmie.<\/p>\n<p><iframe title=\"Dyfuzor pilotowy\" src=\"https:\/\/www.youtube.com\/embed\/RwMpNnCxscU\" width=\"853\" height=\"480\" frameborder=\"0\" allowfullscreen=\"allowfullscreen\"><\/iframe><\/p>\n","protected":false},"excerpt":{"rendered":"<ul>\n<li>Regulowana si\u0142a parowania: cztery godziny ci\u0105g\u0142ej pracy lub osiem godzin ci\u0105g\u0142ej pracy z przerwami<\/li>\n<li>Stworzone odpowiedzialnie przy u\u017cyciu materia\u0142\u00f3w przyjaznych dla \u015brodowiska<\/li>\n<li>Akumulator \u2013 dzi\u0119ki czemu nie musisz si\u0119 martwi\u0107 o znalezienie gniazdka w pobli\u017cu. Z\u0142\u0105cze USB i adapter samochodowy 2.4A<\/li>\n<\/ul>\n","protected":false},"featured_media":13479,"template":"","meta":{"site-sidebar-layout":"default","site-content-layout":"default","ast-site-content-layout":"default","site-content-style":"default","site-sidebar-style":"default","ast-global-header-display":"","ast-banner-title-visibility":"","ast-main-header-display":"","ast-hfb-above-header-display":"","ast-hfb-below-header-display":"","ast-hfb-mobile-header-display":"","site-post-title":"","ast-breadcrumbs-content":"","ast-featured-img":"","footer-sml-layout":"","ast-disable-related-posts":"","theme-transparent-header-meta":"default","adv-header-id-meta":"","stick-header-meta":"","header-above-stick-meta":"","header-main-stick-meta":"","header-below-stick-meta":"","astra-migrate-meta-layouts":"default","ast-page-background-enabled":"default","ast-page-background-meta":{"desktop":{"background-color":"","background-image":"","background-repeat":"repeat","background-position":"center center","background-size":"auto","background-attachment":"scroll","background-type":"","background-media":"","overlay-type":"","overlay-color":"","overlay-opacity":"","overlay-gradient":""},"tablet":{"background-color":"","background-image":"","background-repeat":"repeat","background-position":"center center","background-size":"auto","background-attachment":"scroll","background-type":"","background-media":"","overlay-type":"","overlay-color":"","overlay-opacity":"","overlay-gradient":""},"mobile":{"background-color":"","background-image":"","background-repeat":"repeat","background-position":"center center","background-size":"auto","background-attachment":"scroll","background-type":"","background-media":"","overlay-type":"","overlay-color":"","overlay-opacity":"","overlay-gradient":""}},"ast-content-background-meta":{"desktop":{"background-color":"var(--ast-global-color-5)","background-image":"","background-repeat":"repeat","background-position":"center center","background-size":"auto","background-attachment":"scroll","background-type":"","background-media":"","overlay-type":"","overlay-color":"","overlay-opacity":"","overlay-gradient":""},"tablet":{"background-color":"var(--ast-global-color-5)","background-image":"","background-repeat":"repeat","background-position":"center center","background-size":"auto","background-attachment":"scroll","background-type":"","background-media":"","overlay-type":"","overlay-color":"","overlay-opacity":"","overlay-gradient":""},"mobile":{"background-color":"var(--ast-global-color-5)","background-image":"","background-repeat":"repeat","background-position":"center center","background-size":"auto","background-attachment":"scroll","background-type":"","background-media":"","overlay-type":"","overlay-color":"","overlay-opacity":"","overlay-gradient":""}}},"product_brand":[],"product_cat":[1686],"product_tag":[1549,1527,1015],"class_list":{"0":"post-16228","1":"product","2":"type-product","3":"status-publish","4":"has-post-thumbnail","6":"product_cat-dyfuzory","7":"product_tag-aromaterapia","8":"product_tag-dyfuzor","9":"product_tag-pilot-pl","10":"desktop-align-left","11":"tablet-align-left","12":"mobile-align-left","14":"first","15":"outofstock","16":"taxable","17":"shipping-taxable","18":"purchasable","19":"product-type-simple"},"_links":{"self":[{"href":"https:\/\/mamaterra.lt\/pl\/wp-json\/wp\/v2\/product\/16228","targetHints":{"allow":["GET"]}}],"collection":[{"href":"https:\/\/mamaterra.lt\/pl\/wp-json\/wp\/v2\/product"}],"about":[{"href":"https:\/\/mamaterra.lt\/pl\/wp-json\/wp\/v2\/types\/product"}],"wp:featuredmedia":[{"embeddable":true,"href":"https:\/\/mamaterra.lt\/pl\/wp-json\/wp\/v2\/media\/13479"}],"wp:attachment":[{"href":"https:\/\/mamaterra.lt\/pl\/wp-json\/wp\/v2\/media?parent=16228"}],"wp:term":[{"taxonomy":"product_brand","embeddable":true,"href":"https:\/\/mamaterra.lt\/pl\/wp-json\/wp\/v2\/product_brand?post=16228"},{"taxonomy":"product_cat","embeddable":true,"href":"https:\/\/mamaterra.lt\/pl\/wp-json\/wp\/v2\/product_cat?post=16228"},{"taxonomy":"product_tag","embeddable":true,"href":"https:\/\/mamaterra.lt\/pl\/wp-json\/wp\/v2\/product_tag?post=16228"}],"curies":[{"name":"wp","href":"https:\/\/api.w.org\/{rel}","templated":true}]}}