{"id":16227,"date":"2021-04-19T09:42:06","date_gmt":"2021-04-19T08:42:06","guid":{"rendered":"https:\/\/mamaterra.lt\/parduotuve\/bez-kategorii\/doterra-blend-olejkow-eterycznych-do-skory-hd-clear-10ml\/"},"modified":"2021-04-19T09:42:06","modified_gmt":"2021-04-19T08:42:06","slug":"doterra-essential-oil-blend-skin-hd-clear-10ml","status":"publish","type":"product","link":"https:\/\/mamaterra.lt\/pl\/parduotuve\/higiena-i-pielegnacja-skory\/doterra-hd-clear-pl\/doterra-essential-oil-blend-skin-hd-clear-10ml\/","title":{"rendered":"doTERRA Blend olejk\u00f3w eterycznych do sk\u00f3ry HD CLEAR\u2122 10ml"},"content":{"rendered":"<p><strong>doTERRA Essential Oil Blend for Skin HD CLEAR\u2122<\/strong><\/p>\n<p>Butelka 10 ml z aplikatorem kulkowym<\/p>\n<p>&nbsp;<\/p>\n<p><strong>doTERRA Essential Oil Blend dla sk\u00f3ry HD CLEAR\u2122 Cechy og\u00f3lne:<\/strong><\/p>\n<p>Przezroczysta mieszanka hd dla sk\u00f3ry, nak\u0142adana na okre\u015blone obszary lub ca\u0142\u0105 twarz, dzi\u0119ki olejkom eterycznym, kt\u00f3re od\u017cywiaj\u0105 sk\u00f3r\u0119 w kompozycji, nadaje sk\u00f3rze czysty i zdrowy wygl\u0105d.<\/p>\n<ul>\n<li>Z unikalnym olejem z nasion czarnuszki i olejkami eterycznymi z kamfory CPTG\u2122, cynamonu, drzewa herbacianego, eukaliptusa, geranium i lauru<\/li>\n<li>Zmniejsza zaczerwienienia i nadaje sk\u00f3rze czysty wygl\u0105d<\/li>\n<\/ul>\n<div id=\"gtx-trans\" style=\"position: absolute; left: -52px; top: 162px;\">\n<div class=\"gtx-trans-icon\"><\/div>\n<\/div>\n","protected":false},"excerpt":{"rendered":"<ul>\n<li>Z unikalnym olejem z nasion czarnuszki i olejkami eterycznymi z kamfory CPTG\u2122, cynamonu, drzewa herbacianego, eukaliptusa, geranium i lauru<\/li>\n<li>Zmniejsza zaczerwienienia i nadaje sk\u00f3rze czysty wygl\u0105d<\/li>\n<\/ul>\n","protected":false},"featured_media":12462,"template":"","meta":{"site-sidebar-layout":"default","site-content-layout":"default","ast-site-content-layout":"default","site-content-style":"default","site-sidebar-style":"default","ast-global-header-display":"","ast-banner-title-visibility":"","ast-main-header-display":"","ast-hfb-above-header-display":"","ast-hfb-below-header-display":"","ast-hfb-mobile-header-display":"","site-post-title":"","ast-breadcrumbs-content":"","ast-featured-img":"","footer-sml-layout":"","ast-disable-related-posts":"","theme-transparent-header-meta":"default","adv-header-id-meta":"","stick-header-meta":"","header-above-stick-meta":"","header-main-stick-meta":"","header-below-stick-meta":"","astra-migrate-meta-layouts":"default","ast-page-background-enabled":"default","ast-page-background-meta":{"desktop":{"background-color":"","background-image":"","background-repeat":"repeat","background-position":"center center","background-size":"auto","background-attachment":"scroll","background-type":"","background-media":"","overlay-type":"","overlay-color":"","overlay-opacity":"","overlay-gradient":""},"tablet":{"background-color":"","background-image":"","background-repeat":"repeat","background-position":"center center","background-size":"auto","background-attachment":"scroll","background-type":"","background-media":"","overlay-type":"","overlay-color":"","overlay-opacity":"","overlay-gradient":""},"mobile":{"background-color":"","background-image":"","background-repeat":"repeat","background-position":"center center","background-size":"auto","background-attachment":"scroll","background-type":"","background-media":"","overlay-type":"","overlay-color":"","overlay-opacity":"","overlay-gradient":""}},"ast-content-background-meta":{"desktop":{"background-color":"var(--ast-global-color-5)","background-image":"","background-repeat":"repeat","background-position":"center center","background-size":"auto","background-attachment":"scroll","background-type":"","background-media":"","overlay-type":"","overlay-color":"","overlay-opacity":"","overlay-gradient":""},"tablet":{"background-color":"var(--ast-global-color-5)","background-image":"","background-repeat":"repeat","background-position":"center center","background-size":"auto","background-attachment":"scroll","background-type":"","background-media":"","overlay-type":"","overlay-color":"","overlay-opacity":"","overlay-gradient":""},"mobile":{"background-color":"var(--ast-global-color-5)","background-image":"","background-repeat":"repeat","background-position":"center center","background-size":"auto","background-attachment":"scroll","background-type":"","background-media":"","overlay-type":"","overlay-color":"","overlay-opacity":"","overlay-gradient":""}}},"product_brand":[],"product_cat":[1720,1711,1702],"product_tag":[722,1502],"class_list":{"0":"post-16227","1":"product","2":"type-product","3":"status-publish","4":"has-post-thumbnail","6":"product_cat-doterra-hd-clear-pl","7":"product_cat-higiena-i-pielegnacja-skory","8":"product_cat-mieszanki-olejkow-eterycznych","9":"product_tag-10-ml-pl","10":"product_tag-hd-clear-pl","11":"desktop-align-left","12":"tablet-align-left","13":"mobile-align-left","15":"first","16":"instock","17":"taxable","18":"shipping-taxable","19":"purchasable","20":"product-type-simple"},"_links":{"self":[{"href":"https:\/\/mamaterra.lt\/pl\/wp-json\/wp\/v2\/product\/16227","targetHints":{"allow":["GET"]}}],"collection":[{"href":"https:\/\/mamaterra.lt\/pl\/wp-json\/wp\/v2\/product"}],"about":[{"href":"https:\/\/mamaterra.lt\/pl\/wp-json\/wp\/v2\/types\/product"}],"wp:featuredmedia":[{"embeddable":true,"href":"https:\/\/mamaterra.lt\/pl\/wp-json\/wp\/v2\/media\/12462"}],"wp:attachment":[{"href":"https:\/\/mamaterra.lt\/pl\/wp-json\/wp\/v2\/media?parent=16227"}],"wp:term":[{"taxonomy":"product_brand","embeddable":true,"href":"https:\/\/mamaterra.lt\/pl\/wp-json\/wp\/v2\/product_brand?post=16227"},{"taxonomy":"product_cat","embeddable":true,"href":"https:\/\/mamaterra.lt\/pl\/wp-json\/wp\/v2\/product_cat?post=16227"},{"taxonomy":"product_tag","embeddable":true,"href":"https:\/\/mamaterra.lt\/pl\/wp-json\/wp\/v2\/product_tag?post=16227"}],"curies":[{"name":"wp","href":"https:\/\/api.w.org\/{rel}","templated":true}]}}