{"id":16226,"date":"2021-04-19T08:38:56","date_gmt":"2021-04-19T07:38:56","guid":{"rendered":"https:\/\/mamaterra.lt\/parduotuve\/bez-kategorii\/doterra-suplementy-kompleks-dla-lepszego-trawienia-digestzen-terrazyme\/"},"modified":"2021-04-19T08:38:56","modified_gmt":"2021-04-19T07:38:56","slug":"doterra-suplement-kompleks-dla-lepszego-trawienia-trawienia-terrazyme","status":"publish","type":"product","link":"https:\/\/mamaterra.lt\/pl\/parduotuve\/olejki-eteryczne\/doterra-suplement-kompleks-dla-lepszego-trawienia-trawienia-terrazyme\/","title":{"rendered":"doTERRA Suplementy Kompleks dla Lepszego Trawienia DigestZen TerraZyme\u2122"},"content":{"rendered":"<p><strong>doTERRA Suplementy Kompleks dla Lepszego Trawienia DigestZen TerraZyme\u2122<\/strong><\/p>\n<p>90 kapsu\u0142ek<\/p>\n<p>&nbsp;<\/p>\n<p><strong>doTERRA Suplement Complex dla lepszego trawienia G\u0142\u00f3wne zalety TerraZyme:<\/strong><\/p>\n<p>Kompleks poprawiaj\u0105cy trawienie DigestZen TerraZyme to cenny suplement wzmacniaj\u0105cy zdrowie przewodu pokarmowego. TerraZyme wspiera naturalne procesy trawienne zachodz\u0105ce w Twoim organizmie. Zawiera popularn\u0105 koj\u0105c\u0105 brzuch mieszank\u0119 mi\u0119ty pieprzowej, imbiru i kminku doTERRA.<\/p>\n<ul>\n<li>Opatentowana mieszanka aktywnych pe\u0142nowarto\u015bciowych enzym\u00f3w<\/li>\n<li>HPMC Zio\u0142owe kapsu\u0142ki bez laurylosiarczanu sodu<\/li>\n<li>Bezpieczne i skuteczne<\/li>\n<\/ul>\n<p>&nbsp;<\/p>\n<p>Obejrzyj film o tym <strong>kompleksie suplement\u00f3w doTERRA dla lepszego trawienia trawieniaZen TerraZyme.<\/strong><\/p>\n<p><iframe title=\"Wzmocnij swoje enzymy dzi\u0119ki TerraZyme\" src=\"https:\/\/www.youtube.com\/embed\/UVvB7vraPiY\" width=\"946\" height=\"532\" frameborder=\"0\" allowfullscreen=\"allowfullscreen\"><\/iframe><\/p>\n","protected":false},"excerpt":{"rendered":"<ul>\n<li>Opatentowana mieszanka aktywnych pe\u0142nowarto\u015bciowych enzym\u00f3w<\/li>\n<li>HPMC Zio\u0142owe kapsu\u0142ki bez laurylosiarczanu sodu<\/li>\n<li>Bezpieczne i skuteczne<\/li>\n<li>KAPSU\u0141KI WEGETARIA\u0143SKIE NIE ZAWIERAJ\u0104 LAURYLOSIARCZANU SODU<\/li>\n<\/ul>\n","protected":false},"featured_media":12873,"template":"","meta":{"site-sidebar-layout":"default","site-content-layout":"default","ast-site-content-layout":"default","site-content-style":"default","site-sidebar-style":"default","ast-global-header-display":"","ast-banner-title-visibility":"","ast-main-header-display":"","ast-hfb-above-header-display":"","ast-hfb-below-header-display":"","ast-hfb-mobile-header-display":"","site-post-title":"","ast-breadcrumbs-content":"","ast-featured-img":"","footer-sml-layout":"","ast-disable-related-posts":"","theme-transparent-header-meta":"default","adv-header-id-meta":"","stick-header-meta":"","header-above-stick-meta":"","header-main-stick-meta":"","header-below-stick-meta":"","astra-migrate-meta-layouts":"default","ast-page-background-enabled":"default","ast-page-background-meta":{"desktop":{"background-color":"","background-image":"","background-repeat":"repeat","background-position":"center center","background-size":"auto","background-attachment":"scroll","background-type":"","background-media":"","overlay-type":"","overlay-color":"","overlay-opacity":"","overlay-gradient":""},"tablet":{"background-color":"","background-image":"","background-repeat":"repeat","background-position":"center center","background-size":"auto","background-attachment":"scroll","background-type":"","background-media":"","overlay-type":"","overlay-color":"","overlay-opacity":"","overlay-gradient":""},"mobile":{"background-color":"","background-image":"","background-repeat":"repeat","background-position":"center center","background-size":"auto","background-attachment":"scroll","background-type":"","background-media":"","overlay-type":"","overlay-color":"","overlay-opacity":"","overlay-gradient":""}},"ast-content-background-meta":{"desktop":{"background-color":"var(--ast-global-color-5)","background-image":"","background-repeat":"repeat","background-position":"center center","background-size":"auto","background-attachment":"scroll","background-type":"","background-media":"","overlay-type":"","overlay-color":"","overlay-opacity":"","overlay-gradient":""},"tablet":{"background-color":"var(--ast-global-color-5)","background-image":"","background-repeat":"repeat","background-position":"center center","background-size":"auto","background-attachment":"scroll","background-type":"","background-media":"","overlay-type":"","overlay-color":"","overlay-opacity":"","overlay-gradient":""},"mobile":{"background-color":"var(--ast-global-color-5)","background-image":"","background-repeat":"repeat","background-position":"center center","background-size":"auto","background-attachment":"scroll","background-type":"","background-media":"","overlay-type":"","overlay-color":"","overlay-opacity":"","overlay-gradient":""}}},"product_brand":[],"product_cat":[1698,1758],"product_tag":[1215,3380,3390,918],"class_list":{"0":"post-16226","1":"product","2":"type-product","3":"status-publish","4":"has-post-thumbnail","6":"product_cat-olejki-eteryczne","7":"product_cat-trawienie","8":"product_tag-digestzen-pl","9":"product_tag-enzymy","10":"product_tag-enzymy-pl","11":"product_tag-terrazyme-pl","12":"desktop-align-left","13":"tablet-align-left","14":"mobile-align-left","16":"first","17":"outofstock","18":"taxable","19":"shipping-taxable","20":"purchasable","21":"product-type-simple"},"_links":{"self":[{"href":"https:\/\/mamaterra.lt\/pl\/wp-json\/wp\/v2\/product\/16226","targetHints":{"allow":["GET"]}}],"collection":[{"href":"https:\/\/mamaterra.lt\/pl\/wp-json\/wp\/v2\/product"}],"about":[{"href":"https:\/\/mamaterra.lt\/pl\/wp-json\/wp\/v2\/types\/product"}],"wp:featuredmedia":[{"embeddable":true,"href":"https:\/\/mamaterra.lt\/pl\/wp-json\/wp\/v2\/media\/12873"}],"wp:attachment":[{"href":"https:\/\/mamaterra.lt\/pl\/wp-json\/wp\/v2\/media?parent=16226"}],"wp:term":[{"taxonomy":"product_brand","embeddable":true,"href":"https:\/\/mamaterra.lt\/pl\/wp-json\/wp\/v2\/product_brand?post=16226"},{"taxonomy":"product_cat","embeddable":true,"href":"https:\/\/mamaterra.lt\/pl\/wp-json\/wp\/v2\/product_cat?post=16226"},{"taxonomy":"product_tag","embeddable":true,"href":"https:\/\/mamaterra.lt\/pl\/wp-json\/wp\/v2\/product_tag?post=16226"}],"curies":[{"name":"wp","href":"https:\/\/api.w.org\/{rel}","templated":true}]}}