{"id":16222,"date":"2021-04-19T08:34:36","date_gmt":"2021-04-19T07:34:36","guid":{"rendered":"https:\/\/mamaterra.lt\/parduotuve\/bez-kategorii\/doterra-tabletki-do-rozgryzania-i-zucia-digesttab\/"},"modified":"2021-04-19T08:34:36","modified_gmt":"2021-04-19T07:34:36","slug":"doterra-chewable-pills-digestzen-digesttab","status":"publish","type":"product","link":"https:\/\/mamaterra.lt\/pl\/parduotuve\/olejki-eteryczne\/doterra-chewable-pills-digestzen-digesttab\/","title":{"rendered":"doTERRA Tabletki do rozgryzania i \u017cucia DigestTab\u2122"},"content":{"rendered":"<p><strong>doTERRA Tabletki do rozgryzania i \u017cucia DigestTab\u2122<\/strong><\/p>\n<p>100 tabletek do rozgryzania i \u017cucia<\/p>\n<p>&nbsp;<\/p>\n<p><strong>G\u0142\u00f3wne zalety doTERRA DigestTab\u2122:<\/strong><\/p>\n<p>Ze wzgl\u0119du na wiele zalet, DigestZen jest jedn\u0105 z najpopularniejszych mieszanek doTERRA. Od teraz t\u0119 niezwykle skuteczn\u0105 mieszank\u0119 mo\u017cna przyjmowa\u0107 w wygodnej formie tabletek do \u017cucia.<\/p>\n<ul>\n<li>Tabletka w\u0119glanu wapnia z mieszanin\u0105 pomocnicz\u0105 DigestZen, kt\u00f3ra sk\u0142ada si\u0119 z imbiru, kopru w\u0142oskiego, nasion kolendry, mi\u0119ty pieprzowej i innych olejk\u00f3w eterycznych<\/li>\n<li>Zaprojektowany specjalnie dla os\u00f3b z wra\u017cliwym \u017co\u0142\u0105dkiem<\/li>\n<li>Dr\u0119czony przez zbuntowane kwasy<\/li>\n<\/ul>\n<p>&nbsp;<\/p>\n<p>Obejrzyj film o <strong>doTERRA DigestTab\u2122.<\/strong><\/p>\n<p><iframe title=\"3 najwa\u017cniejsze zalety doTERRA DigestTab\" src=\"https:\/\/www.youtube.com\/embed\/nZURPuLbWbg\" width=\"946\" height=\"532\" frameborder=\"0\" allowfullscreen=\"allowfullscreen\"><\/iframe><\/p>\n","protected":false},"excerpt":{"rendered":"<ul>\n<li>Tabletka w\u0119glanu wapnia z mieszanin\u0105 pomocnicz\u0105 DigestZen, kt\u00f3ra sk\u0142ada si\u0119 z imbiru, kopru w\u0142oskiego, nasion kolendry, mi\u0119ty pieprzowej i innych olejk\u00f3w eterycznych<\/li>\n<li>Zaprojektowany specjalnie dla os\u00f3b z wra\u017cliwym \u017co\u0142\u0105dkiem<\/li>\n<li>Gasi ogie\u0144 w \u017co\u0142\u0105dku<\/li>\n<\/ul>\n","protected":false},"featured_media":12876,"template":"","meta":{"site-sidebar-layout":"default","site-content-layout":"default","ast-site-content-layout":"default","site-content-style":"default","site-sidebar-style":"default","ast-global-header-display":"","ast-banner-title-visibility":"","ast-main-header-display":"","ast-hfb-above-header-display":"","ast-hfb-below-header-display":"","ast-hfb-mobile-header-display":"","site-post-title":"","ast-breadcrumbs-content":"","ast-featured-img":"","footer-sml-layout":"","ast-disable-related-posts":"","theme-transparent-header-meta":"default","adv-header-id-meta":"","stick-header-meta":"","header-above-stick-meta":"","header-main-stick-meta":"","header-below-stick-meta":"","astra-migrate-meta-layouts":"default","ast-page-background-enabled":"default","ast-page-background-meta":{"desktop":{"background-color":"","background-image":"","background-repeat":"repeat","background-position":"center center","background-size":"auto","background-attachment":"scroll","background-type":"","background-media":"","overlay-type":"","overlay-color":"","overlay-opacity":"","overlay-gradient":""},"tablet":{"background-color":"","background-image":"","background-repeat":"repeat","background-position":"center center","background-size":"auto","background-attachment":"scroll","background-type":"","background-media":"","overlay-type":"","overlay-color":"","overlay-opacity":"","overlay-gradient":""},"mobile":{"background-color":"","background-image":"","background-repeat":"repeat","background-position":"center center","background-size":"auto","background-attachment":"scroll","background-type":"","background-media":"","overlay-type":"","overlay-color":"","overlay-opacity":"","overlay-gradient":""}},"ast-content-background-meta":{"desktop":{"background-color":"var(--ast-global-color-5)","background-image":"","background-repeat":"repeat","background-position":"center center","background-size":"auto","background-attachment":"scroll","background-type":"","background-media":"","overlay-type":"","overlay-color":"","overlay-opacity":"","overlay-gradient":""},"tablet":{"background-color":"var(--ast-global-color-5)","background-image":"","background-repeat":"repeat","background-position":"center center","background-size":"auto","background-attachment":"scroll","background-type":"","background-media":"","overlay-type":"","overlay-color":"","overlay-opacity":"","overlay-gradient":""},"mobile":{"background-color":"var(--ast-global-color-5)","background-image":"","background-repeat":"repeat","background-position":"center center","background-size":"auto","background-attachment":"scroll","background-type":"","background-media":"","overlay-type":"","overlay-color":"","overlay-opacity":"","overlay-gradient":""}}},"product_brand":[],"product_cat":[1698],"product_tag":[1268,1553],"class_list":{"0":"post-16222","1":"product","2":"type-product","3":"status-publish","4":"has-post-thumbnail","6":"product_cat-olejki-eteryczne","7":"product_tag-digesttab-pl","8":"product_tag-kapsulki","9":"desktop-align-left","10":"tablet-align-left","11":"mobile-align-left","13":"first","14":"instock","15":"taxable","16":"shipping-taxable","17":"purchasable","18":"product-type-simple"},"_links":{"self":[{"href":"https:\/\/mamaterra.lt\/pl\/wp-json\/wp\/v2\/product\/16222","targetHints":{"allow":["GET"]}}],"collection":[{"href":"https:\/\/mamaterra.lt\/pl\/wp-json\/wp\/v2\/product"}],"about":[{"href":"https:\/\/mamaterra.lt\/pl\/wp-json\/wp\/v2\/types\/product"}],"wp:featuredmedia":[{"embeddable":true,"href":"https:\/\/mamaterra.lt\/pl\/wp-json\/wp\/v2\/media\/12876"}],"wp:attachment":[{"href":"https:\/\/mamaterra.lt\/pl\/wp-json\/wp\/v2\/media?parent=16222"}],"wp:term":[{"taxonomy":"product_brand","embeddable":true,"href":"https:\/\/mamaterra.lt\/pl\/wp-json\/wp\/v2\/product_brand?post=16222"},{"taxonomy":"product_cat","embeddable":true,"href":"https:\/\/mamaterra.lt\/pl\/wp-json\/wp\/v2\/product_cat?post=16222"},{"taxonomy":"product_tag","embeddable":true,"href":"https:\/\/mamaterra.lt\/pl\/wp-json\/wp\/v2\/product_tag?post=16222"}],"curies":[{"name":"wp","href":"https:\/\/api.w.org\/{rel}","templated":true}]}}