{"id":16218,"date":"2021-04-19T08:41:09","date_gmt":"2021-04-19T07:41:09","guid":{"rendered":"https:\/\/mamaterra.lt\/parduotuve\/bez-kategorii\/doterra-suplement-ddr-prime-kapsulki-miekkie\/"},"modified":"2021-04-19T08:41:09","modified_gmt":"2021-04-19T07:41:09","slug":"doterra-suplement-ddr-prime-ugniatanie-kapsulki","status":"publish","type":"product","link":"https:\/\/mamaterra.lt\/pl\/parduotuve\/olejki-eteryczne\/mieszanki-olejkow-eterycznych\/doterra-suplement-ddr-prime-ugniatanie-kapsulki\/","title":{"rendered":"doTERRA Suplement DDR PRIME\u2122 Kapsu\u0142ki mi\u0119kkie"},"content":{"rendered":"<p><strong>doTERRA Suplement DDR PRIME\u2122 Kapsu\u0142ki mi\u0119kkie<\/strong><\/p>\n<p>60 kapsu\u0142ek mi\u0119kkich<\/p>\n<p>&nbsp;<\/p>\n<p><strong>Suplement doTERRA DDR PRIME\u2122 G\u0142\u00f3wne korzy\u015bci:<\/strong><\/p>\n<p>DDR Prime \u0142\u0105czy w sobie olejki eteryczne z go\u017adzik\u00f3w, tymianku i dzikich pomara\u0144czy, kt\u00f3re maj\u0105 dzia\u0142anie przeciwutleniaj\u0105ce. Ta mieszanina ma na celu ochron\u0119 organizmu i kom\u00f3rek przed stresem oksydacyjnym.<\/p>\n<ul>\n<li>Z olejkami eterycznymi z go\u017adzik\u00f3w, tymianku i dzikich pomara\u0144czy<\/li>\n<li>W wegetaria\u0144skim mi\u0119kkim kapsu\u0142ku<\/li>\n<\/ul>\n<p>&nbsp;<\/p>\n<p>Obejrzyj film o tym <strong>suplemencie doTERRA DDR PRIME\u2122.<\/strong><\/p>\n<p><iframe title=\"DDR Prime\" src=\"https:\/\/www.youtube.com\/embed\/AJZyWXNSktc\" width=\"946\" height=\"532\" frameborder=\"0\" allowfullscreen=\"allowfullscreen\"><\/iframe><\/p>\n","protected":false},"excerpt":{"rendered":"<ul>\n<li>Z olejkami eterycznymi z go\u017adzik\u00f3w, tymianku i dzikich pomara\u0144czy<\/li>\n<li>W wegetaria\u0144skim mi\u0119kkim kapsu\u0142ku<\/li>\n<\/ul>\n","protected":false},"featured_media":12426,"template":"","meta":{"site-sidebar-layout":"default","site-content-layout":"default","ast-site-content-layout":"default","site-content-style":"default","site-sidebar-style":"default","ast-global-header-display":"","ast-banner-title-visibility":"","ast-main-header-display":"","ast-hfb-above-header-display":"","ast-hfb-below-header-display":"","ast-hfb-mobile-header-display":"","site-post-title":"","ast-breadcrumbs-content":"","ast-featured-img":"","footer-sml-layout":"","ast-disable-related-posts":"","theme-transparent-header-meta":"default","adv-header-id-meta":"","stick-header-meta":"","header-above-stick-meta":"","header-main-stick-meta":"","header-below-stick-meta":"","astra-migrate-meta-layouts":"default","ast-page-background-enabled":"default","ast-page-background-meta":{"desktop":{"background-color":"","background-image":"","background-repeat":"repeat","background-position":"center center","background-size":"auto","background-attachment":"scroll","background-type":"","background-media":"","overlay-type":"","overlay-color":"","overlay-opacity":"","overlay-gradient":""},"tablet":{"background-color":"","background-image":"","background-repeat":"repeat","background-position":"center center","background-size":"auto","background-attachment":"scroll","background-type":"","background-media":"","overlay-type":"","overlay-color":"","overlay-opacity":"","overlay-gradient":""},"mobile":{"background-color":"","background-image":"","background-repeat":"repeat","background-position":"center center","background-size":"auto","background-attachment":"scroll","background-type":"","background-media":"","overlay-type":"","overlay-color":"","overlay-opacity":"","overlay-gradient":""}},"ast-content-background-meta":{"desktop":{"background-color":"var(--ast-global-color-5)","background-image":"","background-repeat":"repeat","background-position":"center center","background-size":"auto","background-attachment":"scroll","background-type":"","background-media":"","overlay-type":"","overlay-color":"","overlay-opacity":"","overlay-gradient":""},"tablet":{"background-color":"var(--ast-global-color-5)","background-image":"","background-repeat":"repeat","background-position":"center center","background-size":"auto","background-attachment":"scroll","background-type":"","background-media":"","overlay-type":"","overlay-color":"","overlay-opacity":"","overlay-gradient":""},"mobile":{"background-color":"var(--ast-global-color-5)","background-image":"","background-repeat":"repeat","background-position":"center center","background-size":"auto","background-attachment":"scroll","background-type":"","background-media":"","overlay-type":"","overlay-color":"","overlay-opacity":"","overlay-gradient":""}}},"product_brand":[],"product_cat":[1702],"product_tag":[1518],"class_list":{"0":"post-16218","1":"product","2":"type-product","3":"status-publish","4":"has-post-thumbnail","6":"product_cat-mieszanki-olejkow-eterycznych","7":"product_tag-ddr-prime-pl","8":"desktop-align-left","9":"tablet-align-left","10":"mobile-align-left","12":"first","13":"instock","14":"taxable","15":"shipping-taxable","16":"purchasable","17":"product-type-simple"},"_links":{"self":[{"href":"https:\/\/mamaterra.lt\/pl\/wp-json\/wp\/v2\/product\/16218","targetHints":{"allow":["GET"]}}],"collection":[{"href":"https:\/\/mamaterra.lt\/pl\/wp-json\/wp\/v2\/product"}],"about":[{"href":"https:\/\/mamaterra.lt\/pl\/wp-json\/wp\/v2\/types\/product"}],"wp:featuredmedia":[{"embeddable":true,"href":"https:\/\/mamaterra.lt\/pl\/wp-json\/wp\/v2\/media\/12426"}],"wp:attachment":[{"href":"https:\/\/mamaterra.lt\/pl\/wp-json\/wp\/v2\/media?parent=16218"}],"wp:term":[{"taxonomy":"product_brand","embeddable":true,"href":"https:\/\/mamaterra.lt\/pl\/wp-json\/wp\/v2\/product_brand?post=16218"},{"taxonomy":"product_cat","embeddable":true,"href":"https:\/\/mamaterra.lt\/pl\/wp-json\/wp\/v2\/product_cat?post=16218"},{"taxonomy":"product_tag","embeddable":true,"href":"https:\/\/mamaterra.lt\/pl\/wp-json\/wp\/v2\/product_tag?post=16218"}],"curies":[{"name":"wp","href":"https:\/\/api.w.org\/{rel}","templated":true}]}}