{"id":16216,"date":"2021-04-19T08:26:48","date_gmt":"2021-04-19T07:26:48","guid":{"rendered":"https:\/\/mamaterra.lt\/parduotuve\/bez-kategorii\/zestaw-olejkow-eterycznych-doterra-aromatouch-technique-8-roznych-olejkow-eterycznych\/"},"modified":"2021-04-19T08:26:48","modified_gmt":"2021-04-19T07:26:48","slug":"zestaw-olejkow-eterycznych-doterra-aromatouch-technika-8-rozne-olejki-eteryczne","status":"publish","type":"product","link":"https:\/\/mamaterra.lt\/pl\/parduotuve\/olejki-eteryczne\/zestawy-i-kolekcje\/zestaw-olejkow-eterycznych-doterra-aromatouch-technika-8-rozne-olejki-eteryczne\/","title":{"rendered":"Zestaw olejk\u00f3w eterycznych doTERRA AROMATOUCH TECHNIQUE\u2122 (8 r\u00f3\u017cnych olejk\u00f3w eterycznych)"},"content":{"rendered":"<p><strong>Zestaw olejk\u00f3w eterycznych doTERRA AROMATOUCH TECHNIQUE\u2122 (8 r\u00f3\u017cnych olejk\u00f3w eterycznych)<\/strong><\/p>\n<p>8 olejk\u00f3w eterycznych po 5ml i frakcjonowany olej kokosowy doTERRA (115ml)<\/p>\n<p>&nbsp;<\/p>\n<p><strong>Zestaw olejk\u00f3w eterycznych doTERRA Aromatouch Technique\u2122 zawiera:<\/strong><\/p>\n<ol>\n<li>Frakcjonowany <strong>olej kokosowy doTERRA<\/strong> (115ml).<\/li>\n<li>Pude\u0142ko prezentacyjne AromaTouch Technique.<\/li>\n<li><strong>Dyfuzor doTERRA Petal 2.0.<\/strong><\/li>\n<li>8 r\u00f3\u017cnych olejk\u00f3w <strong>eterycznych doTERRA i mieszanek olejk\u00f3w eterycznych po<\/strong> 5 ml ka\u017cda:\n<ul>\n<li style=\"list-style-type: none;\">\n<ul>\n<li>Olejek lawendowy<\/li>\n<li>OnGuard Mieszanka olejk\u00f3w eterycznych<\/li>\n<li>Olejek z drzewa herbacianego (MELALEUCA)<\/li>\n<li>Mieszanka olejk\u00f3w eterycznych Deep Blue<\/li>\n<li>Olejek eteryczny z mi\u0119ty pieprzowej<\/li>\n<li>Olejek eteryczny z dzikiej pomara\u0144czy<\/li>\n<li>Mieszanka olejk\u00f3w eterycznych doTERRA balance<\/li>\n<li>Mieszanka olejk\u00f3w eterycznych AromaTouch<\/li>\n<\/ul>\n<\/li>\n<\/ul>\n<\/li>\n<\/ol>\n<p>Zwi\u0119ksz korzy\u015bci p\u0142yn\u0105ce ze stosowania olejk\u00f3w eterycznych CPTG\u2122, w\u0142\u0105czaj\u0105c technik\u0119 aromatouch do swoich rytua\u0142\u00f3w odnowy biologicznej.<\/p>\n<p>&nbsp;<\/p>\n<p>Aby uzyska\u0107 wi\u0119cej informacji na temat <strong>zestawu olejk\u00f3w eterycznych doTERRA AROMATOUCH TECHNIQUE\u2122<\/strong> , obejrzyj poni\u017cszy film.<\/p>\n<p><iframe title=\"Technika AromaTouch firmy doTERRA\" src=\"https:\/\/www.youtube.com\/embed\/hPKWOfzussk\" width=\"853\" height=\"480\" frameborder=\"0\" allowfullscreen=\"allowfullscreen\"><\/iframe><\/p>\n","protected":false},"excerpt":{"rendered":"<ul>\n<li>Osiem olejk\u00f3w eterycznych CPTG doTERRA stosowanych w technice aromatouch w butelkach 5 ml<\/li>\n<li>Pude\u0142ko prezentacyjne AromaTouch Technique<\/li>\n<li>Kupuj\u0105c ten zestaw, otrzymujesz r\u00f3wnie\u017c frakcjonowany olej kokosowy doTERRA<\/li>\n<li>doTERRA Petal 2.0 Dyfuzor<\/li>\n<\/ul>\n","protected":false},"featured_media":12537,"template":"","meta":{"site-sidebar-layout":"default","site-content-layout":"default","ast-site-content-layout":"default","site-content-style":"default","site-sidebar-style":"default","ast-global-header-display":"","ast-banner-title-visibility":"","ast-main-header-display":"","ast-hfb-above-header-display":"","ast-hfb-below-header-display":"","ast-hfb-mobile-header-display":"","site-post-title":"","ast-breadcrumbs-content":"","ast-featured-img":"","footer-sml-layout":"","ast-disable-related-posts":"","theme-transparent-header-meta":"default","adv-header-id-meta":"","stick-header-meta":"","header-above-stick-meta":"","header-main-stick-meta":"","header-below-stick-meta":"","astra-migrate-meta-layouts":"default","ast-page-background-enabled":"default","ast-page-background-meta":{"desktop":{"background-color":"","background-image":"","background-repeat":"repeat","background-position":"center center","background-size":"auto","background-attachment":"scroll","background-type":"","background-media":"","overlay-type":"","overlay-color":"","overlay-opacity":"","overlay-gradient":""},"tablet":{"background-color":"","background-image":"","background-repeat":"repeat","background-position":"center center","background-size":"auto","background-attachment":"scroll","background-type":"","background-media":"","overlay-type":"","overlay-color":"","overlay-opacity":"","overlay-gradient":""},"mobile":{"background-color":"","background-image":"","background-repeat":"repeat","background-position":"center center","background-size":"auto","background-attachment":"scroll","background-type":"","background-media":"","overlay-type":"","overlay-color":"","overlay-opacity":"","overlay-gradient":""}},"ast-content-background-meta":{"desktop":{"background-color":"var(--ast-global-color-5)","background-image":"","background-repeat":"repeat","background-position":"center center","background-size":"auto","background-attachment":"scroll","background-type":"","background-media":"","overlay-type":"","overlay-color":"","overlay-opacity":"","overlay-gradient":""},"tablet":{"background-color":"var(--ast-global-color-5)","background-image":"","background-repeat":"repeat","background-position":"center center","background-size":"auto","background-attachment":"scroll","background-type":"","background-media":"","overlay-type":"","overlay-color":"","overlay-opacity":"","overlay-gradient":""},"mobile":{"background-color":"var(--ast-global-color-5)","background-image":"","background-repeat":"repeat","background-position":"center center","background-size":"auto","background-attachment":"scroll","background-type":"","background-media":"","overlay-type":"","overlay-color":"","overlay-opacity":"","overlay-gradient":""}}},"product_brand":[],"product_cat":[1735,1698,1707],"product_tag":[716,1555,1533,1575,1596],"class_list":{"0":"post-16216","1":"product","2":"type-product","3":"status-publish","4":"has-post-thumbnail","6":"product_cat-masaz","7":"product_cat-olejki-eteryczne","8":"product_cat-zestawy-i-kolekcje","9":"product_tag-5ml-pl-2","10":"product_tag-kolekcje","11":"product_tag-olejki-eteryczne","12":"product_tag-suplementy","13":"product_tag-zestawy","14":"desktop-align-left","15":"tablet-align-left","16":"mobile-align-left","18":"first","19":"instock","20":"taxable","21":"shipping-taxable","22":"purchasable","23":"product-type-simple"},"_links":{"self":[{"href":"https:\/\/mamaterra.lt\/pl\/wp-json\/wp\/v2\/product\/16216","targetHints":{"allow":["GET"]}}],"collection":[{"href":"https:\/\/mamaterra.lt\/pl\/wp-json\/wp\/v2\/product"}],"about":[{"href":"https:\/\/mamaterra.lt\/pl\/wp-json\/wp\/v2\/types\/product"}],"wp:featuredmedia":[{"embeddable":true,"href":"https:\/\/mamaterra.lt\/pl\/wp-json\/wp\/v2\/media\/12537"}],"wp:attachment":[{"href":"https:\/\/mamaterra.lt\/pl\/wp-json\/wp\/v2\/media?parent=16216"}],"wp:term":[{"taxonomy":"product_brand","embeddable":true,"href":"https:\/\/mamaterra.lt\/pl\/wp-json\/wp\/v2\/product_brand?post=16216"},{"taxonomy":"product_cat","embeddable":true,"href":"https:\/\/mamaterra.lt\/pl\/wp-json\/wp\/v2\/product_cat?post=16216"},{"taxonomy":"product_tag","embeddable":true,"href":"https:\/\/mamaterra.lt\/pl\/wp-json\/wp\/v2\/product_tag?post=16216"}],"curies":[{"name":"wp","href":"https:\/\/api.w.org\/{rel}","templated":true}]}}