{"id":16212,"date":"2021-04-19T08:36:58","date_gmt":"2021-04-19T07:36:58","guid":{"rendered":"https:\/\/mamaterra.lt\/parduotuve\/bez-kategorii\/suplement-diety-doterra-zengest-pb-assist\/"},"modified":"2021-04-19T08:36:58","modified_gmt":"2021-04-19T07:36:58","slug":"suplement-diety-doterra-zengest-pb-assist","status":"publish","type":"product","link":"https:\/\/mamaterra.lt\/pl\/parduotuve\/trawienie\/suplement-diety-doterra-zengest-pb-assist\/","title":{"rendered":"Suplement diety doTERRA ZenGest\u2122 PB ASSIST+ \u2122"},"content":{"rendered":"<p><strong>Suplement diety doTERRA ZenGest\u2122 PB ASSIST+ \u2122<\/strong><\/p>\n<p>30 kapsu\u0142ek<\/p>\n<p>&nbsp;<\/p>\n<p><strong>doTERRA Suplement diety ZenGest\u2122 PB ASSIST+ \u2122 G\u0142\u00f3wne korzy\u015bci:<\/strong><\/p>\n<p>PB Assist+ to wyj\u0105tkowy i skuteczny spos\u00f3b na poznanie korzy\u015bci p\u0142yn\u0105cych z probiotyk\u00f3w. Z aktywnymi kulturami probiotycznymi i rozpuszczalnymi prebiotycznymi FOS (fruktooligosacharydami).<\/p>\n<ul>\n<li>Unikalny system dwuwarstwowych kapsu\u0142ek zio\u0142owych<\/li>\n<li>Kapsu\u0142ki wegetaria\u0144skie nie zawieraj\u0105 laurylosiarczanu sodu<\/li>\n<\/ul>\n<p>&nbsp;<\/p>\n<p>Obejrzyj film o tym <strong>suplemencie diety doTERRA ZenGest\u2122 PB ASSIST+\u2122<\/strong><strong>.<\/strong><\/p>\n<p><iframe title=\"Wspomaganie zdrowego trawienia \u2013 doTERRA GX Assist &amp; PB Assist\u00ae+\" src=\"https:\/\/www.youtube.com\/embed\/dLJNVBZY87I\" width=\"946\" height=\"532\" frameborder=\"0\" allowfullscreen=\"allowfullscreen\"><\/iframe><\/p>\n","protected":false},"excerpt":{"rendered":"<ul>\n<li>Unikalny system dwuwarstwowych kapsu\u0142ek zio\u0142owych<\/li>\n<li>Kapsu\u0142ki wegetaria\u0144skie nie zawieraj\u0105 laurylosiarczanu sodu<\/li>\n<\/ul>\n","protected":false},"featured_media":12879,"template":"","meta":{"site-sidebar-layout":"default","site-content-layout":"default","ast-site-content-layout":"default","site-content-style":"default","site-sidebar-style":"default","ast-global-header-display":"","ast-banner-title-visibility":"","ast-main-header-display":"","ast-hfb-above-header-display":"","ast-hfb-below-header-display":"","ast-hfb-mobile-header-display":"","site-post-title":"","ast-breadcrumbs-content":"","ast-featured-img":"","footer-sml-layout":"","ast-disable-related-posts":"","theme-transparent-header-meta":"default","adv-header-id-meta":"","stick-header-meta":"","header-above-stick-meta":"","header-main-stick-meta":"","header-below-stick-meta":"","astra-migrate-meta-layouts":"default","ast-page-background-enabled":"default","ast-page-background-meta":{"desktop":{"background-color":"","background-image":"","background-repeat":"repeat","background-position":"center center","background-size":"auto","background-attachment":"scroll","background-type":"","background-media":"","overlay-type":"","overlay-color":"","overlay-opacity":"","overlay-gradient":""},"tablet":{"background-color":"","background-image":"","background-repeat":"repeat","background-position":"center center","background-size":"auto","background-attachment":"scroll","background-type":"","background-media":"","overlay-type":"","overlay-color":"","overlay-opacity":"","overlay-gradient":""},"mobile":{"background-color":"","background-image":"","background-repeat":"repeat","background-position":"center center","background-size":"auto","background-attachment":"scroll","background-type":"","background-media":"","overlay-type":"","overlay-color":"","overlay-opacity":"","overlay-gradient":""}},"ast-content-background-meta":{"desktop":{"background-color":"var(--ast-global-color-5)","background-image":"","background-repeat":"repeat","background-position":"center center","background-size":"auto","background-attachment":"scroll","background-type":"","background-media":"","overlay-type":"","overlay-color":"","overlay-opacity":"","overlay-gradient":""},"tablet":{"background-color":"var(--ast-global-color-5)","background-image":"","background-repeat":"repeat","background-position":"center center","background-size":"auto","background-attachment":"scroll","background-type":"","background-media":"","overlay-type":"","overlay-color":"","overlay-opacity":"","overlay-gradient":""},"mobile":{"background-color":"var(--ast-global-color-5)","background-image":"","background-repeat":"repeat","background-position":"center center","background-size":"auto","background-attachment":"scroll","background-type":"","background-media":"","overlay-type":"","overlay-color":"","overlay-opacity":"","overlay-gradient":""}}},"product_brand":[],"product_cat":[1758],"product_tag":[],"class_list":{"0":"post-16212","1":"product","2":"type-product","3":"status-publish","4":"has-post-thumbnail","6":"product_cat-trawienie","7":"desktop-align-left","8":"tablet-align-left","9":"mobile-align-left","11":"first","12":"instock","13":"sale","14":"taxable","15":"shipping-taxable","16":"purchasable","17":"product-type-simple"},"_links":{"self":[{"href":"https:\/\/mamaterra.lt\/pl\/wp-json\/wp\/v2\/product\/16212","targetHints":{"allow":["GET"]}}],"collection":[{"href":"https:\/\/mamaterra.lt\/pl\/wp-json\/wp\/v2\/product"}],"about":[{"href":"https:\/\/mamaterra.lt\/pl\/wp-json\/wp\/v2\/types\/product"}],"wp:featuredmedia":[{"embeddable":true,"href":"https:\/\/mamaterra.lt\/pl\/wp-json\/wp\/v2\/media\/12879"}],"wp:attachment":[{"href":"https:\/\/mamaterra.lt\/pl\/wp-json\/wp\/v2\/media?parent=16212"}],"wp:term":[{"taxonomy":"product_brand","embeddable":true,"href":"https:\/\/mamaterra.lt\/pl\/wp-json\/wp\/v2\/product_brand?post=16212"},{"taxonomy":"product_cat","embeddable":true,"href":"https:\/\/mamaterra.lt\/pl\/wp-json\/wp\/v2\/product_cat?post=16212"},{"taxonomy":"product_tag","embeddable":true,"href":"https:\/\/mamaterra.lt\/pl\/wp-json\/wp\/v2\/product_tag?post=16212"}],"curies":[{"name":"wp","href":"https:\/\/api.w.org\/{rel}","templated":true}]}}