{"id":16208,"date":"2021-04-19T08:31:04","date_gmt":"2021-04-19T07:31:04","guid":{"rendered":"https:\/\/mamaterra.lt\/parduotuve\/bez-kategorii\/dyfuzor-doterra-petal-2-0\/"},"modified":"2021-04-19T08:31:04","modified_gmt":"2021-04-19T07:31:04","slug":"doterra-dyfuzor-platek-2-0","status":"publish","type":"product","link":"https:\/\/mamaterra.lt\/pl\/parduotuve\/dyfuzory\/doterra-dyfuzor-platek-2-0\/","title":{"rendered":"Dyfuzor doTERRA PETAL 2.0"},"content":{"rendered":"<p><strong>doTERRA Petal 2.0 Dyfuzor<\/strong><\/p>\n<p>Nawiewnik p\u0142atkowy doTERRA to ma\u0142y i \u0142atwy w obs\u0142udze nawiewnik z szeregiem zalet. Ten wygodny dyfuzor jest stabilny, lekki, \u0142atwy w u\u017cyciu.<\/p>\n<ul>\n<li>Dyfuzor ultrad\u017awi\u0119kowy Petal 2.0<\/li>\n<li>Opcjonalne o\u015bwietlenie LED<\/li>\n<li>2 i 6 godzin ci\u0105g\u0142ej pracy oraz 12 godzin przerywanej pracy (5 minut w\u0142\u0105czenia, 5 minut wy\u0142\u0105czenia) ustawie\u0144 parowania<\/li>\n<li>Niezwykle lekka para o powierzchni do 33 m2<\/li>\n<\/ul>\n<p>&nbsp;<\/p>\n<p>Obejrzyj film o tym, jak u\u017cywa\u0107 dyfuzora Petal 2.0 z tymi olejkami eterycznymi.<\/p>\n<p><iframe title=\"Odtwarzacz wideo YouTube\" src=\"https:\/\/www.youtube-nocookie.com\/embed\/OmkVmTKdqbc\" width=\"560\" height=\"315\" frameborder=\"0\" allowfullscreen=\"allowfullscreen\"><\/iframe><\/p>\n","protected":false},"excerpt":{"rendered":"<ul>\n<li>Petal 2.0 &#8211; Dyfuzor ultrad\u017awi\u0119kowy<\/li>\n<li>Opcjonalne o\u015bwietlenie LED<\/li>\n<li>2 i 6 godzin ci\u0105g\u0142ej pracy oraz 12 godzin przerywanej pracy (5 minut w\u0142\u0105czenia, 5 minut wy\u0142\u0105czenia) ustawie\u0144 parowania<\/li>\n<li>Niezwykle lekka para o powierzchni do 33 m2<\/li>\n<li>\n<\/li>\n<\/ul>\n<div id=\"gtx-trans\" style=\"position: absolute; left: -46px; top: -3px;\">\n<div class=\"gtx-trans-icon\"><\/div>\n<\/div>\n","protected":false},"featured_media":12417,"template":"","meta":{"site-sidebar-layout":"default","site-content-layout":"default","ast-site-content-layout":"default","site-content-style":"default","site-sidebar-style":"default","ast-global-header-display":"","ast-banner-title-visibility":"","ast-main-header-display":"","ast-hfb-above-header-display":"","ast-hfb-below-header-display":"","ast-hfb-mobile-header-display":"","site-post-title":"","ast-breadcrumbs-content":"","ast-featured-img":"","footer-sml-layout":"","ast-disable-related-posts":"","theme-transparent-header-meta":"default","adv-header-id-meta":"","stick-header-meta":"","header-above-stick-meta":"","header-main-stick-meta":"","header-below-stick-meta":"","astra-migrate-meta-layouts":"default","ast-page-background-enabled":"default","ast-page-background-meta":{"desktop":{"background-color":"","background-image":"","background-repeat":"repeat","background-position":"center center","background-size":"auto","background-attachment":"scroll","background-type":"","background-media":"","overlay-type":"","overlay-color":"","overlay-opacity":"","overlay-gradient":""},"tablet":{"background-color":"","background-image":"","background-repeat":"repeat","background-position":"center center","background-size":"auto","background-attachment":"scroll","background-type":"","background-media":"","overlay-type":"","overlay-color":"","overlay-opacity":"","overlay-gradient":""},"mobile":{"background-color":"","background-image":"","background-repeat":"repeat","background-position":"center center","background-size":"auto","background-attachment":"scroll","background-type":"","background-media":"","overlay-type":"","overlay-color":"","overlay-opacity":"","overlay-gradient":""}},"ast-content-background-meta":{"desktop":{"background-color":"var(--ast-global-color-5)","background-image":"","background-repeat":"repeat","background-position":"center center","background-size":"auto","background-attachment":"scroll","background-type":"","background-media":"","overlay-type":"","overlay-color":"","overlay-opacity":"","overlay-gradient":""},"tablet":{"background-color":"var(--ast-global-color-5)","background-image":"","background-repeat":"repeat","background-position":"center center","background-size":"auto","background-attachment":"scroll","background-type":"","background-media":"","overlay-type":"","overlay-color":"","overlay-opacity":"","overlay-gradient":""},"mobile":{"background-color":"var(--ast-global-color-5)","background-image":"","background-repeat":"repeat","background-position":"center center","background-size":"auto","background-attachment":"scroll","background-type":"","background-media":"","overlay-type":"","overlay-color":"","overlay-opacity":"","overlay-gradient":""}}},"product_brand":[],"product_cat":[1686,1752],"product_tag":[1549,1527,1538,1443],"class_list":{"0":"post-16208","1":"product","2":"type-product","3":"status-publish","4":"has-post-thumbnail","6":"product_cat-dyfuzory","7":"product_cat-radzenia-sobie-ze-stresem","8":"product_tag-aromaterapia","9":"product_tag-dyfuzor","10":"product_tag-nawadnianie","11":"product_tag-petal-2-0-pl","12":"desktop-align-left","13":"tablet-align-left","14":"mobile-align-left","16":"first","17":"instock","18":"taxable","19":"shipping-taxable","20":"purchasable","21":"product-type-simple"},"_links":{"self":[{"href":"https:\/\/mamaterra.lt\/pl\/wp-json\/wp\/v2\/product\/16208","targetHints":{"allow":["GET"]}}],"collection":[{"href":"https:\/\/mamaterra.lt\/pl\/wp-json\/wp\/v2\/product"}],"about":[{"href":"https:\/\/mamaterra.lt\/pl\/wp-json\/wp\/v2\/types\/product"}],"wp:featuredmedia":[{"embeddable":true,"href":"https:\/\/mamaterra.lt\/pl\/wp-json\/wp\/v2\/media\/12417"}],"wp:attachment":[{"href":"https:\/\/mamaterra.lt\/pl\/wp-json\/wp\/v2\/media?parent=16208"}],"wp:term":[{"taxonomy":"product_brand","embeddable":true,"href":"https:\/\/mamaterra.lt\/pl\/wp-json\/wp\/v2\/product_brand?post=16208"},{"taxonomy":"product_cat","embeddable":true,"href":"https:\/\/mamaterra.lt\/pl\/wp-json\/wp\/v2\/product_cat?post=16208"},{"taxonomy":"product_tag","embeddable":true,"href":"https:\/\/mamaterra.lt\/pl\/wp-json\/wp\/v2\/product_tag?post=16208"}],"curies":[{"name":"wp","href":"https:\/\/api.w.org\/{rel}","templated":true}]}}