{"id":16205,"date":"2021-04-19T08:39:51","date_gmt":"2021-04-19T07:39:51","guid":{"rendered":"https:\/\/mamaterra.lt\/parduotuve\/bez-kategorii\/doterra-deep-blue-poliphenol-suplement-complex-60-kapsulki\/"},"modified":"2021-04-19T08:39:51","modified_gmt":"2021-04-19T07:39:51","slug":"doterra-deep-blue-polyphenol-supplement-complex-60-kapsulka","status":"publish","type":"product","link":"https:\/\/mamaterra.lt\/pl\/parduotuve\/olejki-eteryczne\/doterra-deep-blue-polyphenol-supplement-complex-60-kapsulka\/","title":{"rendered":"DoTERRA DEEP BLUE POLIPHENOL Suplement Complex (60 Kapsu\u0142ki)"},"content":{"rendered":"<p><strong>DoTERRA DEEP BLUE POLIPHENOL Suplementy Complex<\/strong><\/p>\n<p>60 kapsu\u0142ek<\/p>\n<p>&nbsp;<\/p>\n<p><strong>DoTERRA DEEP BLUE POLYPHENOL Suplement kompleks G\u0142\u00f3wne zalety:<\/strong><\/p>\n<p>Marka\u2122 Deep Blue jest synonimem koj\u0105cego wsparcia. U\u017cyj tego kompleksu, aby uzupe\u0142ni\u0107 zalety produkt\u00f3w do piel\u0119gnacji sk\u00f3ry i innych produkt\u00f3w z serii Deep Blue.<\/p>\n<ul>\n<li>Zawiera ekstrakty polifenolowe z boswellii, kurkumy, zielonej herbaty, imbiru, granatu i pestek winogron<\/li>\n<li>Mo\u017ce by\u0107 stosowany w po\u0142\u0105czeniu z Deep Blue Rub\u2122 lub ciemnoniebieskim \u015brodkiem przeciwb\u00f3lowym<\/li>\n<li>Kapsu\u0142ki wegetaria\u0144skie nie zawieraj\u0105 laurylosiarczanu sodu<\/li>\n<\/ul>\n<p>&nbsp;<\/p>\n<p>Obejrzyj film o tym <strong>kompleksie suplement\u00f3w polifenolowych doTERRA DEEP BLUE.<\/strong><\/p>\n<p><iframe title=\"Kompleks\u00ae polifenoli Deep Blue\" src=\"https:\/\/www.youtube.com\/embed\/6LkaHS_Wf8I\" width=\"946\" height=\"532\" frameborder=\"0\" allowfullscreen=\"allowfullscreen\"><\/iframe><\/p>\n","protected":false},"excerpt":{"rendered":"<ul>\n<li>Zawiera ekstrakty polifenolowe z boswellii, kurkumy, zielonej herbaty, imbiru, granatu i pestek winogron<\/li>\n<li>Mo\u017ce by\u0107 stosowany w po\u0142\u0105czeniu z Deep Blue Rub\u2122 lub ciemnoniebieskim \u015brodkiem przeciwb\u00f3lowym<\/li>\n<li>Kapsu\u0142ki wegetaria\u0144skie nie zawieraj\u0105 laurylosiarczanu sodu<\/li>\n<\/ul>\n","protected":false},"featured_media":12861,"template":"","meta":{"site-sidebar-layout":"default","site-content-layout":"default","ast-site-content-layout":"default","site-content-style":"default","site-sidebar-style":"default","ast-global-header-display":"","ast-banner-title-visibility":"","ast-main-header-display":"","ast-hfb-above-header-display":"","ast-hfb-below-header-display":"","ast-hfb-mobile-header-display":"","site-post-title":"","ast-breadcrumbs-content":"","ast-featured-img":"","footer-sml-layout":"","ast-disable-related-posts":"","theme-transparent-header-meta":"default","adv-header-id-meta":"","stick-header-meta":"","header-above-stick-meta":"","header-main-stick-meta":"","header-below-stick-meta":"","astra-migrate-meta-layouts":"default","ast-page-background-enabled":"default","ast-page-background-meta":{"desktop":{"background-color":"","background-image":"","background-repeat":"repeat","background-position":"center center","background-size":"auto","background-attachment":"scroll","background-type":"","background-media":"","overlay-type":"","overlay-color":"","overlay-opacity":"","overlay-gradient":""},"tablet":{"background-color":"","background-image":"","background-repeat":"repeat","background-position":"center center","background-size":"auto","background-attachment":"scroll","background-type":"","background-media":"","overlay-type":"","overlay-color":"","overlay-opacity":"","overlay-gradient":""},"mobile":{"background-color":"","background-image":"","background-repeat":"repeat","background-position":"center center","background-size":"auto","background-attachment":"scroll","background-type":"","background-media":"","overlay-type":"","overlay-color":"","overlay-opacity":"","overlay-gradient":""}},"ast-content-background-meta":{"desktop":{"background-color":"var(--ast-global-color-5)","background-image":"","background-repeat":"repeat","background-position":"center center","background-size":"auto","background-attachment":"scroll","background-type":"","background-media":"","overlay-type":"","overlay-color":"","overlay-opacity":"","overlay-gradient":""},"tablet":{"background-color":"var(--ast-global-color-5)","background-image":"","background-repeat":"repeat","background-position":"center center","background-size":"auto","background-attachment":"scroll","background-type":"","background-media":"","overlay-type":"","overlay-color":"","overlay-opacity":"","overlay-gradient":""},"mobile":{"background-color":"var(--ast-global-color-5)","background-image":"","background-repeat":"repeat","background-position":"center center","background-size":"auto","background-attachment":"scroll","background-type":"","background-media":"","overlay-type":"","overlay-color":"","overlay-opacity":"","overlay-gradient":""}}},"product_brand":[],"product_cat":[1698],"product_tag":[1507],"class_list":{"0":"post-16205","1":"product","2":"type-product","3":"status-publish","4":"has-post-thumbnail","6":"product_cat-olejki-eteryczne","7":"product_tag-deep-blue-pl","8":"desktop-align-left","9":"tablet-align-left","10":"mobile-align-left","12":"first","13":"instock","14":"sale","15":"taxable","16":"shipping-taxable","17":"purchasable","18":"product-type-simple"},"_links":{"self":[{"href":"https:\/\/mamaterra.lt\/pl\/wp-json\/wp\/v2\/product\/16205","targetHints":{"allow":["GET"]}}],"collection":[{"href":"https:\/\/mamaterra.lt\/pl\/wp-json\/wp\/v2\/product"}],"about":[{"href":"https:\/\/mamaterra.lt\/pl\/wp-json\/wp\/v2\/types\/product"}],"wp:featuredmedia":[{"embeddable":true,"href":"https:\/\/mamaterra.lt\/pl\/wp-json\/wp\/v2\/media\/12861"}],"wp:attachment":[{"href":"https:\/\/mamaterra.lt\/pl\/wp-json\/wp\/v2\/media?parent=16205"}],"wp:term":[{"taxonomy":"product_brand","embeddable":true,"href":"https:\/\/mamaterra.lt\/pl\/wp-json\/wp\/v2\/product_brand?post=16205"},{"taxonomy":"product_cat","embeddable":true,"href":"https:\/\/mamaterra.lt\/pl\/wp-json\/wp\/v2\/product_cat?post=16205"},{"taxonomy":"product_tag","embeddable":true,"href":"https:\/\/mamaterra.lt\/pl\/wp-json\/wp\/v2\/product_tag?post=16205"}],"curies":[{"name":"wp","href":"https:\/\/api.w.org\/{rel}","templated":true}]}}