{"id":16200,"date":"2021-04-19T08:42:41","date_gmt":"2021-04-19T07:42:41","guid":{"rendered":"https:\/\/mamaterra.lt\/parduotuve\/bez-kategorii\/doterra-mito2max-kapsulki-miekkie-suplement-kompleks\/"},"modified":"2021-04-19T08:42:41","modified_gmt":"2021-04-19T07:42:41","slug":"doterra-mito2max-complex","status":"publish","type":"product","link":"https:\/\/mamaterra.lt\/pl\/parduotuve\/olejki-eteryczne\/doterra-mito2max-complex\/","title":{"rendered":"doTERRA MITO2MAX\u2122 Kapsu\u0142ki mi\u0119kkie Suplement Kompleks"},"content":{"rendered":"<p><strong>doTERRA MITO2MAX\u2122 Kapsu\u0142ki mi\u0119kkie Suplement Kompleks<\/strong><\/p>\n<p>60 kapsu\u0142ek<\/p>\n<p>&nbsp;<\/p>\n<p><strong>doTERRA MITO2MAX\u2122 Mi\u0119kkie kapsu\u0142ki Suplementy Kompleks G\u0142\u00f3wne zalety:<\/strong><\/p>\n<p>Mito2Max to opatentowana mieszanka standaryzowanych ekstrakt\u00f3w ro\u015blinnych i kofaktor\u00f3w metabolicznych dla aktywnego \u017cycia. Spo\u017cywany jako d\u0142ugoterminowa alternatywa dla napoj\u00f3w i suplement\u00f3w diety z kofein\u0105.<\/p>\n<ul>\n<li>Z opatentowanym kompleksem doTERRA zapewniaj\u0105cym energi\u0119 i wytrzyma\u0142o\u015b\u0107<\/li>\n<li>Miej go w torebce lub torbie podr\u00f3\u017cnej, aby zapewni\u0107 wygodn\u0105 ochron\u0119 na wyci\u0105gni\u0119cie r\u0119ki<\/li>\n<li>Kapsu\u0142ki wegetaria\u0144skie nie zawieraj\u0105 laurylosiarczanu sodu<\/li>\n<\/ul>\n<p>&nbsp;<\/p>\n<p>Obejrzyj film o tym <strong>kompleksie suplement\u00f3w mi\u0119kkich kapsu\u0142ek doTERRA MITO2MAX\u2122.<\/strong><\/p>\n<p><iframe title=\"Przyspiesz sw\u00f3j trening dzi\u0119ki Mito2Max\u00ae firmy doTERRA\" src=\"https:\/\/www.youtube.com\/embed\/YUlYWNy6a7o\" width=\"946\" height=\"532\" frameborder=\"0\" allowfullscreen=\"allowfullscreen\"><\/iframe><\/p>\n","protected":false},"excerpt":{"rendered":"<ul>\n<li>Z opatentowanym kompleksem d\u014dTERRA zapewniaj\u0105cym energi\u0119 i wytrzyma\u0142o\u015b\u0107<\/li>\n<li>Miej go w torebce lub torbie podr\u00f3\u017cnej, aby zapewni\u0107 wygodn\u0105 ochron\u0119 na wyci\u0105gni\u0119cie r\u0119ki<\/li>\n<li>Kapsu\u0142ki wegetaria\u0144skie nie zawieraj\u0105 laurylosiarczanu sodu<\/li>\n<\/ul>\n","protected":false},"featured_media":12885,"template":"","meta":{"site-sidebar-layout":"default","site-content-layout":"default","ast-site-content-layout":"default","site-content-style":"default","site-sidebar-style":"default","ast-global-header-display":"","ast-banner-title-visibility":"","ast-main-header-display":"","ast-hfb-above-header-display":"","ast-hfb-below-header-display":"","ast-hfb-mobile-header-display":"","site-post-title":"","ast-breadcrumbs-content":"","ast-featured-img":"","footer-sml-layout":"","ast-disable-related-posts":"","theme-transparent-header-meta":"default","adv-header-id-meta":"","stick-header-meta":"","header-above-stick-meta":"","header-main-stick-meta":"","header-below-stick-meta":"","astra-migrate-meta-layouts":"default","ast-page-background-enabled":"default","ast-page-background-meta":{"desktop":{"background-color":"","background-image":"","background-repeat":"repeat","background-position":"center center","background-size":"auto","background-attachment":"scroll","background-type":"","background-media":"","overlay-type":"","overlay-color":"","overlay-opacity":"","overlay-gradient":""},"tablet":{"background-color":"","background-image":"","background-repeat":"repeat","background-position":"center center","background-size":"auto","background-attachment":"scroll","background-type":"","background-media":"","overlay-type":"","overlay-color":"","overlay-opacity":"","overlay-gradient":""},"mobile":{"background-color":"","background-image":"","background-repeat":"repeat","background-position":"center center","background-size":"auto","background-attachment":"scroll","background-type":"","background-media":"","overlay-type":"","overlay-color":"","overlay-opacity":"","overlay-gradient":""}},"ast-content-background-meta":{"desktop":{"background-color":"var(--ast-global-color-5)","background-image":"","background-repeat":"repeat","background-position":"center center","background-size":"auto","background-attachment":"scroll","background-type":"","background-media":"","overlay-type":"","overlay-color":"","overlay-opacity":"","overlay-gradient":""},"tablet":{"background-color":"var(--ast-global-color-5)","background-image":"","background-repeat":"repeat","background-position":"center center","background-size":"auto","background-attachment":"scroll","background-type":"","background-media":"","overlay-type":"","overlay-color":"","overlay-opacity":"","overlay-gradient":""},"mobile":{"background-color":"var(--ast-global-color-5)","background-image":"","background-repeat":"repeat","background-position":"center center","background-size":"auto","background-attachment":"scroll","background-type":"","background-media":"","overlay-type":"","overlay-color":"","overlay-opacity":"","overlay-gradient":""}}},"product_brand":[],"product_cat":[1698],"product_tag":[1553,1575],"class_list":{"0":"post-16200","1":"product","2":"type-product","3":"status-publish","4":"has-post-thumbnail","6":"product_cat-olejki-eteryczne","7":"product_tag-kapsulki","8":"product_tag-suplementy","9":"desktop-align-left","10":"tablet-align-left","11":"mobile-align-left","13":"first","14":"instock","15":"taxable","16":"shipping-taxable","17":"purchasable","18":"product-type-simple"},"_links":{"self":[{"href":"https:\/\/mamaterra.lt\/pl\/wp-json\/wp\/v2\/product\/16200","targetHints":{"allow":["GET"]}}],"collection":[{"href":"https:\/\/mamaterra.lt\/pl\/wp-json\/wp\/v2\/product"}],"about":[{"href":"https:\/\/mamaterra.lt\/pl\/wp-json\/wp\/v2\/types\/product"}],"wp:featuredmedia":[{"embeddable":true,"href":"https:\/\/mamaterra.lt\/pl\/wp-json\/wp\/v2\/media\/12885"}],"wp:attachment":[{"href":"https:\/\/mamaterra.lt\/pl\/wp-json\/wp\/v2\/media?parent=16200"}],"wp:term":[{"taxonomy":"product_brand","embeddable":true,"href":"https:\/\/mamaterra.lt\/pl\/wp-json\/wp\/v2\/product_brand?post=16200"},{"taxonomy":"product_cat","embeddable":true,"href":"https:\/\/mamaterra.lt\/pl\/wp-json\/wp\/v2\/product_cat?post=16200"},{"taxonomy":"product_tag","embeddable":true,"href":"https:\/\/mamaterra.lt\/pl\/wp-json\/wp\/v2\/product_tag?post=16200"}],"curies":[{"name":"wp","href":"https:\/\/api.w.org\/{rel}","templated":true}]}}