{"id":16199,"date":"2021-04-19T09:05:20","date_gmt":"2021-04-19T08:05:20","guid":{"rendered":"https:\/\/mamaterra.lt\/parduotuve\/bez-kategorii\/zel-do-mycia-twarzy-doterra-verage-60ml\/"},"modified":"2021-04-19T09:05:20","modified_gmt":"2021-04-19T08:05:20","slug":"srodek-czyszczacy-doterra-verage-60ml","status":"publish","type":"product","link":"https:\/\/mamaterra.lt\/pl\/parduotuve\/higiena-i-pielegnacja-skory\/doterra-verage-pl\/srodek-czyszczacy-doterra-verage-60ml\/","title":{"rendered":"\u017bel do mycia twarzy doTERRA VERAGE\u2122 60ml"},"content":{"rendered":"<p><strong>Piel\u0119gnacja twarzy doTERRA VERAGE\u2122<\/strong><\/p>\n<p>60 ml<\/p>\n<p>&nbsp;<\/p>\n<p><strong>\u015arodek czyszcz\u0105cy doTERRA Verage\u2122 G\u0142\u00f3wne zalety:<\/strong><\/p>\n<p>Je\u015bli chcesz mie\u0107 zdrow\u0105 i g\u0142adk\u0105 sk\u00f3r\u0119, musisz najpierw u\u017cy\u0107 \u015brodka czyszcz\u0105cego Verage. Ten naturalny \u017cel oczyszczaj\u0105cy oczyszcza sk\u00f3r\u0119, od\u015bwie\u017ca j\u0105 i nadaje jej m\u0142odzie\u0144czy wygl\u0105d.<\/p>\n<ul>\n<li>Wzbogacony olejkami eterycznymi CPTG\u2122 z dzikich pomara\u0144czy, drzew herbacianych (pra\u017eangialapital mirt) i bazylii, kt\u00f3re delikatnie oczyszczaj\u0105 i usuwaj\u0105 brud<\/li>\n<li>Dodaje wigoru i oczyszcza sk\u00f3r\u0119, a naturalne emolienty od\u017cywiaj\u0105 j\u0105 i nawil\u017caj\u0105<\/li>\n<\/ul>\n<p><strong>Sk\u0142adniki do piel\u0119gnacji sk\u00f3ry DoTERRA Verage Korzy\u015bci udowodnione w badaniach klinicznych:<\/strong><\/p>\n<ul>\n<li>Nadaje sk\u00f3rze g\u0142adko\u015b\u0107<\/li>\n<li>Pomaga zmniejszy\u0107 zaczerwienienie sk\u00f3ry<\/li>\n<li>Sk\u00f3ra wygl\u0105da m\u0142odzie\u0144czo<\/li>\n<li>Zmniejsza pory<\/li>\n<li>Nadaje r\u00f3wnomierny koloryt sk\u00f3rze<\/li>\n<\/ul>\n<p>&nbsp;<\/p>\n<p>Aby uzyska\u0107 wi\u0119cej informacji na temat <strong>\u015brodka czyszcz\u0105cego doTERRA VERAGE\u2122,<\/strong> obejrzyj poni\u017cszy film.<\/p>\n<p><iframe title=\"Odtwarzacz wideo YouTube\" src=\"https:\/\/www.youtube-nocookie.com\/embed\/2tl0iT4x3a8?start=119\" width=\"560\" height=\"315\" frameborder=\"0\" allowfullscreen=\"allowfullscreen\"><\/iframe><\/p>\n","protected":false},"excerpt":{"rendered":"<ul>\n<li>Wzbogacony olejkami eterycznymi CPTG\u2122 z dzikich pomara\u0144czy, drzew herbacianych (pra\u017eangialapital mirt) i bazylii, kt\u00f3re delikatnie oczyszczaj\u0105 i usuwaj\u0105 brud<\/li>\n<li>Dodaje wigoru i oczyszcza sk\u00f3r\u0119, a naturalne emolienty od\u017cywiaj\u0105 j\u0105 i nawil\u017caj\u0105<\/li>\n<\/ul>\n","protected":false},"featured_media":12456,"template":"","meta":{"site-sidebar-layout":"default","site-content-layout":"default","ast-site-content-layout":"default","site-content-style":"default","site-sidebar-style":"default","ast-global-header-display":"","ast-banner-title-visibility":"","ast-main-header-display":"","ast-hfb-above-header-display":"","ast-hfb-below-header-display":"","ast-hfb-mobile-header-display":"","site-post-title":"","ast-breadcrumbs-content":"","ast-featured-img":"","footer-sml-layout":"","ast-disable-related-posts":"","theme-transparent-header-meta":"default","adv-header-id-meta":"","stick-header-meta":"","header-above-stick-meta":"","header-main-stick-meta":"","header-below-stick-meta":"","astra-migrate-meta-layouts":"default","ast-page-background-enabled":"default","ast-page-background-meta":{"desktop":{"background-color":"","background-image":"","background-repeat":"repeat","background-position":"center center","background-size":"auto","background-attachment":"scroll","background-type":"","background-media":"","overlay-type":"","overlay-color":"","overlay-opacity":"","overlay-gradient":""},"tablet":{"background-color":"","background-image":"","background-repeat":"repeat","background-position":"center center","background-size":"auto","background-attachment":"scroll","background-type":"","background-media":"","overlay-type":"","overlay-color":"","overlay-opacity":"","overlay-gradient":""},"mobile":{"background-color":"","background-image":"","background-repeat":"repeat","background-position":"center center","background-size":"auto","background-attachment":"scroll","background-type":"","background-media":"","overlay-type":"","overlay-color":"","overlay-opacity":"","overlay-gradient":""}},"ast-content-background-meta":{"desktop":{"background-color":"var(--ast-global-color-5)","background-image":"","background-repeat":"repeat","background-position":"center center","background-size":"auto","background-attachment":"scroll","background-type":"","background-media":"","overlay-type":"","overlay-color":"","overlay-opacity":"","overlay-gradient":""},"tablet":{"background-color":"var(--ast-global-color-5)","background-image":"","background-repeat":"repeat","background-position":"center center","background-size":"auto","background-attachment":"scroll","background-type":"","background-media":"","overlay-type":"","overlay-color":"","overlay-opacity":"","overlay-gradient":""},"mobile":{"background-color":"var(--ast-global-color-5)","background-image":"","background-repeat":"repeat","background-position":"center center","background-size":"auto","background-attachment":"scroll","background-type":"","background-media":"","overlay-type":"","overlay-color":"","overlay-opacity":"","overlay-gradient":""}}},"product_brand":[],"product_cat":[1723,1711],"product_tag":[770,1581,1404],"class_list":{"0":"post-16199","1":"product","2":"type-product","3":"status-publish","4":"has-post-thumbnail","6":"product_cat-doterra-verage-pl","7":"product_cat-higiena-i-pielegnacja-skory","8":"product_tag-60-ml-pl","9":"product_tag-detergent-pl","10":"product_tag-verage-pl","11":"desktop-align-left","12":"tablet-align-left","13":"mobile-align-left","15":"first","16":"instock","17":"taxable","18":"shipping-taxable","19":"purchasable","20":"product-type-simple"},"_links":{"self":[{"href":"https:\/\/mamaterra.lt\/pl\/wp-json\/wp\/v2\/product\/16199","targetHints":{"allow":["GET"]}}],"collection":[{"href":"https:\/\/mamaterra.lt\/pl\/wp-json\/wp\/v2\/product"}],"about":[{"href":"https:\/\/mamaterra.lt\/pl\/wp-json\/wp\/v2\/types\/product"}],"wp:featuredmedia":[{"embeddable":true,"href":"https:\/\/mamaterra.lt\/pl\/wp-json\/wp\/v2\/media\/12456"}],"wp:attachment":[{"href":"https:\/\/mamaterra.lt\/pl\/wp-json\/wp\/v2\/media?parent=16199"}],"wp:term":[{"taxonomy":"product_brand","embeddable":true,"href":"https:\/\/mamaterra.lt\/pl\/wp-json\/wp\/v2\/product_brand?post=16199"},{"taxonomy":"product_cat","embeddable":true,"href":"https:\/\/mamaterra.lt\/pl\/wp-json\/wp\/v2\/product_cat?post=16199"},{"taxonomy":"product_tag","embeddable":true,"href":"https:\/\/mamaterra.lt\/pl\/wp-json\/wp\/v2\/product_tag?post=16199"}],"curies":[{"name":"wp","href":"https:\/\/api.w.org\/{rel}","templated":true}]}}