{"id":16195,"date":"2021-04-19T08:48:55","date_gmt":"2021-04-19T07:48:55","guid":{"rendered":"https:\/\/mamaterra.lt\/parduotuve\/bez-kategorii\/doterra-olejki-eteryczne-i-omega-fatty-acids-complex-xeo-mega-120-kapsulek\/"},"modified":"2021-04-19T08:48:55","modified_gmt":"2021-04-19T07:48:55","slug":"doterra-olejek-i-omega-tluszcz-kompleks-xeo-mega-120-kapsulki","status":"publish","type":"product","link":"https:\/\/mamaterra.lt\/pl\/parduotuve\/olejki-eteryczne\/doterra-olejek-i-omega-tluszcz-kompleks-xeo-mega-120-kapsulki\/","title":{"rendered":"doTERRA Olejki eteryczne i Omega Fatty Acids Complex xEO MEGA\u2122 (120 kapsu\u0142ek)"},"content":{"rendered":"<p><strong>doTERRA Olejki eteryczne i kompleks kwas\u00f3w t\u0142uszczowych Omega xEO MEGA\u2122<\/strong><\/p>\n<p>120 kapsu\u0142ek mi\u0119kkich<\/p>\n<p><strong>doTERRA Olejki eteryczne i kompleks kwas\u00f3w t\u0142uszczowych omega xEO MEGA\u2122 G\u0142\u00f3wne zalety:<\/strong><\/p>\n<p>xEO Mega to rewolucyjna formu\u0142a, kt\u00f3ra \u0142\u0105czy olejki eteryczne CPTG z naturalnymi morskimi i ro\u015blinnymi olejami omega 3 i karotenoidami. Zapewnia jednolity stosunek EPA do DHA, kt\u00f3ry otrzymuje si\u0119 ze zr\u00f3wnowa\u017conych koncentrat\u00f3w oleju rybiego i oleju eterycznego z kwasami t\u0142uszczowymi SDA i GLA.<\/p>\n<ul>\n<li>Pe\u0142ne spektrum karotenoid\u00f3w, antyoksydacyjna witamina E i witamina D*<\/li>\n<li>Z olejkami eterycznymi z go\u017adzik\u00f3w, boswellii, tymianku, kminku, dzikiej pomara\u0144czy, mi\u0119ty pieprzowej, imbiru, kminku i germa\u0144skiego rumianku<\/li>\n<li>W wegetaria\u0144skim mi\u0119kkim kapsu\u0142ku<\/li>\n<\/ul>\n<p>&nbsp;<\/p>\n<p>Obejrzyj film o tym <strong>doTERRA Olejki eteryczne i kompleks kwas\u00f3w t\u0142uszczowych omega xEO MEGA.\u2122<\/strong><\/p>\n<p><iframe title=\"Pierwsze niezb\u0119dne nienasycone kwasy t\u0142uszczowe\" src=\"https:\/\/www.youtube.com\/embed\/xuZ1i2czNEE\" width=\"946\" height=\"532\" frameborder=\"0\" allowfullscreen=\"allowfullscreen\"><\/iframe><\/p>\n","protected":false},"excerpt":{"rendered":"<ul>\n<li>Pe\u0142ne spektrum karotenoid\u00f3w, antyoksydacyjna witamina E i witamina D*<\/li>\n<li>Z olejkami eterycznymi z go\u017adzik\u00f3w, boswellii, tymianku, kminku, dzikiej pomara\u0144czy, mi\u0119ty pieprzowej, imbiru, kminku i germa\u0144skiego rumianku<\/li>\n<li>W wegetaria\u0144skim mi\u0119kkim kapsu\u0142ku<\/li>\n<\/ul>\n","protected":false},"featured_media":12870,"template":"","meta":{"site-sidebar-layout":"default","site-content-layout":"default","ast-site-content-layout":"default","site-content-style":"default","site-sidebar-style":"default","ast-global-header-display":"","ast-banner-title-visibility":"","ast-main-header-display":"","ast-hfb-above-header-display":"","ast-hfb-below-header-display":"","ast-hfb-mobile-header-display":"","site-post-title":"","ast-breadcrumbs-content":"","ast-featured-img":"","footer-sml-layout":"","ast-disable-related-posts":"","theme-transparent-header-meta":"default","adv-header-id-meta":"","stick-header-meta":"","header-above-stick-meta":"","header-main-stick-meta":"","header-below-stick-meta":"","astra-migrate-meta-layouts":"default","ast-page-background-enabled":"default","ast-page-background-meta":{"desktop":{"background-color":"","background-image":"","background-repeat":"repeat","background-position":"center center","background-size":"auto","background-attachment":"scroll","background-type":"","background-media":"","overlay-type":"","overlay-color":"","overlay-opacity":"","overlay-gradient":""},"tablet":{"background-color":"","background-image":"","background-repeat":"repeat","background-position":"center center","background-size":"auto","background-attachment":"scroll","background-type":"","background-media":"","overlay-type":"","overlay-color":"","overlay-opacity":"","overlay-gradient":""},"mobile":{"background-color":"","background-image":"","background-repeat":"repeat","background-position":"center center","background-size":"auto","background-attachment":"scroll","background-type":"","background-media":"","overlay-type":"","overlay-color":"","overlay-opacity":"","overlay-gradient":""}},"ast-content-background-meta":{"desktop":{"background-color":"var(--ast-global-color-5)","background-image":"","background-repeat":"repeat","background-position":"center center","background-size":"auto","background-attachment":"scroll","background-type":"","background-media":"","overlay-type":"","overlay-color":"","overlay-opacity":"","overlay-gradient":""},"tablet":{"background-color":"var(--ast-global-color-5)","background-image":"","background-repeat":"repeat","background-position":"center center","background-size":"auto","background-attachment":"scroll","background-type":"","background-media":"","overlay-type":"","overlay-color":"","overlay-opacity":"","overlay-gradient":""},"mobile":{"background-color":"var(--ast-global-color-5)","background-image":"","background-repeat":"repeat","background-position":"center center","background-size":"auto","background-attachment":"scroll","background-type":"","background-media":"","overlay-type":"","overlay-color":"","overlay-opacity":"","overlay-gradient":""}}},"product_brand":[],"product_cat":[1698],"product_tag":[],"class_list":{"0":"post-16195","1":"product","2":"type-product","3":"status-publish","4":"has-post-thumbnail","6":"product_cat-olejki-eteryczne","7":"desktop-align-left","8":"tablet-align-left","9":"mobile-align-left","11":"first","12":"instock","13":"sale","14":"taxable","15":"shipping-taxable","16":"purchasable","17":"product-type-simple"},"_links":{"self":[{"href":"https:\/\/mamaterra.lt\/pl\/wp-json\/wp\/v2\/product\/16195","targetHints":{"allow":["GET"]}}],"collection":[{"href":"https:\/\/mamaterra.lt\/pl\/wp-json\/wp\/v2\/product"}],"about":[{"href":"https:\/\/mamaterra.lt\/pl\/wp-json\/wp\/v2\/types\/product"}],"wp:featuredmedia":[{"embeddable":true,"href":"https:\/\/mamaterra.lt\/pl\/wp-json\/wp\/v2\/media\/12870"}],"wp:attachment":[{"href":"https:\/\/mamaterra.lt\/pl\/wp-json\/wp\/v2\/media?parent=16195"}],"wp:term":[{"taxonomy":"product_brand","embeddable":true,"href":"https:\/\/mamaterra.lt\/pl\/wp-json\/wp\/v2\/product_brand?post=16195"},{"taxonomy":"product_cat","embeddable":true,"href":"https:\/\/mamaterra.lt\/pl\/wp-json\/wp\/v2\/product_cat?post=16195"},{"taxonomy":"product_tag","embeddable":true,"href":"https:\/\/mamaterra.lt\/pl\/wp-json\/wp\/v2\/product_tag?post=16195"}],"curies":[{"name":"wp","href":"https:\/\/api.w.org\/{rel}","templated":true}]}}