{"id":16193,"date":"2021-04-19T08:52:21","date_gmt":"2021-04-19T07:52:21","guid":{"rendered":"https:\/\/mamaterra.lt\/parduotuve\/bez-kategorii\/doterra-iq-mega-suplement-150ml\/"},"modified":"2021-04-19T08:52:21","modified_gmt":"2021-04-19T07:52:21","slug":"doterra-iq-mega-suplement-150ml","status":"publish","type":"product","link":"https:\/\/mamaterra.lt\/pl\/parduotuve\/dla-dzieci\/doterra-iq-mega-suplement-150ml\/","title":{"rendered":"doTERRA IQ MEGA\u2122 Suplement 150ml"},"content":{"rendered":"<p><strong>doTERRA IQ MEGA\u2122 Suplement<\/strong><\/p>\n<p>150 ml<\/p>\n<p>&nbsp;<\/p>\n<p><strong>DOTERRA IQ Mega\u2122 G\u0142\u00f3wne zalety:<\/strong><\/p>\n<p>W suplementach IQ Mega nie znajdziesz rybnego smaku typowego dla oleju rybnego &#8211; jest pyszny jak olejek eteryczny z dzikiej pomara\u0144czy\u2122 CPTG.<\/p>\n<ul>\n<li>Ka\u017cda dawka zawiera 1 300 mg czystych, skoncentrowanych, przefiltrowanych molekularnie i ca\u0142kowicie dezodoryzowanych lipid\u00f3w morskich, 900 mg DHA i 400 mg EPA<\/li>\n<li>Przeznaczony do stosowania z tabletkami do rozgryzania i \u017cucia doTERRA a2z<\/li>\n<\/ul>\n<p>&nbsp;<\/p>\n<p>Obejrzyj film o tym dodatku doterra.<\/p>\n<p><iframe title=\"Dlaczego doTERRA IQ Mega jest tak niezb\u0119dna\" src=\"https:\/\/www.youtube.com\/embed\/gt74YWa6GGI\" width=\"946\" height=\"532\" frameborder=\"0\" allowfullscreen=\"allowfullscreen\"><\/iframe><\/p>\n","protected":false},"excerpt":{"rendered":"<ul>\n<li>Ka\u017cda dawka zawiera 1 300 mg czystych, skoncentrowanych, przefiltrowanych molekularnie i ca\u0142kowicie dezodoryzowanych lipid\u00f3w morskich, 900 mg DHA i 400 mg EPA<\/li>\n<li>Przeznaczony do stosowania z tabletkami do rozgryzania i \u017cucia doTERRA a2z<\/li>\n<\/ul>\n","protected":false},"featured_media":12333,"template":"","meta":{"site-sidebar-layout":"default","site-content-layout":"default","ast-site-content-layout":"default","site-content-style":"default","site-sidebar-style":"default","ast-global-header-display":"","ast-banner-title-visibility":"","ast-main-header-display":"","ast-hfb-above-header-display":"","ast-hfb-below-header-display":"","ast-hfb-mobile-header-display":"","site-post-title":"","ast-breadcrumbs-content":"","ast-featured-img":"","footer-sml-layout":"","ast-disable-related-posts":"","theme-transparent-header-meta":"default","adv-header-id-meta":"","stick-header-meta":"","header-above-stick-meta":"","header-main-stick-meta":"","header-below-stick-meta":"","astra-migrate-meta-layouts":"default","ast-page-background-enabled":"default","ast-page-background-meta":{"desktop":{"background-color":"","background-image":"","background-repeat":"repeat","background-position":"center center","background-size":"auto","background-attachment":"scroll","background-type":"","background-media":"","overlay-type":"","overlay-color":"","overlay-opacity":"","overlay-gradient":""},"tablet":{"background-color":"","background-image":"","background-repeat":"repeat","background-position":"center center","background-size":"auto","background-attachment":"scroll","background-type":"","background-media":"","overlay-type":"","overlay-color":"","overlay-opacity":"","overlay-gradient":""},"mobile":{"background-color":"","background-image":"","background-repeat":"repeat","background-position":"center center","background-size":"auto","background-attachment":"scroll","background-type":"","background-media":"","overlay-type":"","overlay-color":"","overlay-opacity":"","overlay-gradient":""}},"ast-content-background-meta":{"desktop":{"background-color":"var(--ast-global-color-5)","background-image":"","background-repeat":"repeat","background-position":"center center","background-size":"auto","background-attachment":"scroll","background-type":"","background-media":"","overlay-type":"","overlay-color":"","overlay-opacity":"","overlay-gradient":""},"tablet":{"background-color":"var(--ast-global-color-5)","background-image":"","background-repeat":"repeat","background-position":"center center","background-size":"auto","background-attachment":"scroll","background-type":"","background-media":"","overlay-type":"","overlay-color":"","overlay-opacity":"","overlay-gradient":""},"mobile":{"background-color":"var(--ast-global-color-5)","background-image":"","background-repeat":"repeat","background-position":"center center","background-size":"auto","background-attachment":"scroll","background-type":"","background-media":"","overlay-type":"","overlay-color":"","overlay-opacity":"","overlay-gradient":""}}},"product_brand":[],"product_cat":[1755],"product_tag":[813,1159,1575],"class_list":{"0":"post-16193","1":"product","2":"type-product","3":"status-publish","4":"has-post-thumbnail","6":"product_cat-dla-dzieci","7":"product_tag-150ml-pl","8":"product_tag-iq-mega-pl","9":"product_tag-suplementy","10":"desktop-align-left","11":"tablet-align-left","12":"mobile-align-left","14":"first","15":"instock","16":"sale","17":"taxable","18":"shipping-taxable","19":"purchasable","20":"product-type-simple"},"_links":{"self":[{"href":"https:\/\/mamaterra.lt\/pl\/wp-json\/wp\/v2\/product\/16193","targetHints":{"allow":["GET"]}}],"collection":[{"href":"https:\/\/mamaterra.lt\/pl\/wp-json\/wp\/v2\/product"}],"about":[{"href":"https:\/\/mamaterra.lt\/pl\/wp-json\/wp\/v2\/types\/product"}],"wp:featuredmedia":[{"embeddable":true,"href":"https:\/\/mamaterra.lt\/pl\/wp-json\/wp\/v2\/media\/12333"}],"wp:attachment":[{"href":"https:\/\/mamaterra.lt\/pl\/wp-json\/wp\/v2\/media?parent=16193"}],"wp:term":[{"taxonomy":"product_brand","embeddable":true,"href":"https:\/\/mamaterra.lt\/pl\/wp-json\/wp\/v2\/product_brand?post=16193"},{"taxonomy":"product_cat","embeddable":true,"href":"https:\/\/mamaterra.lt\/pl\/wp-json\/wp\/v2\/product_cat?post=16193"},{"taxonomy":"product_tag","embeddable":true,"href":"https:\/\/mamaterra.lt\/pl\/wp-json\/wp\/v2\/product_tag?post=16193"}],"curies":[{"name":"wp","href":"https:\/\/api.w.org\/{rel}","templated":true}]}}