{"id":16188,"date":"2021-04-19T08:46:00","date_gmt":"2021-04-19T07:46:00","guid":{"rendered":"https:\/\/mamaterra.lt\/parduotuve\/bez-kategorii\/doterra-zendocrine-kapsulki-miekkie-27g\/"},"modified":"2021-04-19T08:46:00","modified_gmt":"2021-04-19T07:46:00","slug":"doterra-zendocrine-soft-zele-kapsulki-27g","status":"publish","type":"product","link":"https:\/\/mamaterra.lt\/pl\/parduotuve\/olejki-eteryczne\/mieszanki-olejkow-eterycznych\/doterra-zendocrine-soft-zele-kapsulki-27g\/","title":{"rendered":"doTERRA Zendocrine\u2122 Kapsu\u0142ki mi\u0119kkie 27g"},"content":{"rendered":"<p><strong>doTERRA Zendocrine\u2122 Kapsu\u0142ki mi\u0119kkie  <\/strong><\/p>\n<p>27g &#8211; 60 kapsu\u0142ek mi\u0119kkich<\/p>\n<p>&nbsp;<\/p>\n<p><strong>G\u0142\u00f3wne zalety doTERRA Zendocrine\u2122:<\/strong><\/p>\n<p>Zendocrine Soft Capsules to szybki i \u0142atwy spos\u00f3b na przyjmowanie mieszanki regeneracyjnej doTERRA Zendocrine, niezale\u017cnie od tego, czy podr\u00f3\u017cujesz gdzie\u015b, w po\u015bpiechu, czy po prostu cieszysz si\u0119 wygod\u0105 mi\u0119kkich kapsu\u0142ek!<\/p>\n<ul>\n<li>Z opatentowan\u0105 mieszank\u0105 olejk\u00f3w eterycznych z czerwonych mandarynek, rozmarynu, pelargonii, jag\u00f3d ja\u0142owca i li\u015bci kolendry<\/li>\n<li>Mieszanka olejk\u00f3w eterycznych ma aromat, kt\u00f3ry oczyszcza zmys\u0142y i daje \u015bwie\u017ce poczucie czysto\u015bci<\/li>\n<li>W wegetaria\u0144skim mi\u0119kkim kapsu\u0142ku<\/li>\n<\/ul>\n<p>&nbsp;<\/p>\n<p>Obejrzyj film o tym <strong>doTERRA Zendocrine\u2122 suplement<\/strong><strong>.<\/strong><\/p>\n<p><iframe title=\"Dr Ruth Dempsey: Kompleks zendokrynny doTERRA\" src=\"https:\/\/www.youtube.com\/embed\/zebG5evJmHY\" width=\"946\" height=\"532\" frameborder=\"0\" allowfullscreen=\"allowfullscreen\"><\/iframe><\/p>\n","protected":false},"excerpt":{"rendered":"<ul>\n<li>Z opatentowan\u0105 mieszank\u0105 olejk\u00f3w eterycznych z czerwonych mandarynek, rozmarynu, pelargonii, jag\u00f3d ja\u0142owca i li\u015bci kolendry<\/li>\n<li>Mieszanka olejk\u00f3w eterycznych ma aromat, kt\u00f3ry oczyszcza zmys\u0142y i daje \u015bwie\u017ce poczucie czysto\u015bci<\/li>\n<li>W wegetaria\u0144skim mi\u0119kkim kapsu\u0142ku<\/li>\n<\/ul>\n","protected":false},"featured_media":12441,"template":"","meta":{"site-sidebar-layout":"default","site-content-layout":"default","ast-site-content-layout":"default","site-content-style":"default","site-sidebar-style":"default","ast-global-header-display":"","ast-banner-title-visibility":"","ast-main-header-display":"","ast-hfb-above-header-display":"","ast-hfb-below-header-display":"","ast-hfb-mobile-header-display":"","site-post-title":"","ast-breadcrumbs-content":"","ast-featured-img":"","footer-sml-layout":"","ast-disable-related-posts":"","theme-transparent-header-meta":"default","adv-header-id-meta":"","stick-header-meta":"","header-above-stick-meta":"","header-main-stick-meta":"","header-below-stick-meta":"","astra-migrate-meta-layouts":"default","ast-page-background-enabled":"default","ast-page-background-meta":{"desktop":{"background-color":"","background-image":"","background-repeat":"repeat","background-position":"center center","background-size":"auto","background-attachment":"scroll","background-type":"","background-media":"","overlay-type":"","overlay-color":"","overlay-opacity":"","overlay-gradient":""},"tablet":{"background-color":"","background-image":"","background-repeat":"repeat","background-position":"center center","background-size":"auto","background-attachment":"scroll","background-type":"","background-media":"","overlay-type":"","overlay-color":"","overlay-opacity":"","overlay-gradient":""},"mobile":{"background-color":"","background-image":"","background-repeat":"repeat","background-position":"center center","background-size":"auto","background-attachment":"scroll","background-type":"","background-media":"","overlay-type":"","overlay-color":"","overlay-opacity":"","overlay-gradient":""}},"ast-content-background-meta":{"desktop":{"background-color":"var(--ast-global-color-5)","background-image":"","background-repeat":"repeat","background-position":"center center","background-size":"auto","background-attachment":"scroll","background-type":"","background-media":"","overlay-type":"","overlay-color":"","overlay-opacity":"","overlay-gradient":""},"tablet":{"background-color":"var(--ast-global-color-5)","background-image":"","background-repeat":"repeat","background-position":"center center","background-size":"auto","background-attachment":"scroll","background-type":"","background-media":"","overlay-type":"","overlay-color":"","overlay-opacity":"","overlay-gradient":""},"mobile":{"background-color":"var(--ast-global-color-5)","background-image":"","background-repeat":"repeat","background-position":"center center","background-size":"auto","background-attachment":"scroll","background-type":"","background-media":"","overlay-type":"","overlay-color":"","overlay-opacity":"","overlay-gradient":""}}},"product_brand":[],"product_cat":[1702],"product_tag":[750],"class_list":{"0":"post-16188","1":"product","2":"type-product","3":"status-publish","4":"has-post-thumbnail","6":"product_cat-mieszanki-olejkow-eterycznych","7":"product_tag-27g-pl","8":"desktop-align-left","9":"tablet-align-left","10":"mobile-align-left","12":"first","13":"instock","14":"sale","15":"taxable","16":"shipping-taxable","17":"purchasable","18":"product-type-simple"},"_links":{"self":[{"href":"https:\/\/mamaterra.lt\/pl\/wp-json\/wp\/v2\/product\/16188","targetHints":{"allow":["GET"]}}],"collection":[{"href":"https:\/\/mamaterra.lt\/pl\/wp-json\/wp\/v2\/product"}],"about":[{"href":"https:\/\/mamaterra.lt\/pl\/wp-json\/wp\/v2\/types\/product"}],"wp:featuredmedia":[{"embeddable":true,"href":"https:\/\/mamaterra.lt\/pl\/wp-json\/wp\/v2\/media\/12441"}],"wp:attachment":[{"href":"https:\/\/mamaterra.lt\/pl\/wp-json\/wp\/v2\/media?parent=16188"}],"wp:term":[{"taxonomy":"product_brand","embeddable":true,"href":"https:\/\/mamaterra.lt\/pl\/wp-json\/wp\/v2\/product_brand?post=16188"},{"taxonomy":"product_cat","embeddable":true,"href":"https:\/\/mamaterra.lt\/pl\/wp-json\/wp\/v2\/product_cat?post=16188"},{"taxonomy":"product_tag","embeddable":true,"href":"https:\/\/mamaterra.lt\/pl\/wp-json\/wp\/v2\/product_tag?post=16188"}],"curies":[{"name":"wp","href":"https:\/\/api.w.org\/{rel}","templated":true}]}}