{"id":16179,"date":"2021-04-19T08:54:18","date_gmt":"2021-04-19T07:54:18","guid":{"rendered":"https:\/\/mamaterra.lt\/parduotuve\/bez-kategorii\/smart-sassy-doterra-kapsulki-miekkie-90-kapsulek\/"},"modified":"2021-04-19T08:54:18","modified_gmt":"2021-04-19T07:54:18","slug":"smart-sassy-doterra-soft-zele-kapsulki-90-kapsulki","status":"publish","type":"product","link":"https:\/\/mamaterra.lt\/pl\/parduotuve\/olejki-eteryczne\/mieszanki-olejkow-eterycznych\/smart-sassy-doterra-soft-zele-kapsulki-90-kapsulki\/","title":{"rendered":"Smart &amp; Sassy\u2122 DoTERRA Kapsu\u0142ki mi\u0119kkie (90 Kapsu\u0142ek)"},"content":{"rendered":"<p><strong>Smart &amp; Sassy\u2122 DoTERRA Kapsu\u0142ki mi\u0119kkie<\/strong><\/p>\n<p>90 kapsu\u0142ek mi\u0119kkich<\/p>\n<p>Kapsu\u0142ki Soft Capsules Smart &amp; Sassy to opatentowana mieszanka olejk\u00f3w eterycznych Smart &amp; Sassy w por\u0119cznych mi\u0119kkich kapsu\u0142kach, kt\u00f3re pomagaj\u0105 trzyma\u0107 si\u0119 skutecznego planu kontroli wagi. Pachn\u0105ca mieszanka Smart &amp; Sassy sk\u0142ada si\u0119 z olejk\u00f3w eterycznych, kt\u00f3re pomagaj\u0105 utrzyma\u0107 zdrowy styl \u017cycia i daj\u0105 pozytywny nastr\u00f3j.<\/p>\n<p>&nbsp;<\/p>\n<p>Obejrzyj film o tym dodatku doterra.<\/p>\n<p><iframe title=\"Slim &amp; Sassy\u00ae dla sportowc\u00f3w\" src=\"https:\/\/www.youtube.com\/embed\/fKMgESjKbhQ\" width=\"946\" height=\"532\" frameborder=\"0\" allowfullscreen=\"allowfullscreen\"><\/iframe><\/p>\n","protected":false},"excerpt":{"rendered":"<ul>\n<li>Pomaga utrzyma\u0107 zdrowy styl \u017cycia<\/li>\n<li>Wegetaria\u0144skie kapsu\u0142ki mi\u0119kkie<\/li>\n<\/ul>\n","protected":false},"featured_media":12435,"template":"","meta":{"site-sidebar-layout":"default","site-content-layout":"default","ast-site-content-layout":"default","site-content-style":"default","site-sidebar-style":"default","ast-global-header-display":"","ast-banner-title-visibility":"","ast-main-header-display":"","ast-hfb-above-header-display":"","ast-hfb-below-header-display":"","ast-hfb-mobile-header-display":"","site-post-title":"","ast-breadcrumbs-content":"","ast-featured-img":"","footer-sml-layout":"","ast-disable-related-posts":"","theme-transparent-header-meta":"default","adv-header-id-meta":"","stick-header-meta":"","header-above-stick-meta":"","header-main-stick-meta":"","header-below-stick-meta":"","astra-migrate-meta-layouts":"default","ast-page-background-enabled":"default","ast-page-background-meta":{"desktop":{"background-color":"","background-image":"","background-repeat":"repeat","background-position":"center center","background-size":"auto","background-attachment":"scroll","background-type":"","background-media":"","overlay-type":"","overlay-color":"","overlay-opacity":"","overlay-gradient":""},"tablet":{"background-color":"","background-image":"","background-repeat":"repeat","background-position":"center center","background-size":"auto","background-attachment":"scroll","background-type":"","background-media":"","overlay-type":"","overlay-color":"","overlay-opacity":"","overlay-gradient":""},"mobile":{"background-color":"","background-image":"","background-repeat":"repeat","background-position":"center center","background-size":"auto","background-attachment":"scroll","background-type":"","background-media":"","overlay-type":"","overlay-color":"","overlay-opacity":"","overlay-gradient":""}},"ast-content-background-meta":{"desktop":{"background-color":"var(--ast-global-color-5)","background-image":"","background-repeat":"repeat","background-position":"center center","background-size":"auto","background-attachment":"scroll","background-type":"","background-media":"","overlay-type":"","overlay-color":"","overlay-opacity":"","overlay-gradient":""},"tablet":{"background-color":"var(--ast-global-color-5)","background-image":"","background-repeat":"repeat","background-position":"center center","background-size":"auto","background-attachment":"scroll","background-type":"","background-media":"","overlay-type":"","overlay-color":"","overlay-opacity":"","overlay-gradient":""},"mobile":{"background-color":"var(--ast-global-color-5)","background-image":"","background-repeat":"repeat","background-position":"center center","background-size":"auto","background-attachment":"scroll","background-type":"","background-media":"","overlay-type":"","overlay-color":"","overlay-opacity":"","overlay-gradient":""}}},"product_brand":[],"product_cat":[1702],"product_tag":[1553,1575],"class_list":{"0":"post-16179","1":"product","2":"type-product","3":"status-publish","4":"has-post-thumbnail","6":"product_cat-mieszanki-olejkow-eterycznych","7":"product_tag-kapsulki","8":"product_tag-suplementy","9":"desktop-align-left","10":"tablet-align-left","11":"mobile-align-left","13":"first","14":"outofstock","15":"taxable","16":"shipping-taxable","17":"purchasable","18":"product-type-simple"},"_links":{"self":[{"href":"https:\/\/mamaterra.lt\/pl\/wp-json\/wp\/v2\/product\/16179","targetHints":{"allow":["GET"]}}],"collection":[{"href":"https:\/\/mamaterra.lt\/pl\/wp-json\/wp\/v2\/product"}],"about":[{"href":"https:\/\/mamaterra.lt\/pl\/wp-json\/wp\/v2\/types\/product"}],"wp:featuredmedia":[{"embeddable":true,"href":"https:\/\/mamaterra.lt\/pl\/wp-json\/wp\/v2\/media\/12435"}],"wp:attachment":[{"href":"https:\/\/mamaterra.lt\/pl\/wp-json\/wp\/v2\/media?parent=16179"}],"wp:term":[{"taxonomy":"product_brand","embeddable":true,"href":"https:\/\/mamaterra.lt\/pl\/wp-json\/wp\/v2\/product_brand?post=16179"},{"taxonomy":"product_cat","embeddable":true,"href":"https:\/\/mamaterra.lt\/pl\/wp-json\/wp\/v2\/product_cat?post=16179"},{"taxonomy":"product_tag","embeddable":true,"href":"https:\/\/mamaterra.lt\/pl\/wp-json\/wp\/v2\/product_tag?post=16179"}],"curies":[{"name":"wp","href":"https:\/\/api.w.org\/{rel}","templated":true}]}}