{"id":16169,"date":"2021-04-19T08:51:11","date_gmt":"2021-04-19T07:51:11","guid":{"rendered":"https:\/\/mamaterra.lt\/parduotuve\/bez-kategorii\/doterra-suplement-a2z-tabletki-do-rozgryzania-i-zucia-60-tabletek\/"},"modified":"2021-04-19T08:51:11","modified_gmt":"2021-04-19T07:51:11","slug":"doterra-suplement-a2z-pigulki-do-zucia-60-tabletki","status":"publish","type":"product","link":"https:\/\/mamaterra.lt\/pl\/parduotuve\/dla-dzieci\/doterra-suplement-a2z-pigulki-do-zucia-60-tabletki\/","title":{"rendered":"doTERRA Suplement A2Z tabletki do rozgryzania\u2122 i \u017cucia (60 tabletek)"},"content":{"rendered":"<p>DoTERRA A2Z DO\u2122 \u017bUCIA<\/p>\n<p>60 tabletek<\/p>\n<p>dooTERRA a2z Chewable to opatentowana formu\u0142a sk\u0142adnik\u00f3w opracowana z my\u015bl\u0105 o dzieciach i doros\u0142ych, kt\u00f3rzy maj\u0105 trudno\u015bci z po\u0142ykaniem kapsu\u0142ek. Te pyszne tabletki do rozgryzania i \u017cucia sk\u0142adaj\u0105 si\u0119 z mieszanki witamin z grupy B z mieszanin\u0105 witamin A, C i E oraz kilku ekstrakt\u00f3w ro\u015blinnych.*<\/p>\n<ul>\n<li>Mieszanka witamin z grupy B z mieszanin\u0105 witamin A, C i E<\/li>\n<li>Zawiera ekstrakty ro\u015blinne. Zaprojektowany do u\u017cytku z IQ Mega<\/li>\n<li>Pyszny smak arbuza<\/li>\n<\/ul>\n<div id=\"gtx-trans\" style=\"position: absolute; left: -23px; top: 162px;\">\n<div class=\"gtx-trans-icon\"><\/div>\n<\/div>\n","protected":false},"excerpt":{"rendered":"<ul>\n<li>Mieszanka witamin z grupy B z mieszanin\u0105 witamin A, C i E<\/li>\n<li>Zawiera ekstrakty ro\u015blinne. Zaprojektowany do u\u017cytku z IQ Mega<\/li>\n<li>Pyszny smak arbuza<\/li>\n<\/ul>\n","protected":false},"featured_media":12867,"template":"","meta":{"site-sidebar-layout":"default","site-content-layout":"default","ast-site-content-layout":"default","site-content-style":"default","site-sidebar-style":"default","ast-global-header-display":"","ast-banner-title-visibility":"","ast-main-header-display":"","ast-hfb-above-header-display":"","ast-hfb-below-header-display":"","ast-hfb-mobile-header-display":"","site-post-title":"","ast-breadcrumbs-content":"","ast-featured-img":"","footer-sml-layout":"","ast-disable-related-posts":"","theme-transparent-header-meta":"default","adv-header-id-meta":"","stick-header-meta":"","header-above-stick-meta":"","header-main-stick-meta":"","header-below-stick-meta":"","astra-migrate-meta-layouts":"default","ast-page-background-enabled":"default","ast-page-background-meta":{"desktop":{"background-color":"","background-image":"","background-repeat":"repeat","background-position":"center center","background-size":"auto","background-attachment":"scroll","background-type":"","background-media":"","overlay-type":"","overlay-color":"","overlay-opacity":"","overlay-gradient":""},"tablet":{"background-color":"","background-image":"","background-repeat":"repeat","background-position":"center center","background-size":"auto","background-attachment":"scroll","background-type":"","background-media":"","overlay-type":"","overlay-color":"","overlay-opacity":"","overlay-gradient":""},"mobile":{"background-color":"","background-image":"","background-repeat":"repeat","background-position":"center center","background-size":"auto","background-attachment":"scroll","background-type":"","background-media":"","overlay-type":"","overlay-color":"","overlay-opacity":"","overlay-gradient":""}},"ast-content-background-meta":{"desktop":{"background-color":"var(--ast-global-color-5)","background-image":"","background-repeat":"repeat","background-position":"center center","background-size":"auto","background-attachment":"scroll","background-type":"","background-media":"","overlay-type":"","overlay-color":"","overlay-opacity":"","overlay-gradient":""},"tablet":{"background-color":"var(--ast-global-color-5)","background-image":"","background-repeat":"repeat","background-position":"center center","background-size":"auto","background-attachment":"scroll","background-type":"","background-media":"","overlay-type":"","overlay-color":"","overlay-opacity":"","overlay-gradient":""},"mobile":{"background-color":"var(--ast-global-color-5)","background-image":"","background-repeat":"repeat","background-position":"center center","background-size":"auto","background-attachment":"scroll","background-type":"","background-media":"","overlay-type":"","overlay-color":"","overlay-opacity":"","overlay-gradient":""}}},"product_brand":[],"product_cat":[1755],"product_tag":[1417],"class_list":{"0":"post-16169","1":"product","2":"type-product","3":"status-publish","4":"has-post-thumbnail","6":"product_cat-dla-dzieci","7":"product_tag-a2z-pl","8":"desktop-align-left","9":"tablet-align-left","10":"mobile-align-left","12":"first","13":"instock","14":"taxable","15":"shipping-taxable","16":"purchasable","17":"product-type-simple"},"_links":{"self":[{"href":"https:\/\/mamaterra.lt\/pl\/wp-json\/wp\/v2\/product\/16169","targetHints":{"allow":["GET"]}}],"collection":[{"href":"https:\/\/mamaterra.lt\/pl\/wp-json\/wp\/v2\/product"}],"about":[{"href":"https:\/\/mamaterra.lt\/pl\/wp-json\/wp\/v2\/types\/product"}],"wp:featuredmedia":[{"embeddable":true,"href":"https:\/\/mamaterra.lt\/pl\/wp-json\/wp\/v2\/media\/12867"}],"wp:attachment":[{"href":"https:\/\/mamaterra.lt\/pl\/wp-json\/wp\/v2\/media?parent=16169"}],"wp:term":[{"taxonomy":"product_brand","embeddable":true,"href":"https:\/\/mamaterra.lt\/pl\/wp-json\/wp\/v2\/product_brand?post=16169"},{"taxonomy":"product_cat","embeddable":true,"href":"https:\/\/mamaterra.lt\/pl\/wp-json\/wp\/v2\/product_cat?post=16169"},{"taxonomy":"product_tag","embeddable":true,"href":"https:\/\/mamaterra.lt\/pl\/wp-json\/wp\/v2\/product_tag?post=16169"}],"curies":[{"name":"wp","href":"https:\/\/api.w.org\/{rel}","templated":true}]}}