{"id":16168,"date":"2021-04-19T09:08:00","date_gmt":"2021-04-19T08:08:00","guid":{"rendered":"https:\/\/mamaterra.lt\/parduotuve\/bez-kategorii\/krem-nawilzajacy-doterra-verage-30ml\/"},"modified":"2021-04-19T09:08:00","modified_gmt":"2021-04-19T08:08:00","slug":"opadajacy-krem-doterra-verage-30ml","status":"publish","type":"product","link":"https:\/\/mamaterra.lt\/pl\/parduotuve\/higiena-i-pielegnacja-skory\/doterra-verage-pl\/opadajacy-krem-doterra-verage-30ml\/","title":{"rendered":"Krem nawil\u017caj\u0105cy doTERRA VERAGE\u2122 30ml"},"content":{"rendered":"<p><strong>Krem nawil\u017caj\u0105cy doTERRA VERAGE\u2122<\/strong><\/p>\n<p>30 ml<\/p>\n<p>&nbsp;<\/p>\n<p><strong>Krem nawil\u017caj\u0105cy doTERRA verage\u2122 G\u0142\u00f3wne zalety:<\/strong><\/p>\n<p>Dzi\u0119ki zastosowanej zaawansowanej technologii ro\u015blinnej ten lekki, niskot\u0142uszczowy krem nawil\u017caj\u0105cy szybko si\u0119 wch\u0142ania, a cenne mas\u0142o i emolienty jaskier\u00f3w obficie nawil\u017caj\u0105 sk\u00f3r\u0119. Krem nawil\u017caj\u0105cy Ver\u00e1ge zapewnia idealn\u0105 r\u00f3wnowag\u0119 nawil\u017cenia sk\u00f3ry i pomaga zmniejszy\u0107 widoczno\u015b\u0107 plam, co sprawia, \u017ce sk\u00f3ra twarzy jest g\u0142adka i g\u0142adka.<\/p>\n<ul>\n<li>Z olejkami eterycznymi z komar\u00f3w ja\u0142owcowych CPTG, ja\u015bminu, jag\u00f3d rokitnika i pelargonii, kt\u00f3re od\u015bwie\u017caj\u0105 sk\u00f3r\u0119<\/li>\n<li>Ekstrakt z kory korka amurskiego pomaga g\u0142\u0119boko od\u017cywi\u0107 i ukoi\u0107 sk\u00f3r\u0119<\/li>\n<\/ul>\n<p><strong>Sk\u0142adniki do piel\u0119gnacji sk\u00f3ry DoTERRA Verage Korzy\u015bci udowodnione w badaniach klinicznych:<\/strong><\/p>\n<ul>\n<li>Nadaje sk\u00f3rze g\u0142adko\u015b\u0107<\/li>\n<li>Pomaga zmniejszy\u0107 zaczerwienienie sk\u00f3ry<\/li>\n<li>Sk\u00f3ra wygl\u0105da m\u0142odzie\u0144czo<\/li>\n<li>Zmniejsza pory<\/li>\n<li>Nadaje r\u00f3wnomierny koloryt sk\u00f3rze<\/li>\n<\/ul>\n<p>Aby uzyska\u0107 wi\u0119cej informacji na temat <strong>kremu nawil\u017caj\u0105cego doTERRA VERAGE\u2122,<\/strong> obejrzyj poni\u017cszy film.<\/p>\n<p><iframe title=\"Dlaczego doTERRA Verage Moisturizer pozostawia sk\u00f3r\u0119 promienn\u0105\" src=\"https:\/\/www.youtube.com\/embed\/GvbDBNY8Rdo\" width=\"946\" height=\"532\" frameborder=\"0\" allowfullscreen=\"allowfullscreen\"><\/iframe><\/p>\n","protected":false},"excerpt":{"rendered":"<ul>\n<li>Z olejkami eterycznymi z komar\u00f3w ja\u0142owcowych CPTG, ja\u015bminu, jag\u00f3d rokitnika i pelargonii, kt\u00f3re od\u015bwie\u017caj\u0105 sk\u00f3r\u0119<\/li>\n<li>Ekstrakt z kory korka amurskiego pomaga g\u0142\u0119boko od\u017cywi\u0107 i ukoi\u0107 sk\u00f3r\u0119<\/li>\n<\/ul>\n","protected":false},"featured_media":12483,"template":"","meta":{"site-sidebar-layout":"default","site-content-layout":"default","ast-site-content-layout":"default","site-content-style":"default","site-sidebar-style":"default","ast-global-header-display":"","ast-banner-title-visibility":"","ast-main-header-display":"","ast-hfb-above-header-display":"","ast-hfb-below-header-display":"","ast-hfb-mobile-header-display":"","site-post-title":"","ast-breadcrumbs-content":"","ast-featured-img":"","footer-sml-layout":"","ast-disable-related-posts":"","theme-transparent-header-meta":"default","adv-header-id-meta":"","stick-header-meta":"","header-above-stick-meta":"","header-main-stick-meta":"","header-below-stick-meta":"","astra-migrate-meta-layouts":"default","ast-page-background-enabled":"default","ast-page-background-meta":{"desktop":{"background-color":"","background-image":"","background-repeat":"repeat","background-position":"center center","background-size":"auto","background-attachment":"scroll","background-type":"","background-media":"","overlay-type":"","overlay-color":"","overlay-opacity":"","overlay-gradient":""},"tablet":{"background-color":"","background-image":"","background-repeat":"repeat","background-position":"center center","background-size":"auto","background-attachment":"scroll","background-type":"","background-media":"","overlay-type":"","overlay-color":"","overlay-opacity":"","overlay-gradient":""},"mobile":{"background-color":"","background-image":"","background-repeat":"repeat","background-position":"center center","background-size":"auto","background-attachment":"scroll","background-type":"","background-media":"","overlay-type":"","overlay-color":"","overlay-opacity":"","overlay-gradient":""}},"ast-content-background-meta":{"desktop":{"background-color":"var(--ast-global-color-5)","background-image":"","background-repeat":"repeat","background-position":"center center","background-size":"auto","background-attachment":"scroll","background-type":"","background-media":"","overlay-type":"","overlay-color":"","overlay-opacity":"","overlay-gradient":""},"tablet":{"background-color":"var(--ast-global-color-5)","background-image":"","background-repeat":"repeat","background-position":"center center","background-size":"auto","background-attachment":"scroll","background-type":"","background-media":"","overlay-type":"","overlay-color":"","overlay-opacity":"","overlay-gradient":""},"mobile":{"background-color":"var(--ast-global-color-5)","background-image":"","background-repeat":"repeat","background-position":"center center","background-size":"auto","background-attachment":"scroll","background-type":"","background-media":"","overlay-type":"","overlay-color":"","overlay-opacity":"","overlay-gradient":""}}},"product_brand":[],"product_cat":[1723,1711],"product_tag":[757,1561,1404],"class_list":{"0":"post-16168","1":"product","2":"type-product","3":"status-publish","4":"has-post-thumbnail","6":"product_cat-doterra-verage-pl","7":"product_cat-higiena-i-pielegnacja-skory","8":"product_tag-30-ml-pl","9":"product_tag-krem","10":"product_tag-verage-pl","11":"desktop-align-left","12":"tablet-align-left","13":"mobile-align-left","15":"first","16":"instock","17":"taxable","18":"shipping-taxable","19":"purchasable","20":"product-type-simple"},"_links":{"self":[{"href":"https:\/\/mamaterra.lt\/pl\/wp-json\/wp\/v2\/product\/16168","targetHints":{"allow":["GET"]}}],"collection":[{"href":"https:\/\/mamaterra.lt\/pl\/wp-json\/wp\/v2\/product"}],"about":[{"href":"https:\/\/mamaterra.lt\/pl\/wp-json\/wp\/v2\/types\/product"}],"wp:featuredmedia":[{"embeddable":true,"href":"https:\/\/mamaterra.lt\/pl\/wp-json\/wp\/v2\/media\/12483"}],"wp:attachment":[{"href":"https:\/\/mamaterra.lt\/pl\/wp-json\/wp\/v2\/media?parent=16168"}],"wp:term":[{"taxonomy":"product_brand","embeddable":true,"href":"https:\/\/mamaterra.lt\/pl\/wp-json\/wp\/v2\/product_brand?post=16168"},{"taxonomy":"product_cat","embeddable":true,"href":"https:\/\/mamaterra.lt\/pl\/wp-json\/wp\/v2\/product_cat?post=16168"},{"taxonomy":"product_tag","embeddable":true,"href":"https:\/\/mamaterra.lt\/pl\/wp-json\/wp\/v2\/product_tag?post=16168"}],"curies":[{"name":"wp","href":"https:\/\/api.w.org\/{rel}","templated":true}]}}