{"id":16166,"date":"2021-04-19T08:53:05","date_gmt":"2021-04-19T07:53:05","guid":{"rendered":"https:\/\/mamaterra.lt\/parduotuve\/bez-kategorii\/doterra-suplementy-pb-assist-jr-60g\/"},"modified":"2021-04-19T08:53:05","modified_gmt":"2021-04-19T07:53:05","slug":"doterra-suplementy-pb-assist-jr-60g","status":"publish","type":"product","link":"https:\/\/mamaterra.lt\/pl\/parduotuve\/dla-dzieci\/doterra-suplementy-pb-assist-jr-60g\/","title":{"rendered":"doTERRA Suplementy PB assist\u2122 Jr 60g"},"content":{"rendered":"<p><strong>doTERRA Suplementy PB assist\u2122 Jr<\/strong><\/p>\n<p>60g &#8211; 30 saszetek<\/p>\n<p>&nbsp;<\/p>\n<p><strong>doTERRA Suplementy PB wspomagaj\u0105\u2122 Jr G\u0142\u00f3wne korzy\u015bci:<\/strong><\/p>\n<p>PB Assist Jr. to probiotyczny suplement diety przeznaczony dla dzieci lub doros\u0142ych, kt\u00f3rzy maj\u0105 trudno\u015bci z po\u0142ykaniem tabletek. W jego sk\u0142adzie znajduje si\u0119 unikalna mieszanka sze\u015bciu r\u00f3\u017cnych szczep\u00f3w probiotycznych, kt\u00f3ra zosta\u0142a wybrana w\u0142a\u015bnie dla w\u0142asnej korzy\u015bci dla dzieci. Te probiotyki zosta\u0142y zmieszane z pysznym proszkiem, kt\u00f3ry mo\u017cna wla\u0107 bezpo\u015brednio do ust, a tym samym rado\u015bnie i pysznie w\u0142\u0105czy\u0107 przyjmowanie probiotyk\u00f3w do codziennej rutyny. *<\/p>\n<ul>\n<li>Ulubiony, smaczny, \u0142atwy do spo\u017cycia produkt dla dzieci<\/li>\n<li>Unikalna mieszanka sze\u015bciu r\u00f3\u017cnych szczep\u00f3w probiotycznych, kt\u00f3ra zosta\u0142a wybrana w\u0142a\u015bnie ze wzgl\u0119du na jej korzy\u015bci dla dzieci<\/li>\n<\/ul>\n<p>&nbsp;<\/p>\n<p>Obejrzyj film o tym dodatku doterra.<\/p>\n<p><iframe title=\"3 najwa\u017cniejsze zalety doTERRA PB Assist Jr.\" src=\"https:\/\/www.youtube.com\/embed\/5AsZgeDzMW0\" width=\"946\" height=\"532\" frameborder=\"0\" allowfullscreen=\"allowfullscreen\"><\/iframe><\/p>\n","protected":false},"excerpt":{"rendered":"<ul>\n<li>Ulubiony, smaczny, \u0142atwy do spo\u017cycia produkt dla dzieci<\/li>\n<li>Unikalna mieszanka sze\u015bciu r\u00f3\u017cnych szczep\u00f3w probiotycznych, kt\u00f3ra zosta\u0142a wybrana w\u0142a\u015bnie ze wzgl\u0119du na jej korzy\u015bci dla dzieci<\/li>\n<\/ul>\n","protected":false},"featured_media":12432,"template":"","meta":{"site-sidebar-layout":"default","site-content-layout":"default","ast-site-content-layout":"default","site-content-style":"default","site-sidebar-style":"default","ast-global-header-display":"","ast-banner-title-visibility":"","ast-main-header-display":"","ast-hfb-above-header-display":"","ast-hfb-below-header-display":"","ast-hfb-mobile-header-display":"","site-post-title":"","ast-breadcrumbs-content":"","ast-featured-img":"","footer-sml-layout":"","ast-disable-related-posts":"","theme-transparent-header-meta":"default","adv-header-id-meta":"","stick-header-meta":"","header-above-stick-meta":"","header-main-stick-meta":"","header-below-stick-meta":"","astra-migrate-meta-layouts":"default","ast-page-background-enabled":"default","ast-page-background-meta":{"desktop":{"background-color":"","background-image":"","background-repeat":"repeat","background-position":"center center","background-size":"auto","background-attachment":"scroll","background-type":"","background-media":"","overlay-type":"","overlay-color":"","overlay-opacity":"","overlay-gradient":""},"tablet":{"background-color":"","background-image":"","background-repeat":"repeat","background-position":"center center","background-size":"auto","background-attachment":"scroll","background-type":"","background-media":"","overlay-type":"","overlay-color":"","overlay-opacity":"","overlay-gradient":""},"mobile":{"background-color":"","background-image":"","background-repeat":"repeat","background-position":"center center","background-size":"auto","background-attachment":"scroll","background-type":"","background-media":"","overlay-type":"","overlay-color":"","overlay-opacity":"","overlay-gradient":""}},"ast-content-background-meta":{"desktop":{"background-color":"var(--ast-global-color-5)","background-image":"","background-repeat":"repeat","background-position":"center center","background-size":"auto","background-attachment":"scroll","background-type":"","background-media":"","overlay-type":"","overlay-color":"","overlay-opacity":"","overlay-gradient":""},"tablet":{"background-color":"var(--ast-global-color-5)","background-image":"","background-repeat":"repeat","background-position":"center center","background-size":"auto","background-attachment":"scroll","background-type":"","background-media":"","overlay-type":"","overlay-color":"","overlay-opacity":"","overlay-gradient":""},"mobile":{"background-color":"var(--ast-global-color-5)","background-image":"","background-repeat":"repeat","background-position":"center center","background-size":"auto","background-attachment":"scroll","background-type":"","background-media":"","overlay-type":"","overlay-color":"","overlay-opacity":"","overlay-gradient":""}}},"product_brand":[],"product_cat":[1755],"product_tag":[806,1575],"class_list":{"0":"post-16166","1":"product","2":"type-product","3":"status-publish","4":"has-post-thumbnail","6":"product_cat-dla-dzieci","7":"product_tag-60g-pl","8":"product_tag-suplementy","9":"desktop-align-left","10":"tablet-align-left","11":"mobile-align-left","13":"first","14":"outofstock","15":"sale","16":"taxable","17":"shipping-taxable","18":"purchasable","19":"product-type-simple"},"_links":{"self":[{"href":"https:\/\/mamaterra.lt\/pl\/wp-json\/wp\/v2\/product\/16166","targetHints":{"allow":["GET"]}}],"collection":[{"href":"https:\/\/mamaterra.lt\/pl\/wp-json\/wp\/v2\/product"}],"about":[{"href":"https:\/\/mamaterra.lt\/pl\/wp-json\/wp\/v2\/types\/product"}],"wp:featuredmedia":[{"embeddable":true,"href":"https:\/\/mamaterra.lt\/pl\/wp-json\/wp\/v2\/media\/12432"}],"wp:attachment":[{"href":"https:\/\/mamaterra.lt\/pl\/wp-json\/wp\/v2\/media?parent=16166"}],"wp:term":[{"taxonomy":"product_brand","embeddable":true,"href":"https:\/\/mamaterra.lt\/pl\/wp-json\/wp\/v2\/product_brand?post=16166"},{"taxonomy":"product_cat","embeddable":true,"href":"https:\/\/mamaterra.lt\/pl\/wp-json\/wp\/v2\/product_cat?post=16166"},{"taxonomy":"product_tag","embeddable":true,"href":"https:\/\/mamaterra.lt\/pl\/wp-json\/wp\/v2\/product_tag?post=16166"}],"curies":[{"name":"wp","href":"https:\/\/api.w.org\/{rel}","templated":true}]}}