{"id":16165,"date":"2021-04-19T08:47:14","date_gmt":"2021-04-19T07:47:14","guid":{"rendered":"https:\/\/mamaterra.lt\/parduotuve\/bez-kategorii\/doterra-suplementy-complex-dla-zywotnosci-komorek-alpha-crs\/"},"modified":"2021-04-19T08:47:14","modified_gmt":"2021-04-19T07:47:14","slug":"dlugotrwaly-witalnosc-wspierajacy-doterra-suplement-kompleks-alfa-crs","status":"publish","type":"product","link":"https:\/\/mamaterra.lt\/pl\/parduotuve\/olejki-eteryczne\/dlugotrwaly-witalnosc-wspierajacy-doterra-suplement-kompleks-alfa-crs\/","title":{"rendered":"doTERRA Suplementy Complex dla \u017cywotno\u015bci kom\u00f3rek Alpha CRS\u2122+"},"content":{"rendered":"<p><strong>doTERRA Suplementy Complex dla \u017cywotno\u015bci kom\u00f3rek Alpha CRS\u2122+<\/strong><\/p>\n<p>120 kapsu\u0142ek<\/p>\n<p>&nbsp;<\/p>\n<p><strong>Cell Viability Support Doterra Supplement Complex ALPHA CRS\u2122 + G\u0142\u00f3wne zalety:<\/strong><\/p>\n<p>doTERRA Alpha CRS+ to opatentowana formu\u0142a, kt\u00f3ra \u0142\u0105czy w sobie du\u017c\u0105 ilo\u015b\u0107 naturalnych ekstrakt\u00f3w ro\u015blinnych. Alpha CRS+ jest przeznaczony do codziennego u\u017cytku z xEO Mega lub vEO Mega i Microplex VMz, promuj\u0105c witalno\u015b\u0107 i dobre samopoczucie przez ca\u0142e \u017cycie.<\/p>\n<ul>\n<li>Kapsu\u0142ki wegetaria\u0144skie nie zawieraj\u0105 laurylosiarczanu sodu, mleka, pszenicy ani produkt\u00f3w zwierz\u0119cych<\/li>\n<li>Do codziennego u\u017cytku z xEO Mega lub vEO Mega i Microplex VMz<\/li>\n<li>Kapsu\u0142ki wegetaria\u0144skie nie zawieraj\u0105 laurylosiarczanu sodu<\/li>\n<\/ul>\n<p>&nbsp;<\/p>\n<p>Obejrzyj film o tym <strong>kompleksie suplementu DoTERRA wspieraj\u0105cym witalno\u015b\u0107 kom\u00f3rkow\u0105 ALPHA CRS\u2122 +.<\/strong><\/p>\n<p><iframe title=\"Suplement energetyczny: korzy\u015bci i zastosowania doTERRA Alpha CRS+\" src=\"https:\/\/www.youtube.com\/embed\/3_Iv6wi-lY0\" width=\"946\" height=\"532\" frameborder=\"0\" allowfullscreen=\"allowfullscreen\"><\/iframe><\/p>\n","protected":false},"excerpt":{"rendered":"<ul>\n<li>Kapsu\u0142ki wegetaria\u0144skie nie zawieraj\u0105 laurylosiarczanu sodu, mleka, pszenicy ani produkt\u00f3w zwierz\u0119cych<\/li>\n<li>Do codziennego u\u017cytku z xEO Mega lub vEO Mega i Microplex VMz<\/li>\n<li>Kapsu\u0142ki wegetaria\u0144skie nie zawieraj\u0105 laurylosiarczanu sodu<\/li>\n<\/ul>\n","protected":false},"featured_media":12444,"template":"","meta":{"site-sidebar-layout":"default","site-content-layout":"default","ast-site-content-layout":"default","site-content-style":"default","site-sidebar-style":"default","ast-global-header-display":"","ast-banner-title-visibility":"","ast-main-header-display":"","ast-hfb-above-header-display":"","ast-hfb-below-header-display":"","ast-hfb-mobile-header-display":"","site-post-title":"","ast-breadcrumbs-content":"","ast-featured-img":"","footer-sml-layout":"","ast-disable-related-posts":"","theme-transparent-header-meta":"default","adv-header-id-meta":"","stick-header-meta":"","header-above-stick-meta":"","header-main-stick-meta":"","header-below-stick-meta":"","astra-migrate-meta-layouts":"default","ast-page-background-enabled":"default","ast-page-background-meta":{"desktop":{"background-color":"","background-image":"","background-repeat":"repeat","background-position":"center center","background-size":"auto","background-attachment":"scroll","background-type":"","background-media":"","overlay-type":"","overlay-color":"","overlay-opacity":"","overlay-gradient":""},"tablet":{"background-color":"","background-image":"","background-repeat":"repeat","background-position":"center center","background-size":"auto","background-attachment":"scroll","background-type":"","background-media":"","overlay-type":"","overlay-color":"","overlay-opacity":"","overlay-gradient":""},"mobile":{"background-color":"","background-image":"","background-repeat":"repeat","background-position":"center center","background-size":"auto","background-attachment":"scroll","background-type":"","background-media":"","overlay-type":"","overlay-color":"","overlay-opacity":"","overlay-gradient":""}},"ast-content-background-meta":{"desktop":{"background-color":"var(--ast-global-color-5)","background-image":"","background-repeat":"repeat","background-position":"center center","background-size":"auto","background-attachment":"scroll","background-type":"","background-media":"","overlay-type":"","overlay-color":"","overlay-opacity":"","overlay-gradient":""},"tablet":{"background-color":"var(--ast-global-color-5)","background-image":"","background-repeat":"repeat","background-position":"center center","background-size":"auto","background-attachment":"scroll","background-type":"","background-media":"","overlay-type":"","overlay-color":"","overlay-opacity":"","overlay-gradient":""},"mobile":{"background-color":"var(--ast-global-color-5)","background-image":"","background-repeat":"repeat","background-position":"center center","background-size":"auto","background-attachment":"scroll","background-type":"","background-media":"","overlay-type":"","overlay-color":"","overlay-opacity":"","overlay-gradient":""}}},"product_brand":[],"product_cat":[1698],"product_tag":[],"class_list":{"0":"post-16165","1":"product","2":"type-product","3":"status-publish","4":"has-post-thumbnail","6":"product_cat-olejki-eteryczne","7":"desktop-align-left","8":"tablet-align-left","9":"mobile-align-left","11":"first","12":"instock","13":"sale","14":"taxable","15":"shipping-taxable","16":"purchasable","17":"product-type-simple"},"_links":{"self":[{"href":"https:\/\/mamaterra.lt\/pl\/wp-json\/wp\/v2\/product\/16165","targetHints":{"allow":["GET"]}}],"collection":[{"href":"https:\/\/mamaterra.lt\/pl\/wp-json\/wp\/v2\/product"}],"about":[{"href":"https:\/\/mamaterra.lt\/pl\/wp-json\/wp\/v2\/types\/product"}],"wp:featuredmedia":[{"embeddable":true,"href":"https:\/\/mamaterra.lt\/pl\/wp-json\/wp\/v2\/media\/12444"}],"wp:attachment":[{"href":"https:\/\/mamaterra.lt\/pl\/wp-json\/wp\/v2\/media?parent=16165"}],"wp:term":[{"taxonomy":"product_brand","embeddable":true,"href":"https:\/\/mamaterra.lt\/pl\/wp-json\/wp\/v2\/product_brand?post=16165"},{"taxonomy":"product_cat","embeddable":true,"href":"https:\/\/mamaterra.lt\/pl\/wp-json\/wp\/v2\/product_cat?post=16165"},{"taxonomy":"product_tag","embeddable":true,"href":"https:\/\/mamaterra.lt\/pl\/wp-json\/wp\/v2\/product_tag?post=16165"}],"curies":[{"name":"wp","href":"https:\/\/api.w.org\/{rel}","templated":true}]}}