{"id":16154,"date":"2021-09-08T09:50:33","date_gmt":"2021-09-08T08:50:33","guid":{"rendered":"https:\/\/mamaterra.lt\/parduotuve\/bez-kategorii\/doterra-on-guard-musujacy-plyn-do-mycia-rak-2-opakowania-po-473-ml-kazda\/"},"modified":"2021-09-08T09:50:33","modified_gmt":"2021-09-08T08:50:33","slug":"doterra-on-guard-foaming-myjka-reczna-2-opakowania-x-473ml","status":"publish","type":"product","link":"https:\/\/mamaterra.lt\/pl\/parduotuve\/olejki-eteryczne\/mieszanki-olejkow-eterycznych\/doterra-on-guard-foaming-myjka-reczna-2-opakowania-x-473ml\/","title":{"rendered":"doTERRA On Guard\u00ae Musuj\u0105cy p\u0142yn do mycia r\u0105k (2 opakowania po 473 ml ka\u017cda)"},"content":{"rendered":"<p><strong>doTERRA On Guard\u00ae Musuj\u0105ce mycie r\u0105k<\/strong><\/p>\n<p>2 szt. po 473 ml<\/p>\n<p>&nbsp;<\/p>\n<p>Pieni\u0105cy si\u0119 p\u0142yn do mycia r\u0105k doTERRA On Guard to delikatna, zdrowa alternatywa dla ostrych myde\u0142, kt\u00f3re mog\u0105 wysuszy\u0107 i podra\u017cni\u0107 wra\u017cliw\u0105 sk\u00f3r\u0119. Pomno\u017cona przez moc naturalnie bezpiecznych olejk\u00f3w eterycznych doTERRA CPTG\u00ae, piankowa myjka doTERRA On Guard zapewnia korzy\u015bci ochronne jednej z najpopularniejszych zastrze\u017conych mieszanek olejk\u00f3w eterycznych, doTERRA.<\/p>\n<p>Musuj\u0105ce mycie r\u0105k doTERRA On Guard oczyszcza i zmi\u0119kcza d\u0142onie, nadaj\u0105c orze\u017awiaj\u0105cy aromat olejk\u00f3w eterycznych, kt\u00f3ry pozostawia d\u0142onie \u015bwie\u017co pachn\u0105ce i czyste.<\/p>\n<div id=\"gtx-trans\" style=\"position: absolute; left: 31px; top: 136px;\">\n<div class=\"gtx-trans-icon\"><\/div>\n<\/div>\n","protected":false},"excerpt":{"rendered":"<ul>\n<li>2 szt. x437ml<\/li>\n<li>musuj\u0105ce mycie r\u0105k doTERRA On Guard to \u0142agodna, zdrowa alternatywa dla ostrych myde\u0142, kt\u00f3re mog\u0105 wysuszy\u0107 i podra\u017cni\u0107 wra\u017cliw\u0105 sk\u00f3r\u0119<\/li>\n<\/ul>\n","protected":false},"featured_media":12822,"template":"","meta":{"site-sidebar-layout":"default","site-content-layout":"default","ast-site-content-layout":"default","site-content-style":"default","site-sidebar-style":"default","ast-global-header-display":"","ast-banner-title-visibility":"","ast-main-header-display":"","ast-hfb-above-header-display":"","ast-hfb-below-header-display":"","ast-hfb-mobile-header-display":"","site-post-title":"","ast-breadcrumbs-content":"","ast-featured-img":"","footer-sml-layout":"","ast-disable-related-posts":"","theme-transparent-header-meta":"default","adv-header-id-meta":"","stick-header-meta":"","header-above-stick-meta":"","header-main-stick-meta":"","header-below-stick-meta":"","astra-migrate-meta-layouts":"default","ast-page-background-enabled":"default","ast-page-background-meta":{"desktop":{"background-color":"","background-image":"","background-repeat":"repeat","background-position":"center center","background-size":"auto","background-attachment":"scroll","background-type":"","background-media":"","overlay-type":"","overlay-color":"","overlay-opacity":"","overlay-gradient":""},"tablet":{"background-color":"","background-image":"","background-repeat":"repeat","background-position":"center center","background-size":"auto","background-attachment":"scroll","background-type":"","background-media":"","overlay-type":"","overlay-color":"","overlay-opacity":"","overlay-gradient":""},"mobile":{"background-color":"","background-image":"","background-repeat":"repeat","background-position":"center center","background-size":"auto","background-attachment":"scroll","background-type":"","background-media":"","overlay-type":"","overlay-color":"","overlay-opacity":"","overlay-gradient":""}},"ast-content-background-meta":{"desktop":{"background-color":"var(--ast-global-color-5)","background-image":"","background-repeat":"repeat","background-position":"center center","background-size":"auto","background-attachment":"scroll","background-type":"","background-media":"","overlay-type":"","overlay-color":"","overlay-opacity":"","overlay-gradient":""},"tablet":{"background-color":"var(--ast-global-color-5)","background-image":"","background-repeat":"repeat","background-position":"center center","background-size":"auto","background-attachment":"scroll","background-type":"","background-media":"","overlay-type":"","overlay-color":"","overlay-opacity":"","overlay-gradient":""},"mobile":{"background-color":"var(--ast-global-color-5)","background-image":"","background-repeat":"repeat","background-position":"center center","background-size":"auto","background-attachment":"scroll","background-type":"","background-media":"","overlay-type":"","overlay-color":"","overlay-opacity":"","overlay-gradient":""}}},"product_brand":[],"product_cat":[1711,1702,1747],"product_tag":[854,1442,1591],"class_list":{"0":"post-16154","1":"product","2":"type-product","3":"status-publish","4":"has-post-thumbnail","6":"product_cat-higiena-i-pielegnacja-skory","7":"product_cat-mieszanki-olejkow-eterycznych","8":"product_cat-on-guard-produkty","9":"product_tag-473ml-pl","10":"product_tag-on-guard-pl","11":"product_tag-pianka-do-mycia-rak","12":"desktop-align-left","13":"tablet-align-left","14":"mobile-align-left","16":"first","17":"outofstock","18":"sale","19":"taxable","20":"shipping-taxable","21":"purchasable","22":"product-type-simple"},"_links":{"self":[{"href":"https:\/\/mamaterra.lt\/pl\/wp-json\/wp\/v2\/product\/16154","targetHints":{"allow":["GET"]}}],"collection":[{"href":"https:\/\/mamaterra.lt\/pl\/wp-json\/wp\/v2\/product"}],"about":[{"href":"https:\/\/mamaterra.lt\/pl\/wp-json\/wp\/v2\/types\/product"}],"wp:featuredmedia":[{"embeddable":true,"href":"https:\/\/mamaterra.lt\/pl\/wp-json\/wp\/v2\/media\/12822"}],"wp:attachment":[{"href":"https:\/\/mamaterra.lt\/pl\/wp-json\/wp\/v2\/media?parent=16154"}],"wp:term":[{"taxonomy":"product_brand","embeddable":true,"href":"https:\/\/mamaterra.lt\/pl\/wp-json\/wp\/v2\/product_brand?post=16154"},{"taxonomy":"product_cat","embeddable":true,"href":"https:\/\/mamaterra.lt\/pl\/wp-json\/wp\/v2\/product_cat?post=16154"},{"taxonomy":"product_tag","embeddable":true,"href":"https:\/\/mamaterra.lt\/pl\/wp-json\/wp\/v2\/product_tag?post=16154"}],"curies":[{"name":"wp","href":"https:\/\/api.w.org\/{rel}","templated":true}]}}