{"id":16147,"date":"2021-04-19T09:52:36","date_gmt":"2021-04-19T08:52:36","guid":{"rendered":"https:\/\/mamaterra.lt\/parduotuve\/bez-kategorii\/doterra-spa-balsam-do-rak-z-citrus-bliss-75ml\/"},"modified":"2021-04-19T09:52:36","modified_gmt":"2021-04-19T08:52:36","slug":"doterra-spa-balsam-do-rak-z-cytrusami-blogoscia-doterra-mieszanka-oleju-75ml","status":"publish","type":"product","link":"https:\/\/mamaterra.lt\/pl\/parduotuve\/higiena-i-pielegnacja-skory\/doterra-spa-pl\/doterra-spa-balsam-do-rak-z-cytrusami-blogoscia-doterra-mieszanka-oleju-75ml\/","title":{"rendered":"doTERRA SPA Balsam do r\u0105k z CITRUS BLISS\u2122 75ml"},"content":{"rendered":"<p><strong>Balsam do r\u0105k doTERRA SPA z CITRUS BLISS\u2122<\/strong><\/p>\n<p>75 ml<\/p>\n<p>&nbsp;<\/p>\n<p><strong>Balsam do r\u0105k doTERRA SPA z CITRUS BLISS\u2122 Najwa\u017cniejsze cechy:<\/strong><\/p>\n<p>Balsam do r\u0105k doterra spa Citrus Bliss to lekki balsam o jedwabistej konsystencji, wzbogacony nawil\u017caj\u0105cymi olejkami z nasion i od\u017cywczymi sk\u0142adnikami pochodzenia ro\u015blinnego. Niskot\u0142uszczowa formu\u0142a szybko wch\u0142ania si\u0119 w sk\u00f3r\u0119 i optymalnie nawil\u017ca, nadaj\u0105c d\u0142oniom zdrowy wygl\u0105d.<\/p>\n<ul>\n<li>Orze\u017awiaj\u0105cy aromat cytrusowej mieszanki olejk\u00f3w eterycznych Bliss poprawia nastr\u00f3j<\/li>\n<li>Oleje z nasion s\u0142onecznika i orzech\u00f3w makadamia maj\u0105 wyj\u0105tkowe w\u0142a\u015bciwo\u015bci nawil\u017caj\u0105ce i zdolno\u015b\u0107 zatrzymywania wilgoci sk\u00f3ry<\/li>\n<li>Wygodny rozmiar, idealny do u\u017cytku na wycieczkach, w domu lub w pracy<\/li>\n<\/ul>\n<p>&nbsp;<\/p>\n<p><strong>Doterra \u2013 wi\u0119cej informacji balsam do r\u0105k spa z CITRUS BLISS.\u2122<\/strong><\/p>\n<p><iframe title=\"Nawil\u017caj\u0105cy i orze\u017awiaj\u0105cy- doTERRA\u00ae Citrus Bliss Hand Lotion\" src=\"https:\/\/www.youtube.com\/embed\/ifrMEG-yBZ0\" width=\"946\" height=\"532\" frameborder=\"0\" allowfullscreen=\"allowfullscreen\"><\/iframe><\/p>\n","protected":false},"excerpt":{"rendered":"<ul>\n<li>Orze\u017awiaj\u0105cy aromat cytrusowej mieszanki olejk\u00f3w eterycznych Bliss poprawia nastr\u00f3j<\/li>\n<li>Oleje z nasion s\u0142onecznika i orzech\u00f3w makadamia maj\u0105 wyj\u0105tkowe w\u0142a\u015bciwo\u015bci nawil\u017caj\u0105ce i zdolno\u015b\u0107 zatrzymywania wilgoci sk\u00f3ry<\/li>\n<li>Wygodny rozmiar, idealny do u\u017cytku na wycieczkach, w domu lub w pracy<\/li>\n<\/ul>\n","protected":false},"featured_media":12420,"template":"","meta":{"site-sidebar-layout":"default","site-content-layout":"default","ast-site-content-layout":"default","site-content-style":"default","site-sidebar-style":"default","ast-global-header-display":"","ast-banner-title-visibility":"","ast-main-header-display":"","ast-hfb-above-header-display":"","ast-hfb-below-header-display":"","ast-hfb-mobile-header-display":"","site-post-title":"","ast-breadcrumbs-content":"","ast-featured-img":"","footer-sml-layout":"","ast-disable-related-posts":"","theme-transparent-header-meta":"default","adv-header-id-meta":"","stick-header-meta":"","header-above-stick-meta":"","header-main-stick-meta":"","header-below-stick-meta":"","astra-migrate-meta-layouts":"default","ast-page-background-enabled":"default","ast-page-background-meta":{"desktop":{"background-color":"","background-image":"","background-repeat":"repeat","background-position":"center center","background-size":"auto","background-attachment":"scroll","background-type":"","background-media":"","overlay-type":"","overlay-color":"","overlay-opacity":"","overlay-gradient":""},"tablet":{"background-color":"","background-image":"","background-repeat":"repeat","background-position":"center center","background-size":"auto","background-attachment":"scroll","background-type":"","background-media":"","overlay-type":"","overlay-color":"","overlay-opacity":"","overlay-gradient":""},"mobile":{"background-color":"","background-image":"","background-repeat":"repeat","background-position":"center center","background-size":"auto","background-attachment":"scroll","background-type":"","background-media":"","overlay-type":"","overlay-color":"","overlay-opacity":"","overlay-gradient":""}},"ast-content-background-meta":{"desktop":{"background-color":"var(--ast-global-color-5)","background-image":"","background-repeat":"repeat","background-position":"center center","background-size":"auto","background-attachment":"scroll","background-type":"","background-media":"","overlay-type":"","overlay-color":"","overlay-opacity":"","overlay-gradient":""},"tablet":{"background-color":"var(--ast-global-color-5)","background-image":"","background-repeat":"repeat","background-position":"center center","background-size":"auto","background-attachment":"scroll","background-type":"","background-media":"","overlay-type":"","overlay-color":"","overlay-opacity":"","overlay-gradient":""},"mobile":{"background-color":"var(--ast-global-color-5)","background-image":"","background-repeat":"repeat","background-position":"center center","background-size":"auto","background-attachment":"scroll","background-type":"","background-media":"","overlay-type":"","overlay-color":"","overlay-opacity":"","overlay-gradient":""}}},"product_brand":[],"product_cat":[1726,1711],"product_tag":[800,1294,1219,1565],"class_list":{"0":"post-16147","1":"product","2":"type-product","3":"status-publish","4":"has-post-thumbnail","6":"product_cat-doterra-spa-pl","7":"product_cat-higiena-i-pielegnacja-skory","8":"product_tag-75-ml-pl","9":"product_tag-citrus-bliss-pl","10":"product_tag-doterra-spa-pl","11":"product_tag-plyn-kosmetyczny","12":"desktop-align-left","13":"tablet-align-left","14":"mobile-align-left","16":"first","17":"instock","18":"taxable","19":"shipping-taxable","20":"purchasable","21":"product-type-simple"},"_links":{"self":[{"href":"https:\/\/mamaterra.lt\/pl\/wp-json\/wp\/v2\/product\/16147","targetHints":{"allow":["GET"]}}],"collection":[{"href":"https:\/\/mamaterra.lt\/pl\/wp-json\/wp\/v2\/product"}],"about":[{"href":"https:\/\/mamaterra.lt\/pl\/wp-json\/wp\/v2\/types\/product"}],"wp:featuredmedia":[{"embeddable":true,"href":"https:\/\/mamaterra.lt\/pl\/wp-json\/wp\/v2\/media\/12420"}],"wp:attachment":[{"href":"https:\/\/mamaterra.lt\/pl\/wp-json\/wp\/v2\/media?parent=16147"}],"wp:term":[{"taxonomy":"product_brand","embeddable":true,"href":"https:\/\/mamaterra.lt\/pl\/wp-json\/wp\/v2\/product_brand?post=16147"},{"taxonomy":"product_cat","embeddable":true,"href":"https:\/\/mamaterra.lt\/pl\/wp-json\/wp\/v2\/product_cat?post=16147"},{"taxonomy":"product_tag","embeddable":true,"href":"https:\/\/mamaterra.lt\/pl\/wp-json\/wp\/v2\/product_tag?post=16147"}],"curies":[{"name":"wp","href":"https:\/\/api.w.org\/{rel}","templated":true}]}}