{"id":16145,"date":"2021-04-19T09:48:55","date_gmt":"2021-04-19T08:48:55","guid":{"rendered":"https:\/\/mamaterra.lt\/parduotuve\/bez-kategorii\/trzy-balsamy-do-ust-doterra-spa-original-tropical-herbal-3-balsamy-po-45-g-kazdy\/"},"modified":"2021-04-19T09:48:55","modified_gmt":"2021-04-19T08:48:55","slug":"three-doterra-lip-balms-original-tropical-herbal-3-balms-x-4g","status":"publish","type":"product","link":"https:\/\/mamaterra.lt\/pl\/parduotuve\/higiena-i-pielegnacja-skory\/doterra-spa-pl\/three-doterra-lip-balms-original-tropical-herbal-3-balms-x-4g\/","title":{"rendered":"Trzy balsamy do ust doTERRA SPA (Original, Tropical, Herbal) &#8211; 3 balsamy po 4,5 g ka\u017cdy"},"content":{"rendered":"<p><strong>Trzy balsamy do ust doTERRA Spa (oryginalny, tropikalny, zio\u0142owy)<\/strong><\/p>\n<p>3 szt. po 4,5 g<\/p>\n<p>&nbsp;<\/p>\n<p><strong>Balsamy do ust doTERRA SPA (oryginalne, tropikalne, zio\u0142owe) Cechy og\u00f3lne:<\/strong><\/p>\n<p>Balsam do ust doTERRA SPA sk\u0142ada si\u0119 z naturalnych substancji: olejk\u00f3w ro\u015blinnych, zi\u00f3\u0142 i olejk\u00f3w eterycznych, kt\u00f3re nawil\u017caj\u0105 i koj\u0105 usta oraz pozwalaj\u0105 cieszy\u0107 si\u0119 niepowtarzalnym aromatem i smakiem olejk\u00f3w eterycznych. Po aktualizacji sk\u0142adu uzupe\u0142nili\u015bmy oryginaln\u0105 mieszank\u0119 o dwa kolejne oleje: dzik\u0105 pomara\u0144cz\u0119 i mi\u0119t\u0119 pieprzow\u0105. Zabierz Ci\u0119 do raju z tropikalnym balsamem do ust zawieraj\u0105cym pachn\u0105cy kanang (Ylang Ylang), olejki eteryczne z klementynek i limonek lub wzmocnij swoje zmys\u0142y zio\u0142owym balsamem do ust zawieraj\u0105cym olejki eteryczne ze stopu cytryny, majeranku i mi\u0119ty.<\/p>\n<ul>\n<li>Ka\u017cdy balsam do ust zawiera wyselekcjonowan\u0105 mieszank\u0119 olejk\u00f3w eterycznych, kt\u00f3re dostarczaj\u0105 niepowtarzalnych dozna\u0144<\/li>\n<li>Olej z oleju moringa dzia\u0142a jak emolient, pomagaj\u0105c poprawi\u0107 wygl\u0105d i dotyk ust<\/li>\n<li>Olej z awokado, bogaty w niezb\u0119dne nienasycone kwasy t\u0142uszczowe, nawil\u017ca i zmi\u0119kcza usta, sprawiaj\u0105c, \u017ce wygl\u0105daj\u0105 zdrowo<\/li>\n<\/ul>\n","protected":false},"excerpt":{"rendered":"<ul>\n<li>Ka\u017cdy balsam do ust zawiera wyselekcjonowan\u0105 mieszank\u0119 olejk\u00f3w eterycznych, kt\u00f3re dostarczaj\u0105 niepowtarzalnych dozna\u0144<\/li>\n<li>Olej z oleju moringa dzia\u0142a jak emolient, pomagaj\u0105c poprawi\u0107 wygl\u0105d i dotyk ust<\/li>\n<li>Olej z awokado, bogaty w niezb\u0119dne nienasycone kwasy t\u0142uszczowe, nawil\u017ca i zmi\u0119kcza usta, sprawiaj\u0105c, \u017ce wygl\u0105daj\u0105 zdrowo<\/li>\n<\/ul>\n","protected":false},"featured_media":12804,"template":"","meta":{"site-sidebar-layout":"default","site-content-layout":"default","ast-site-content-layout":"default","site-content-style":"default","site-sidebar-style":"default","ast-global-header-display":"","ast-banner-title-visibility":"","ast-main-header-display":"","ast-hfb-above-header-display":"","ast-hfb-below-header-display":"","ast-hfb-mobile-header-display":"","site-post-title":"","ast-breadcrumbs-content":"","ast-featured-img":"","footer-sml-layout":"","ast-disable-related-posts":"","theme-transparent-header-meta":"default","adv-header-id-meta":"","stick-header-meta":"","header-above-stick-meta":"","header-main-stick-meta":"","header-below-stick-meta":"","astra-migrate-meta-layouts":"default","ast-page-background-enabled":"default","ast-page-background-meta":{"desktop":{"background-color":"","background-image":"","background-repeat":"repeat","background-position":"center center","background-size":"auto","background-attachment":"scroll","background-type":"","background-media":"","overlay-type":"","overlay-color":"","overlay-opacity":"","overlay-gradient":""},"tablet":{"background-color":"","background-image":"","background-repeat":"repeat","background-position":"center center","background-size":"auto","background-attachment":"scroll","background-type":"","background-media":"","overlay-type":"","overlay-color":"","overlay-opacity":"","overlay-gradient":""},"mobile":{"background-color":"","background-image":"","background-repeat":"repeat","background-position":"center center","background-size":"auto","background-attachment":"scroll","background-type":"","background-media":"","overlay-type":"","overlay-color":"","overlay-opacity":"","overlay-gradient":""}},"ast-content-background-meta":{"desktop":{"background-color":"var(--ast-global-color-5)","background-image":"","background-repeat":"repeat","background-position":"center center","background-size":"auto","background-attachment":"scroll","background-type":"","background-media":"","overlay-type":"","overlay-color":"","overlay-opacity":"","overlay-gradient":""},"tablet":{"background-color":"var(--ast-global-color-5)","background-image":"","background-repeat":"repeat","background-position":"center center","background-size":"auto","background-attachment":"scroll","background-type":"","background-media":"","overlay-type":"","overlay-color":"","overlay-opacity":"","overlay-gradient":""},"mobile":{"background-color":"var(--ast-global-color-5)","background-image":"","background-repeat":"repeat","background-position":"center center","background-size":"auto","background-attachment":"scroll","background-type":"","background-media":"","overlay-type":"","overlay-color":"","overlay-opacity":"","overlay-gradient":""}}},"product_brand":[],"product_cat":[1726,1711],"product_tag":[1544,1219],"class_list":{"0":"post-16145","1":"product","2":"type-product","3":"status-publish","4":"has-post-thumbnail","6":"product_cat-doterra-spa-pl","7":"product_cat-higiena-i-pielegnacja-skory","8":"product_tag-balsamy","9":"product_tag-doterra-spa-pl","10":"desktop-align-left","11":"tablet-align-left","12":"mobile-align-left","14":"first","15":"instock","16":"taxable","17":"shipping-taxable","18":"purchasable","19":"product-type-simple"},"_links":{"self":[{"href":"https:\/\/mamaterra.lt\/pl\/wp-json\/wp\/v2\/product\/16145","targetHints":{"allow":["GET"]}}],"collection":[{"href":"https:\/\/mamaterra.lt\/pl\/wp-json\/wp\/v2\/product"}],"about":[{"href":"https:\/\/mamaterra.lt\/pl\/wp-json\/wp\/v2\/types\/product"}],"wp:featuredmedia":[{"embeddable":true,"href":"https:\/\/mamaterra.lt\/pl\/wp-json\/wp\/v2\/media\/12804"}],"wp:attachment":[{"href":"https:\/\/mamaterra.lt\/pl\/wp-json\/wp\/v2\/media?parent=16145"}],"wp:term":[{"taxonomy":"product_brand","embeddable":true,"href":"https:\/\/mamaterra.lt\/pl\/wp-json\/wp\/v2\/product_brand?post=16145"},{"taxonomy":"product_cat","embeddable":true,"href":"https:\/\/mamaterra.lt\/pl\/wp-json\/wp\/v2\/product_cat?post=16145"},{"taxonomy":"product_tag","embeddable":true,"href":"https:\/\/mamaterra.lt\/pl\/wp-json\/wp\/v2\/product_tag?post=16145"}],"curies":[{"name":"wp","href":"https:\/\/api.w.org\/{rel}","templated":true}]}}