{"id":16143,"date":"2021-09-08T09:55:07","date_gmt":"2021-09-08T08:55:07","guid":{"rendered":"https:\/\/mamaterra.lt\/parduotuve\/bez-kategorii\/doterra-on-guard-musujacy-detergent-do-rak-27ml-z-2-dozownikami\/"},"modified":"2021-09-08T09:55:07","modified_gmt":"2021-09-08T08:55:07","slug":"doterra-on-guard-foaming-myjka-reczna-473ml-z-2-dozownikami","status":"publish","type":"product","link":"https:\/\/mamaterra.lt\/pl\/parduotuve\/olejki-eteryczne\/mieszanki-olejkow-eterycznych\/doterra-on-guard-foaming-myjka-reczna-473ml-z-2-dozownikami\/","title":{"rendered":"doTERRA On Guard\u00ae Musuj\u0105cy detergent do r\u0105k 27ml z 2 dozownikami"},"content":{"rendered":"<p><strong>doTERRA On Guard\u00ae Musuj\u0105cy detergent do r\u0105k 27ml z 2 dozownikami<\/strong><\/p>\n<p>Pieni\u0105cy si\u0119 detergent do r\u0105k &#8211; 473ml<br \/>\nDozownik &#8211; 2 szt. po 236.5ml<\/p>\n<p>&nbsp;<\/p>\n<p><strong>doTERRA On Guard\u00ae Musuj\u0105ce mycie r\u0105k<\/strong><\/p>\n<p>Pieni\u0105cy si\u0119 p\u0142yn do mycia r\u0105k doTERRA On Guard to delikatna, zdrowa alternatywa dla ostrych myde\u0142, kt\u00f3re mog\u0105 wysuszy\u0107 i podra\u017cni\u0107 wra\u017cliw\u0105 sk\u00f3r\u0119. Pomno\u017cona przez moc naturalnie bezpiecznych olejk\u00f3w eterycznych doTERRA CPTG\u00ae, piankowa myjka doTERRA On Guard zapewnia korzy\u015bci ochronne jednej z najpopularniejszych zastrze\u017conych mieszanek olejk\u00f3w eterycznych, doTERRA.<\/p>\n<p>Musuj\u0105ce mycie r\u0105k doTERRA On Guard oczyszcza i zmi\u0119kcza d\u0142onie, nadaj\u0105c orze\u017awiaj\u0105cy aromat olejk\u00f3w eterycznych, kt\u00f3ry pozostawia d\u0142onie \u015bwie\u017co pachn\u0105ce i czyste.<\/p>\n<p>&nbsp;<\/p>\n<p><strong>Dozownik<br \/>\n<\/strong> <strong>doTERRA Bursztynowe kolory Musuj\u0105cy dozownik do mycia r\u0105k<\/strong><\/p>\n<p>2 szt. po 236.5ml<\/p>\n<p><strong>Cechy dozownika do mycia r\u0105k dozownika dozownika do mycia r\u0105k dozownika Amber Colours:<\/strong><\/p>\n<ul>\n<li>Dozownik pieni\u0105cej si\u0119 myjki do r\u0105k w kolorze bursztynowym to idealny spos\u00f3b, aby cieszy\u0107 si\u0119 ulubionymi musuj\u0105cymi myd\u0142ami do r\u0105k doTERRA.<\/li>\n<li>Dzi\u0119ki wyj\u0105tkowemu stylowemu wzornictwu dozownik<b> o pojemno\u015bci 236,5 ml <\/b>wspaniale uzupe\u0142ni ka\u017cd\u0105 kuchni\u0119 lub \u0142azienk\u0119: dzi\u0119ki prostej ulepszonej pompie mo\u017cesz nadal cieszy\u0107 si\u0119 ulubionymi aromatami w domu lub w biurze!<\/li>\n<\/ul>\n<p>Od dzisiaj zauwa\u017cysz, \u017ce dozownik do mycia r\u0105k On Guard\u2122 zostanie zast\u0105piony tym ulepszonym akcesorium do\u0142\u0105czonym do wybranych zestaw\u00f3w doTERRA. Dozownik do mycia r\u0105k On Guard\u2122 nie jest ju\u017c produkowany i od dzi\u015b nie b\u0119dzie ju\u017c dost\u0119pny w zestawach. B\u0119dziesz m\u00f3g\u0142 kupi\u0107 ten dozownik osobno, dop\u00f3ki nie uzyskamy salda tych towar\u00f3w.<\/p>\n<p>Dozownik myjki do r\u0105k dozownik do r\u0105k dozownik musuj\u0105cych doterra Color to idealny spos\u00f3b, aby cieszy\u0107 si\u0119 ulubionymi myd\u0142ami do r\u0105k doterra.<\/p>\n<p>&nbsp;<\/p>\n","protected":false},"excerpt":{"rendered":"<ul>\n<li>2 dozowniki i 1 pieni\u0105cy si\u0119 \u015brodek do mycia r\u0105k<\/li>\n<li>musuj\u0105ce mycie r\u0105k doTERRA On Guard to \u0142agodna, zdrowa alternatywa dla ostrych myde\u0142, kt\u00f3re mog\u0105 wysuszy\u0107 i podra\u017cni\u0107 wra\u017cliw\u0105 sk\u00f3r\u0119<\/li>\n<li>Dozownik myjki do r\u0105k dozownik do r\u0105k dozownik musuj\u0105cych doterra Color to idealny spos\u00f3b, aby cieszy\u0107 si\u0119 ulubionymi myd\u0142ami do r\u0105k doterra.<\/li>\n<\/ul>\n","protected":false},"featured_media":13557,"template":"","meta":{"site-sidebar-layout":"default","site-content-layout":"default","ast-site-content-layout":"default","site-content-style":"default","site-sidebar-style":"default","ast-global-header-display":"","ast-banner-title-visibility":"","ast-main-header-display":"","ast-hfb-above-header-display":"","ast-hfb-below-header-display":"","ast-hfb-mobile-header-display":"","site-post-title":"","ast-breadcrumbs-content":"","ast-featured-img":"","footer-sml-layout":"","ast-disable-related-posts":"","theme-transparent-header-meta":"default","adv-header-id-meta":"","stick-header-meta":"","header-above-stick-meta":"","header-main-stick-meta":"","header-below-stick-meta":"","astra-migrate-meta-layouts":"default","ast-page-background-enabled":"default","ast-page-background-meta":{"desktop":{"background-color":"","background-image":"","background-repeat":"repeat","background-position":"center center","background-size":"auto","background-attachment":"scroll","background-type":"","background-media":"","overlay-type":"","overlay-color":"","overlay-opacity":"","overlay-gradient":""},"tablet":{"background-color":"","background-image":"","background-repeat":"repeat","background-position":"center center","background-size":"auto","background-attachment":"scroll","background-type":"","background-media":"","overlay-type":"","overlay-color":"","overlay-opacity":"","overlay-gradient":""},"mobile":{"background-color":"","background-image":"","background-repeat":"repeat","background-position":"center center","background-size":"auto","background-attachment":"scroll","background-type":"","background-media":"","overlay-type":"","overlay-color":"","overlay-opacity":"","overlay-gradient":""}},"ast-content-background-meta":{"desktop":{"background-color":"var(--ast-global-color-5)","background-image":"","background-repeat":"repeat","background-position":"center center","background-size":"auto","background-attachment":"scroll","background-type":"","background-media":"","overlay-type":"","overlay-color":"","overlay-opacity":"","overlay-gradient":""},"tablet":{"background-color":"var(--ast-global-color-5)","background-image":"","background-repeat":"repeat","background-position":"center center","background-size":"auto","background-attachment":"scroll","background-type":"","background-media":"","overlay-type":"","overlay-color":"","overlay-opacity":"","overlay-gradient":""},"mobile":{"background-color":"var(--ast-global-color-5)","background-image":"","background-repeat":"repeat","background-position":"center center","background-size":"auto","background-attachment":"scroll","background-type":"","background-media":"","overlay-type":"","overlay-color":"","overlay-opacity":"","overlay-gradient":""}}},"product_brand":[],"product_cat":[1711,1702,1747],"product_tag":[854,1442,1591,1621],"class_list":{"0":"post-16143","1":"product","2":"type-product","3":"status-publish","4":"has-post-thumbnail","6":"product_cat-higiena-i-pielegnacja-skory","7":"product_cat-mieszanki-olejkow-eterycznych","8":"product_cat-on-guard-produkty","9":"product_tag-473ml-pl","10":"product_tag-on-guard-pl","11":"product_tag-pianka-do-mycia-rak","12":"product_tag-szafarka-pl","13":"desktop-align-left","14":"tablet-align-left","15":"mobile-align-left","17":"first","18":"outofstock","19":"sale","20":"taxable","21":"shipping-taxable","22":"purchasable","23":"product-type-simple"},"_links":{"self":[{"href":"https:\/\/mamaterra.lt\/pl\/wp-json\/wp\/v2\/product\/16143","targetHints":{"allow":["GET"]}}],"collection":[{"href":"https:\/\/mamaterra.lt\/pl\/wp-json\/wp\/v2\/product"}],"about":[{"href":"https:\/\/mamaterra.lt\/pl\/wp-json\/wp\/v2\/types\/product"}],"wp:featuredmedia":[{"embeddable":true,"href":"https:\/\/mamaterra.lt\/pl\/wp-json\/wp\/v2\/media\/13557"}],"wp:attachment":[{"href":"https:\/\/mamaterra.lt\/pl\/wp-json\/wp\/v2\/media?parent=16143"}],"wp:term":[{"taxonomy":"product_brand","embeddable":true,"href":"https:\/\/mamaterra.lt\/pl\/wp-json\/wp\/v2\/product_brand?post=16143"},{"taxonomy":"product_cat","embeddable":true,"href":"https:\/\/mamaterra.lt\/pl\/wp-json\/wp\/v2\/product_cat?post=16143"},{"taxonomy":"product_tag","embeddable":true,"href":"https:\/\/mamaterra.lt\/pl\/wp-json\/wp\/v2\/product_tag?post=16143"}],"curies":[{"name":"wp","href":"https:\/\/api.w.org\/{rel}","templated":true}]}}