{"id":16140,"date":"2021-04-19T09:56:01","date_gmt":"2021-04-19T08:56:01","guid":{"rendered":"https:\/\/mamaterra.lt\/parduotuve\/bez-kategorii\/mydlo-twarde-doterra-spa-serenity-113g\/"},"modified":"2021-04-19T09:56:01","modified_gmt":"2021-04-19T08:56:01","slug":"doterra-spa-serenity-hard-soap-113g","status":"publish","type":"product","link":"https:\/\/mamaterra.lt\/pl\/parduotuve\/higiena-i-pielegnacja-skory\/doterra-spa-pl\/doterra-spa-serenity-hard-soap-113g\/","title":{"rendered":"myd\u0142o twarde doTERRA SPA Serenity 113g"},"content":{"rendered":"<p><strong>myd\u0142o twarde doTERRA SPA Serenity<\/strong><\/p>\n<p>113 g<\/p>\n<p>&nbsp;<\/p>\n<p><strong>DoTERRA SPA Serenity Hard Soap Opis i cechy og\u00f3lne:<\/strong><\/p>\n<p>myd\u0142o do k\u0105pieli doTERRA SPA Serenity zapewnia wyj\u0105tkowe doznania dozna\u0144, pienienia, aromatu i mycia. Twarde myd\u0142o wzbogacone o koj\u0105c\u0105 i relaksuj\u0105c\u0105 mieszank\u0119 koj\u0105c\u0105 doTERRA Serenity pomo\u017ce Ci poczu\u0107 b\u0142ogi odpoczynek.<\/p>\n<ul>\n<li>Mieszanka olejk\u00f3w eterycznych doTERRA Serenity tworzy uspokajaj\u0105ce \u015brodowisko<\/li>\n<li>Olej z nasion jojoba znany jest z szybkiego wch\u0142aniania i zdolno\u015bci do g\u0142\u0119bokiego nawil\u017cania<\/li>\n<li>Gliceryna pochodzenia ro\u015blinnego nawil\u017ca sk\u00f3r\u0119 i pomaga utrzyma\u0107 jej nawil\u017cenie oraz delikatnie si\u0119 pieni<\/li>\n<li>Sok z li\u015bci aloesu oczyszcza, nawil\u017ca, \u0142agodzi i zmi\u0119kcza sk\u00f3r\u0119<\/li>\n<li>Naturalna glinka kaolinowa nadaje myd\u0142u pi\u0119kny lawendowy odcie\u0144<\/li>\n<\/ul>\n<p>&nbsp;<\/p>\n<p>Wi\u0119cej o tym specjalnym <strong>mydle doTERRA SPA Serenity.<\/strong><\/p>\n<p><iframe title=\"Czysta, g\u0142adka, mi\u0119kka sk\u00f3ra- nawil\u017caj\u0105cy bar do k\u0105pieli doTERRA\u00ae SPA\" src=\"https:\/\/www.youtube.com\/embed\/RO47qxaBCo4\" width=\"946\" height=\"532\" frameborder=\"0\" allowfullscreen=\"allowfullscreen\"><\/iframe><\/p>\n","protected":false},"excerpt":{"rendered":"<ul>\n<li>Mieszanka olejk\u00f3w eterycznych doTERRA Serenity tworzy uspokajaj\u0105ce \u015brodowisko<\/li>\n<li>Olej z nasion jojoba znany jest z szybkiego wch\u0142aniania i zdolno\u015bci do g\u0142\u0119bokiego nawil\u017cania<\/li>\n<li>Gliceryna pochodzenia ro\u015blinnego nawil\u017ca sk\u00f3r\u0119 i pomaga utrzyma\u0107 jej nawil\u017cenie oraz delikatnie si\u0119 pieni<\/li>\n<li>Sok z li\u015bci aloesu oczyszcza, nawil\u017ca, \u0142agodzi i zmi\u0119kcza sk\u00f3r\u0119<\/li>\n<li>Naturalna glinka kaolinowa nadaje myd\u0142u pi\u0119kny lawendowy odcie\u0144<\/li>\n<\/ul>\n","protected":false},"featured_media":13782,"template":"","meta":{"site-sidebar-layout":"default","site-content-layout":"default","ast-site-content-layout":"default","site-content-style":"default","site-sidebar-style":"default","ast-global-header-display":"","ast-banner-title-visibility":"","ast-main-header-display":"","ast-hfb-above-header-display":"","ast-hfb-below-header-display":"","ast-hfb-mobile-header-display":"","site-post-title":"","ast-breadcrumbs-content":"","ast-featured-img":"","footer-sml-layout":"","ast-disable-related-posts":"","theme-transparent-header-meta":"default","adv-header-id-meta":"","stick-header-meta":"","header-above-stick-meta":"","header-main-stick-meta":"","header-below-stick-meta":"","astra-migrate-meta-layouts":"default","ast-page-background-enabled":"default","ast-page-background-meta":{"desktop":{"background-color":"","background-image":"","background-repeat":"repeat","background-position":"center center","background-size":"auto","background-attachment":"scroll","background-type":"","background-media":"","overlay-type":"","overlay-color":"","overlay-opacity":"","overlay-gradient":""},"tablet":{"background-color":"","background-image":"","background-repeat":"repeat","background-position":"center center","background-size":"auto","background-attachment":"scroll","background-type":"","background-media":"","overlay-type":"","overlay-color":"","overlay-opacity":"","overlay-gradient":""},"mobile":{"background-color":"","background-image":"","background-repeat":"repeat","background-position":"center center","background-size":"auto","background-attachment":"scroll","background-type":"","background-media":"","overlay-type":"","overlay-color":"","overlay-opacity":"","overlay-gradient":""}},"ast-content-background-meta":{"desktop":{"background-color":"var(--ast-global-color-5)","background-image":"","background-repeat":"repeat","background-position":"center center","background-size":"auto","background-attachment":"scroll","background-type":"","background-media":"","overlay-type":"","overlay-color":"","overlay-opacity":"","overlay-gradient":""},"tablet":{"background-color":"var(--ast-global-color-5)","background-image":"","background-repeat":"repeat","background-position":"center center","background-size":"auto","background-attachment":"scroll","background-type":"","background-media":"","overlay-type":"","overlay-color":"","overlay-opacity":"","overlay-gradient":""},"mobile":{"background-color":"var(--ast-global-color-5)","background-image":"","background-repeat":"repeat","background-position":"center center","background-size":"auto","background-attachment":"scroll","background-type":"","background-media":"","overlay-type":"","overlay-color":"","overlay-opacity":"","overlay-gradient":""}}},"product_brand":[],"product_cat":[1726,1711],"product_tag":[789,1219,1569,1429],"class_list":{"0":"post-16140","1":"product","2":"type-product","3":"status-publish","4":"has-post-thumbnail","6":"product_cat-doterra-spa-pl","7":"product_cat-higiena-i-pielegnacja-skory","8":"product_tag-113g-pl","9":"product_tag-doterra-spa-pl","10":"product_tag-mydlo","11":"product_tag-serenity-pl","12":"desktop-align-left","13":"tablet-align-left","14":"mobile-align-left","16":"first","17":"instock","18":"taxable","19":"shipping-taxable","20":"purchasable","21":"product-type-simple"},"_links":{"self":[{"href":"https:\/\/mamaterra.lt\/pl\/wp-json\/wp\/v2\/product\/16140","targetHints":{"allow":["GET"]}}],"collection":[{"href":"https:\/\/mamaterra.lt\/pl\/wp-json\/wp\/v2\/product"}],"about":[{"href":"https:\/\/mamaterra.lt\/pl\/wp-json\/wp\/v2\/types\/product"}],"wp:featuredmedia":[{"embeddable":true,"href":"https:\/\/mamaterra.lt\/pl\/wp-json\/wp\/v2\/media\/13782"}],"wp:attachment":[{"href":"https:\/\/mamaterra.lt\/pl\/wp-json\/wp\/v2\/media?parent=16140"}],"wp:term":[{"taxonomy":"product_brand","embeddable":true,"href":"https:\/\/mamaterra.lt\/pl\/wp-json\/wp\/v2\/product_brand?post=16140"},{"taxonomy":"product_cat","embeddable":true,"href":"https:\/\/mamaterra.lt\/pl\/wp-json\/wp\/v2\/product_cat?post=16140"},{"taxonomy":"product_tag","embeddable":true,"href":"https:\/\/mamaterra.lt\/pl\/wp-json\/wp\/v2\/product_tag?post=16140"}],"curies":[{"name":"wp","href":"https:\/\/api.w.org\/{rel}","templated":true}]}}