{"id":16131,"date":"2021-09-08T09:46:38","date_gmt":"2021-09-08T08:46:38","guid":{"rendered":"https:\/\/mamaterra.lt\/parduotuve\/bez-kategorii\/doterra-suplement-on-guard-kapsulki-zelowe-60-kapsulek\/"},"modified":"2021-09-08T09:46:38","modified_gmt":"2021-09-08T08:46:38","slug":"doterra-suplement-on-guard-kapsulki-60-kapsulki","status":"publish","type":"product","link":"https:\/\/mamaterra.lt\/pl\/parduotuve\/olejki-eteryczne\/mieszanki-olejkow-eterycznych\/doterra-suplement-on-guard-kapsulki-60-kapsulki\/","title":{"rendered":"doTERRA Suplement On Guard Kapsu\u0142ki \u017celowe (60 kapsu\u0142ek)"},"content":{"rendered":"<p><strong>doTERRA Suplement On Guard Kapsu\u0142ki \u017celowe<\/strong><\/p>\n<p>60 kapsu\u0142ek<\/p>\n<p>&nbsp;<\/p>\n<p><strong>Suplement doTERRA On Guard Softgels Cechy og\u00f3lne:<\/strong><\/p>\n<p>Kapsu\u0142ki \u017celowe doTERRA On Guard+ \u0142\u0105cz\u0105 opatentowan\u0105 mieszank\u0119 ochronn\u0105 doTERRA On Guard z olejkami eterycznymi z czarnego pieprzu, oregano i melisy, zapewniaj\u0105c dodatkowe wsparcie odporno\u015bci.*<\/p>\n<ul>\n<li>Wspiera zdrowe funkcje uk\u0142adu odporno\u015bciowego i oddechowego*<\/li>\n<li>Wspiera naturaln\u0105 obron\u0119 antyoksydacyjn\u0105 organizmu*<\/li>\n<li>Wspomaga zdrowe kr\u0105\u017cenie krwi*<\/li>\n<li>Energetyzuj\u0105cy i podnosz\u0105cy aromat<\/li>\n<li>doTERRA On Guard to \u015bwietny spos\u00f3b na wzmocnienie i utrzymanie zdrowych funkcji odporno\u015bciowych w przypadku wyst\u0105pienia zagro\u017ce\u0144 sezonowych. *<\/li>\n<li>Preparat doTERRA On Guard nale\u017cy stosowa\u0107 nieregularnie, okazjonalnie w razie potrzeby.<\/li>\n<\/ul>\n<p><strong>doTERRA Suplement On Guard Softgels Og\u00f3lne instrukcje u\u017cytkowania:<\/strong><\/p>\n<p><span class=\"Y2IQFc\" lang=\"lt\">Je\u015bli to konieczne, we\u017a 1 lub wi\u0119cej mi\u0119kkich kapsu\u0142ek \u017celowych, aby stymulowa\u0107 zdrowe funkcje odporno\u015bciowe.<\/span><\/p>\n<p>&nbsp;<\/p>\n<p>Wi\u0119cej o doTERRA On Guard Softgels Supplement.<\/p>\n<p><iframe title=\"Najlepsze wzmocnienie odporno\u015bci dzi\u0119ki kapsu\u0142kom doTERRA On Guard\" src=\"https:\/\/www.youtube.com\/embed\/-AZ2DrqulO8\" width=\"944\" height=\"532\" frameborder=\"0\" allowfullscreen=\"allowfullscreen\"><\/iframe><\/p>\n","protected":false},"excerpt":{"rendered":"<ul>\n<li>Wspiera zdrowe funkcje uk\u0142adu odporno\u015bciowego i oddechowego*<\/li>\n<li>Wspiera naturaln\u0105 obron\u0119 antyoksydacyjn\u0105 organizmu*<\/li>\n<li>Wspomaga zdrowe kr\u0105\u017cenie krwi*<\/li>\n<li>Energetyzuj\u0105cy i podnosz\u0105cy aromat<\/li>\n<\/ul>\n","protected":false},"featured_media":12819,"template":"","meta":{"site-sidebar-layout":"default","site-content-layout":"default","ast-site-content-layout":"default","site-content-style":"default","site-sidebar-style":"default","ast-global-header-display":"","ast-banner-title-visibility":"","ast-main-header-display":"","ast-hfb-above-header-display":"","ast-hfb-below-header-display":"","ast-hfb-mobile-header-display":"","site-post-title":"","ast-breadcrumbs-content":"","ast-featured-img":"","footer-sml-layout":"","ast-disable-related-posts":"","theme-transparent-header-meta":"default","adv-header-id-meta":"","stick-header-meta":"","header-above-stick-meta":"","header-main-stick-meta":"","header-below-stick-meta":"","astra-migrate-meta-layouts":"default","ast-page-background-enabled":"default","ast-page-background-meta":{"desktop":{"background-color":"","background-image":"","background-repeat":"repeat","background-position":"center center","background-size":"auto","background-attachment":"scroll","background-type":"","background-media":"","overlay-type":"","overlay-color":"","overlay-opacity":"","overlay-gradient":""},"tablet":{"background-color":"","background-image":"","background-repeat":"repeat","background-position":"center center","background-size":"auto","background-attachment":"scroll","background-type":"","background-media":"","overlay-type":"","overlay-color":"","overlay-opacity":"","overlay-gradient":""},"mobile":{"background-color":"","background-image":"","background-repeat":"repeat","background-position":"center center","background-size":"auto","background-attachment":"scroll","background-type":"","background-media":"","overlay-type":"","overlay-color":"","overlay-opacity":"","overlay-gradient":""}},"ast-content-background-meta":{"desktop":{"background-color":"var(--ast-global-color-5)","background-image":"","background-repeat":"repeat","background-position":"center center","background-size":"auto","background-attachment":"scroll","background-type":"","background-media":"","overlay-type":"","overlay-color":"","overlay-opacity":"","overlay-gradient":""},"tablet":{"background-color":"var(--ast-global-color-5)","background-image":"","background-repeat":"repeat","background-position":"center center","background-size":"auto","background-attachment":"scroll","background-type":"","background-media":"","overlay-type":"","overlay-color":"","overlay-opacity":"","overlay-gradient":""},"mobile":{"background-color":"var(--ast-global-color-5)","background-image":"","background-repeat":"repeat","background-position":"center center","background-size":"auto","background-attachment":"scroll","background-type":"","background-media":"","overlay-type":"","overlay-color":"","overlay-opacity":"","overlay-gradient":""}}},"product_brand":[],"product_cat":[1702,1698,1747],"product_tag":[1553,1442],"class_list":{"0":"post-16131","1":"product","2":"type-product","3":"status-publish","4":"has-post-thumbnail","6":"product_cat-mieszanki-olejkow-eterycznych","7":"product_cat-olejki-eteryczne","8":"product_cat-on-guard-produkty","9":"product_tag-kapsulki","10":"product_tag-on-guard-pl","11":"desktop-align-left","12":"tablet-align-left","13":"mobile-align-left","15":"first","16":"instock","17":"sale","18":"taxable","19":"shipping-taxable","20":"purchasable","21":"product-type-simple"},"_links":{"self":[{"href":"https:\/\/mamaterra.lt\/pl\/wp-json\/wp\/v2\/product\/16131","targetHints":{"allow":["GET"]}}],"collection":[{"href":"https:\/\/mamaterra.lt\/pl\/wp-json\/wp\/v2\/product"}],"about":[{"href":"https:\/\/mamaterra.lt\/pl\/wp-json\/wp\/v2\/types\/product"}],"wp:featuredmedia":[{"embeddable":true,"href":"https:\/\/mamaterra.lt\/pl\/wp-json\/wp\/v2\/media\/12819"}],"wp:attachment":[{"href":"https:\/\/mamaterra.lt\/pl\/wp-json\/wp\/v2\/media?parent=16131"}],"wp:term":[{"taxonomy":"product_brand","embeddable":true,"href":"https:\/\/mamaterra.lt\/pl\/wp-json\/wp\/v2\/product_brand?post=16131"},{"taxonomy":"product_cat","embeddable":true,"href":"https:\/\/mamaterra.lt\/pl\/wp-json\/wp\/v2\/product_cat?post=16131"},{"taxonomy":"product_tag","embeddable":true,"href":"https:\/\/mamaterra.lt\/pl\/wp-json\/wp\/v2\/product_tag?post=16131"}],"curies":[{"name":"wp","href":"https:\/\/api.w.org\/{rel}","templated":true}]}}