{"id":16128,"date":"2021-04-19T09:47:13","date_gmt":"2021-04-19T08:47:13","guid":{"rendered":"https:\/\/mamaterra.lt\/parduotuve\/bez-kategorii\/doterra-spa-balsam-do-rak-i-ciala-200ml\/"},"modified":"2021-04-19T09:47:13","modified_gmt":"2021-04-19T08:47:13","slug":"doterra-spa-balsam-do-rak-i-ciala-200ml","status":"publish","type":"product","link":"https:\/\/mamaterra.lt\/pl\/parduotuve\/higiena-i-pielegnacja-skory\/doterra-spa-pl\/doterra-spa-balsam-do-rak-i-ciala-200ml\/","title":{"rendered":"doTERRA SPA Balsam do r\u0105k i cia\u0142a 200ml"},"content":{"rendered":"<p><strong>Balsam do r\u0105k i cia\u0142a doTERRA SPA<\/strong><\/p>\n<p>200 ml<\/p>\n<p>&nbsp;<\/p>\n<p><strong>Balsam do r\u0105k i cia\u0142a doTERRA Spa Cechy og\u00f3lne:<\/strong><\/p>\n<p>Rozpieszczaj sk\u00f3r\u0119 balsamem do r\u0105k i cia\u0142a doterra spa \u2013 lekk\u0105, niskot\u0142uszczow\u0105 formu\u0142\u0105 zawieraj\u0105c\u0105 nasiona jojoba i oleje z orzech\u00f3w makadamia, mas\u0142o murumuru i kakao oraz od\u017cywcze ekstrakty ro\u015blinne.<\/p>\n<ul>\n<li>Zapewnia indywidualne doznania aromatyczne dzi\u0119ki prostemu mieszaniu z ulubionym olejkiem eterycznym<\/li>\n<li>Oleje z nasion s\u0142onecznika i orzech\u00f3w makadamia maj\u0105 wyj\u0105tkowe w\u0142a\u015bciwo\u015bci nawil\u017caj\u0105ce i zdolno\u015b\u0107 zatrzymywania wilgoci sk\u00f3ry<\/li>\n<li>Niskot\u0142uszczowa formu\u0142a szybko si\u0119 wch\u0142ania i nadaje sk\u00f3rze zdrowy wygl\u0105d, uczucie mi\u0119kko\u015bci i g\u0142adko\u015bci<\/li>\n<\/ul>\n","protected":false},"excerpt":{"rendered":"<ul>\n<li>Zapewnia indywidualne doznania aromatyczne dzi\u0119ki prostemu mieszaniu z ulubionym olejkiem eterycznym<\/li>\n<li>Oleje z nasion s\u0142onecznika i orzech\u00f3w makadamia maj\u0105 wyj\u0105tkowe w\u0142a\u015bciwo\u015bci nawil\u017caj\u0105ce i zdolno\u015b\u0107 zatrzymywania wilgoci sk\u00f3ry<\/li>\n<li>Niskot\u0142uszczowa formu\u0142a szybko si\u0119 wch\u0142ania i nadaje sk\u00f3rze zdrowy wygl\u0105d, uczucie mi\u0119kko\u015bci i g\u0142adko\u015bci<\/li>\n<\/ul>\n","protected":false},"featured_media":12468,"template":"","meta":{"site-sidebar-layout":"default","site-content-layout":"default","ast-site-content-layout":"default","site-content-style":"default","site-sidebar-style":"default","ast-global-header-display":"","ast-banner-title-visibility":"","ast-main-header-display":"","ast-hfb-above-header-display":"","ast-hfb-below-header-display":"","ast-hfb-mobile-header-display":"","site-post-title":"","ast-breadcrumbs-content":"","ast-featured-img":"","footer-sml-layout":"","ast-disable-related-posts":"","theme-transparent-header-meta":"default","adv-header-id-meta":"","stick-header-meta":"","header-above-stick-meta":"","header-main-stick-meta":"","header-below-stick-meta":"","astra-migrate-meta-layouts":"default","ast-page-background-enabled":"default","ast-page-background-meta":{"desktop":{"background-color":"","background-image":"","background-repeat":"repeat","background-position":"center center","background-size":"auto","background-attachment":"scroll","background-type":"","background-media":"","overlay-type":"","overlay-color":"","overlay-opacity":"","overlay-gradient":""},"tablet":{"background-color":"","background-image":"","background-repeat":"repeat","background-position":"center center","background-size":"auto","background-attachment":"scroll","background-type":"","background-media":"","overlay-type":"","overlay-color":"","overlay-opacity":"","overlay-gradient":""},"mobile":{"background-color":"","background-image":"","background-repeat":"repeat","background-position":"center center","background-size":"auto","background-attachment":"scroll","background-type":"","background-media":"","overlay-type":"","overlay-color":"","overlay-opacity":"","overlay-gradient":""}},"ast-content-background-meta":{"desktop":{"background-color":"var(--ast-global-color-5)","background-image":"","background-repeat":"repeat","background-position":"center center","background-size":"auto","background-attachment":"scroll","background-type":"","background-media":"","overlay-type":"","overlay-color":"","overlay-opacity":"","overlay-gradient":""},"tablet":{"background-color":"var(--ast-global-color-5)","background-image":"","background-repeat":"repeat","background-position":"center center","background-size":"auto","background-attachment":"scroll","background-type":"","background-media":"","overlay-type":"","overlay-color":"","overlay-opacity":"","overlay-gradient":""},"mobile":{"background-color":"var(--ast-global-color-5)","background-image":"","background-repeat":"repeat","background-position":"center center","background-size":"auto","background-attachment":"scroll","background-type":"","background-media":"","overlay-type":"","overlay-color":"","overlay-opacity":"","overlay-gradient":""}}},"product_brand":[],"product_cat":[1726,1711],"product_tag":[822,1643,1219],"class_list":{"0":"post-16128","1":"product","2":"type-product","3":"status-publish","4":"has-post-thumbnail","6":"product_cat-doterra-spa-pl","7":"product_cat-higiena-i-pielegnacja-skory","8":"product_tag-200-ml-pl","9":"product_tag-balsamy-pl","10":"product_tag-doterra-spa-pl","11":"desktop-align-left","12":"tablet-align-left","13":"mobile-align-left","15":"first","16":"instock","17":"taxable","18":"shipping-taxable","19":"purchasable","20":"product-type-simple"},"_links":{"self":[{"href":"https:\/\/mamaterra.lt\/pl\/wp-json\/wp\/v2\/product\/16128","targetHints":{"allow":["GET"]}}],"collection":[{"href":"https:\/\/mamaterra.lt\/pl\/wp-json\/wp\/v2\/product"}],"about":[{"href":"https:\/\/mamaterra.lt\/pl\/wp-json\/wp\/v2\/types\/product"}],"wp:featuredmedia":[{"embeddable":true,"href":"https:\/\/mamaterra.lt\/pl\/wp-json\/wp\/v2\/media\/12468"}],"wp:attachment":[{"href":"https:\/\/mamaterra.lt\/pl\/wp-json\/wp\/v2\/media?parent=16128"}],"wp:term":[{"taxonomy":"product_brand","embeddable":true,"href":"https:\/\/mamaterra.lt\/pl\/wp-json\/wp\/v2\/product_brand?post=16128"},{"taxonomy":"product_cat","embeddable":true,"href":"https:\/\/mamaterra.lt\/pl\/wp-json\/wp\/v2\/product_cat?post=16128"},{"taxonomy":"product_tag","embeddable":true,"href":"https:\/\/mamaterra.lt\/pl\/wp-json\/wp\/v2\/product_tag?post=16128"}],"curies":[{"name":"wp","href":"https:\/\/api.w.org\/{rel}","templated":true}]}}