{"id":16124,"date":"2021-09-08T09:53:08","date_gmt":"2021-09-08T08:53:08","guid":{"rendered":"https:\/\/mamaterra.lt\/parduotuve\/bez-kategorii\/doterra-pastylki-do-ssania-krople-do-zdrowego-gardla-120g\/"},"modified":"2021-09-08T09:53:08","modified_gmt":"2021-09-08T08:53:08","slug":"doterra-on-guard-pastilles-healthy-throat-drops-120g","status":"publish","type":"product","link":"https:\/\/mamaterra.lt\/pl\/parduotuve\/olejki-eteryczne\/mieszanki-olejkow-eterycznych\/doterra-on-guard-pastilles-healthy-throat-drops-120g\/","title":{"rendered":"DoTERRA Pastylki do ssania (krople do zdrowego gard\u0142a) 120g"},"content":{"rendered":"<p><strong>doTERRA On Guard\u00ae Zamra\u017canie S\u0142odyczy &#8211; Pastylki do ssania (krople do zdrowego gard\u0142a)<\/strong><\/p>\n<p>120g &#8211; 30 pastylek do ssania<\/p>\n<p>&nbsp;<\/p>\n<p>Pastylki do ssania doTERRA On Guard to wygodny spos\u00f3b na uzyskanie korzystnych w\u0142a\u015bciwo\u015bci wspomagaj\u0105cej uk\u0142ad odporno\u015bciowy opatentowanej przez doTERRA On Guard mieszanki olejk\u00f3w eterycznych w ca\u0142kowicie naturalnych pastylek do ssania na gard\u0142o.<\/p>\n<p><strong>Podstawowe korzy\u015bci z zamra\u017cania cukierk\u00f3w doTERRA On Guard\u00ae:<\/strong><\/p>\n<ul>\n<li>Pomaga ukoi\u0107 i zmi\u0119kczy\u0107 suche, opuchni\u0119te gard\u0142o.<\/li>\n<li>Pomaga wzmocni\u0107 si\u0142y obronne organizmu.<\/li>\n<li>Opatentowana mieszanka kropli do gard\u0142a doTERRA On Guard sk\u0142adaj\u0105ca si\u0119 z czystego, przetestowanego olejku eterycznego z certyfikatem CPTG, w tym olejk\u00f3w eterycznych z dzikiej pomara\u0144czy, go\u017adzik\u00f3w, cynamonu, eukaliptusa, rozmarynu i mirry, wygodnie pakowanych w oddzielne krople.<\/li>\n<li>Zmieszany ze s\u0142odk\u0105 baz\u0105 organicznego cukru trzcinowego i organicznego syropu z br\u0105zowego ry\u017cu, bez \u017cadnych sztucznych aromat\u00f3w i barwnik\u00f3w.<\/li>\n<\/ul>\n<p><strong>Instrukcja u\u017cytkowania cukierk\u00f3w do zamra\u017cania doTERRA On Guard\u00ae:<\/strong><\/p>\n<p>W razie potrzeby chwy\u0107 jedn\u0105 pastylk\u0119 doTERRA On Guard Protecting Throat. Aby uzyska\u0107 najlepsze rezultaty, u\u017cywaj pastylek do ssania doTERRA On Guard do gard\u0142a przez ca\u0142y dzie\u0144 i cz\u0119sto myj r\u0119ce musuj\u0105cym p\u0142ynem do mycia r\u0105k doTERRA On Guard.<\/p>\n<p>&nbsp;<\/p>\n<p>Wi\u0119cej o s\u0142odyczach\u00ae doTERRA On Guard.<\/p>\n<p><iframe title=\"doTERRA On Guard\u00ae Zdrowe krople do gard\u0142a\" src=\"https:\/\/www.youtube.com\/embed\/QizrEXA9XqI\" width=\"946\" height=\"532\" frameborder=\"0\" allowfullscreen=\"allowfullscreen\"><\/iframe><\/p>\n","protected":false},"excerpt":{"rendered":"<ul>\n<li>Pastylki do ssania doTERRA On Guard to wygodny spos\u00f3b na uzyskanie korzystnych w\u0142a\u015bciwo\u015bci wspomagaj\u0105cej uk\u0142ad odporno\u015bciowy doTERRA On Guard, opatentowanej mieszanki olejk\u00f3w eterycznych w ca\u0142kowicie naturalnych pastykach do ssania na gard\u0142o<\/li>\n<li>Pomaga ukoi\u0107 i zmi\u0119kczy\u0107 suche, opuchni\u0119te gard\u0142o<\/li>\n<li>Pomaga wzmocni\u0107 si\u0142y obronne organizmu<\/li>\n<\/ul>\n","protected":false},"featured_media":12825,"template":"","meta":{"site-sidebar-layout":"default","site-content-layout":"default","ast-site-content-layout":"default","site-content-style":"default","site-sidebar-style":"default","ast-global-header-display":"","ast-banner-title-visibility":"","ast-main-header-display":"","ast-hfb-above-header-display":"","ast-hfb-below-header-display":"","ast-hfb-mobile-header-display":"","site-post-title":"","ast-breadcrumbs-content":"","ast-featured-img":"","footer-sml-layout":"","ast-disable-related-posts":"","theme-transparent-header-meta":"default","adv-header-id-meta":"","stick-header-meta":"","header-above-stick-meta":"","header-main-stick-meta":"","header-below-stick-meta":"","astra-migrate-meta-layouts":"default","ast-page-background-enabled":"default","ast-page-background-meta":{"desktop":{"background-color":"","background-image":"","background-repeat":"repeat","background-position":"center center","background-size":"auto","background-attachment":"scroll","background-type":"","background-media":"","overlay-type":"","overlay-color":"","overlay-opacity":"","overlay-gradient":""},"tablet":{"background-color":"","background-image":"","background-repeat":"repeat","background-position":"center center","background-size":"auto","background-attachment":"scroll","background-type":"","background-media":"","overlay-type":"","overlay-color":"","overlay-opacity":"","overlay-gradient":""},"mobile":{"background-color":"","background-image":"","background-repeat":"repeat","background-position":"center center","background-size":"auto","background-attachment":"scroll","background-type":"","background-media":"","overlay-type":"","overlay-color":"","overlay-opacity":"","overlay-gradient":""}},"ast-content-background-meta":{"desktop":{"background-color":"var(--ast-global-color-5)","background-image":"","background-repeat":"repeat","background-position":"center center","background-size":"auto","background-attachment":"scroll","background-type":"","background-media":"","overlay-type":"","overlay-color":"","overlay-opacity":"","overlay-gradient":""},"tablet":{"background-color":"var(--ast-global-color-5)","background-image":"","background-repeat":"repeat","background-position":"center center","background-size":"auto","background-attachment":"scroll","background-type":"","background-media":"","overlay-type":"","overlay-color":"","overlay-opacity":"","overlay-gradient":""},"mobile":{"background-color":"var(--ast-global-color-5)","background-image":"","background-repeat":"repeat","background-position":"center center","background-size":"auto","background-attachment":"scroll","background-type":"","background-media":"","overlay-type":"","overlay-color":"","overlay-opacity":"","overlay-gradient":""}}},"product_brand":[],"product_cat":[1755,1702,1698,1747],"product_tag":[1661,1442,1648],"class_list":{"0":"post-16124","1":"product","2":"type-product","3":"status-publish","4":"has-post-thumbnail","6":"product_cat-dla-dzieci","7":"product_cat-mieszanki-olejkow-eterycznych","8":"product_cat-olejki-eteryczne","9":"product_cat-on-guard-produkty","10":"product_tag-cukierki","11":"product_tag-on-guard-pl","12":"product_tag-pastylki","13":"desktop-align-left","14":"tablet-align-left","15":"mobile-align-left","17":"first","18":"instock","19":"sale","20":"taxable","21":"shipping-taxable","22":"purchasable","23":"product-type-simple"},"_links":{"self":[{"href":"https:\/\/mamaterra.lt\/pl\/wp-json\/wp\/v2\/product\/16124","targetHints":{"allow":["GET"]}}],"collection":[{"href":"https:\/\/mamaterra.lt\/pl\/wp-json\/wp\/v2\/product"}],"about":[{"href":"https:\/\/mamaterra.lt\/pl\/wp-json\/wp\/v2\/types\/product"}],"wp:featuredmedia":[{"embeddable":true,"href":"https:\/\/mamaterra.lt\/pl\/wp-json\/wp\/v2\/media\/12825"}],"wp:attachment":[{"href":"https:\/\/mamaterra.lt\/pl\/wp-json\/wp\/v2\/media?parent=16124"}],"wp:term":[{"taxonomy":"product_brand","embeddable":true,"href":"https:\/\/mamaterra.lt\/pl\/wp-json\/wp\/v2\/product_brand?post=16124"},{"taxonomy":"product_cat","embeddable":true,"href":"https:\/\/mamaterra.lt\/pl\/wp-json\/wp\/v2\/product_cat?post=16124"},{"taxonomy":"product_tag","embeddable":true,"href":"https:\/\/mamaterra.lt\/pl\/wp-json\/wp\/v2\/product_tag?post=16124"}],"curies":[{"name":"wp","href":"https:\/\/api.w.org\/{rel}","templated":true}]}}