{"id":16115,"date":"2021-04-19T09:50:08","date_gmt":"2021-04-19T08:50:08","guid":{"rendered":"https:\/\/mamaterra.lt\/parduotuve\/bez-kategorii\/doterra-citrus-bliss-ozywcze-mydlo-w-postaci-stalej-113g\/"},"modified":"2021-04-19T09:50:08","modified_gmt":"2021-04-19T08:50:08","slug":"doterra-cytrusy-blogosc-twarde-mydlo-113g","status":"publish","type":"product","link":"https:\/\/mamaterra.lt\/pl\/parduotuve\/higiena-i-pielegnacja-skory\/doterra-spa-pl\/doterra-cytrusy-blogosc-twarde-mydlo-113g\/","title":{"rendered":"doTERRA CITRUS BLISS\u2122 O\u017cywcze myd\u0142o w postaci sta\u0142ej 113g"},"content":{"rendered":"<p><strong>DOTERRA CITRUS BLISS\u2122 Orze\u017awiaj\u0105ce myd\u0142o w postaci sta\u0142ej<\/strong><\/p>\n<p>113 g<\/p>\n<p>&nbsp;<\/p>\n<p><strong>DOTERRA CITRUS BLISS\u2122 VIVACITY Nadaj\u0105c twarde myd\u0142o Og\u00f3lne w\u0142a\u015bciwo\u015bci:<\/strong><\/p>\n<p>Orze\u017awiaj\u0105ce twarde myd\u0142o Citrus Bliss poprawia nastr\u00f3j, doskonale oczyszcza i nadaje codziennej rutynie \u0142adunek energii. Unikalna, opatentowana mieszanka olejk\u00f3w eterycznych doTERRA Citrus Bliss harmonijnie tworzy podnosz\u0105cy na duchu aromat.<\/p>\n<ul>\n<li>Olejki eteryczne z dzikiej pomara\u0144czy, cytryny, grejpfruta, mandarynki, bergamotki, czerwonej mandarynki i klementynek w cytrusowym Bliss pomog\u0105 Ci si\u0119 zrelaksowa\u0107 i rozja\u015bni\u0107 nastr\u00f3j<\/li>\n<li>Z\u0142uszczaj\u0105ce dzia\u0142anie granulatu wosku s\u0142onecznikowego i proszku ze sk\u00f3rki pomara\u0144czowej nadaje sk\u00f3rze \u0142agodn\u0105 mi\u0119kko\u015b\u0107, g\u0142adko\u015b\u0107 i stymuluje regeneracj\u0119 sk\u00f3ry<\/li>\n<li>Gliceryna ekstrahowana z warzyw nawil\u017ca sk\u00f3r\u0119 i pomaga zachowa\u0107 jej nawil\u017cenie, zapewniaj\u0105c jednocze\u015bnie \u0142atwe stosowanie produktu i delikatne pienienie<\/li>\n<\/ul>\n","protected":false},"excerpt":{"rendered":"<ul>\n<li>Olejki eteryczne z dzikiej pomara\u0144czy, cytryny, grejpfruta, mandarynki, bergamotki, czerwonej mandarynki i klementynek w cytrusowym Bliss pomog\u0105 Ci si\u0119 zrelaksowa\u0107 i rozja\u015bni\u0107 nastr\u00f3j<\/li>\n<li>Z\u0142uszczaj\u0105ce dzia\u0142anie granulatu wosku s\u0142onecznikowego i proszku ze sk\u00f3rki pomara\u0144czowej nadaje sk\u00f3rze \u0142agodn\u0105 mi\u0119kko\u015b\u0107, g\u0142adko\u015b\u0107 i stymuluje regeneracj\u0119 sk\u00f3ry<\/li>\n<li>Gliceryna ekstrahowana z warzyw nawil\u017ca sk\u00f3r\u0119 i pomaga zachowa\u0107 jej nawil\u017cenie, zapewniaj\u0105c jednocze\u015bnie \u0142atwe stosowanie produktu i delikatne pienienie<\/li>\n<\/ul>\n","protected":false},"featured_media":12480,"template":"","meta":{"site-sidebar-layout":"default","site-content-layout":"default","ast-site-content-layout":"default","site-content-style":"default","site-sidebar-style":"default","ast-global-header-display":"","ast-banner-title-visibility":"","ast-main-header-display":"","ast-hfb-above-header-display":"","ast-hfb-below-header-display":"","ast-hfb-mobile-header-display":"","site-post-title":"","ast-breadcrumbs-content":"","ast-featured-img":"","footer-sml-layout":"","ast-disable-related-posts":"","theme-transparent-header-meta":"default","adv-header-id-meta":"","stick-header-meta":"","header-above-stick-meta":"","header-main-stick-meta":"","header-below-stick-meta":"","astra-migrate-meta-layouts":"default","ast-page-background-enabled":"default","ast-page-background-meta":{"desktop":{"background-color":"","background-image":"","background-repeat":"repeat","background-position":"center center","background-size":"auto","background-attachment":"scroll","background-type":"","background-media":"","overlay-type":"","overlay-color":"","overlay-opacity":"","overlay-gradient":""},"tablet":{"background-color":"","background-image":"","background-repeat":"repeat","background-position":"center center","background-size":"auto","background-attachment":"scroll","background-type":"","background-media":"","overlay-type":"","overlay-color":"","overlay-opacity":"","overlay-gradient":""},"mobile":{"background-color":"","background-image":"","background-repeat":"repeat","background-position":"center center","background-size":"auto","background-attachment":"scroll","background-type":"","background-media":"","overlay-type":"","overlay-color":"","overlay-opacity":"","overlay-gradient":""}},"ast-content-background-meta":{"desktop":{"background-color":"var(--ast-global-color-5)","background-image":"","background-repeat":"repeat","background-position":"center center","background-size":"auto","background-attachment":"scroll","background-type":"","background-media":"","overlay-type":"","overlay-color":"","overlay-opacity":"","overlay-gradient":""},"tablet":{"background-color":"var(--ast-global-color-5)","background-image":"","background-repeat":"repeat","background-position":"center center","background-size":"auto","background-attachment":"scroll","background-type":"","background-media":"","overlay-type":"","overlay-color":"","overlay-opacity":"","overlay-gradient":""},"mobile":{"background-color":"var(--ast-global-color-5)","background-image":"","background-repeat":"repeat","background-position":"center center","background-size":"auto","background-attachment":"scroll","background-type":"","background-media":"","overlay-type":"","overlay-color":"","overlay-opacity":"","overlay-gradient":""}}},"product_brand":[],"product_cat":[1726,1711],"product_tag":[789,1219,1569],"class_list":{"0":"post-16115","1":"product","2":"type-product","3":"status-publish","4":"has-post-thumbnail","6":"product_cat-doterra-spa-pl","7":"product_cat-higiena-i-pielegnacja-skory","8":"product_tag-113g-pl","9":"product_tag-doterra-spa-pl","10":"product_tag-mydlo","11":"desktop-align-left","12":"tablet-align-left","13":"mobile-align-left","15":"first","16":"instock","17":"sale","18":"taxable","19":"shipping-taxable","20":"purchasable","21":"product-type-simple"},"_links":{"self":[{"href":"https:\/\/mamaterra.lt\/pl\/wp-json\/wp\/v2\/product\/16115","targetHints":{"allow":["GET"]}}],"collection":[{"href":"https:\/\/mamaterra.lt\/pl\/wp-json\/wp\/v2\/product"}],"about":[{"href":"https:\/\/mamaterra.lt\/pl\/wp-json\/wp\/v2\/types\/product"}],"wp:featuredmedia":[{"embeddable":true,"href":"https:\/\/mamaterra.lt\/pl\/wp-json\/wp\/v2\/media\/12480"}],"wp:attachment":[{"href":"https:\/\/mamaterra.lt\/pl\/wp-json\/wp\/v2\/media?parent=16115"}],"wp:term":[{"taxonomy":"product_brand","embeddable":true,"href":"https:\/\/mamaterra.lt\/pl\/wp-json\/wp\/v2\/product_brand?post=16115"},{"taxonomy":"product_cat","embeddable":true,"href":"https:\/\/mamaterra.lt\/pl\/wp-json\/wp\/v2\/product_cat?post=16115"},{"taxonomy":"product_tag","embeddable":true,"href":"https:\/\/mamaterra.lt\/pl\/wp-json\/wp\/v2\/product_tag?post=16115"}],"curies":[{"name":"wp","href":"https:\/\/api.w.org\/{rel}","templated":true}]}}